{"id":9589,"date":"2021-10-04T22:18:36","date_gmt":"2021-10-04T22:18:36","guid":{"rendered":"https:\/\/amd-bl.website\/?product=wpk8-crevo-za-pumpanje-tockova-8-m-metalni-krajevi"},"modified":"2025-11-11T11:37:01","modified_gmt":"2025-11-11T11:37:01","slug":"wpk8-crevo-za-pumpanje-tockova-8-m-metalni-krajevi","status":"publish","type":"product","link":"https:\/\/amd-bl.website\/?product=wpk8-crevo-za-pumpanje-tockova-8-m-metalni-krajevi","title":{"rendered":"WPK8 Crijevo  8m sa metalnim krajevima"},"content":{"rendered":"<h3>Crijevo za napuhavanje guma, 8 m, metalni krajevi<\/h3>\n<p>Opis:<br \/>\nXL MOTO crijevo za napuhavanje guma je troslojna konstrukcija dizajnirana za rad sa kompresorima i kompresorima.\u00a0Unutra\u0161nji pre\u010dnik creva je 5 mm, \u0161to omogu\u0107ava protok vazduha neophodan za naduvavanje guma.\u00a0Vanjski sloj od PVC-a osigurava fleksibilnost i lako\u0107u, istovremeno \u0161titi od mehani\u010dkih o\u0161te\u0107enja.\u00a0Unutra\u0161nja pletenica od poliesterskih niti pove\u0107ava otpornost creva na radni pritisak i pritisak na pucanje.\u00a0Proizvod je opremljen metalnim vrhovima koji omogu\u0107avaju jednostavno i sigurno spajanje na kompresor i ventil kota\u010da.\u00a0Crijevo je otporno na niske i visoke temperature kao i na UV zra\u010denje.\u00a0Ne sadr\u017ei \u0161tetne materije kao \u0161to su kadmij, barijum ili olovo.<\/p>\n<p>Dimenzije:<br \/>\nUkupna du\u017eina: 8m<br \/>\nUnutra\u0161nji pre\u010dnik: 5mm<br \/>\nDebljina zida: 2mm<\/p>\n<p>Karakteristike:<br \/>\n&#8211; 3-slojna konstrukcija<br \/>\n&#8211; Me\u0111usloj od zadebljane poliesterske pletenice<br \/>\n&#8211; Od PVC -a<br \/>\n&#8211; Fleksibilnost i lako\u0107a<br \/>\n&#8211; Otpornost na mehani\u010dka o\u0161te\u0107enja<br \/>\n&#8211; Rad u temperaturnom opsegu od &#8211; 20\u00b0C do +60\u00b0C<br \/>\n&#8211; Metalni vrhovi<br \/>\n&#8211; Otpornost na UV zra\u010denje<br \/>\n&#8211; Sigurno za zdravlje (bez kadmijuma, barijuma, olova)<\/p>\n<p>Parametri:<br \/>\n\u0160ifra proizvoda: WPK8<br \/>\nMarka proizvoda: XL MOTO<br \/>\nTe\u017eina proizvoda: 0,579 kg<br \/>\nJedinica mjere: kom<br \/>\nEAN13 bar kod: 5907630116864<\/p>\n","protected":false},"excerpt":{"rendered":"<p>Crijevo za napuhavanje guma, 8 m, metalni krajevi Opis: XL MOTO crijevo za napuhavanje guma je troslojna konstrukcija dizajnirana za rad sa kompresorima i kompresorima.\u00a0Unutra\u0161nji pre\u010dnik creva je 5 mm, \u0161to omogu\u0107ava protok vazduha neophodan za naduvavanje guma.\u00a0Vanjski sloj od PVC-a osigurava fleksibilnost i lako\u0107u, istovremeno \u0161titi od mehani\u010dkih o\u0161te\u0107enja.\u00a0Unutra\u0161nja pletenica od poliesterskih niti pove\u0107ava [&hellip;]<\/p>\n","protected":false},"featured_media":17375,"comment_status":"closed","ping_status":"closed","template":"","meta":{"pagelayer_contact_templates":[],"_pagelayer_content":""},"product_brand":[],"product_cat":[157,166],"product_tag":[],"class_list":{"0":"post-9589","1":"product","2":"type-product","3":"status-publish","4":"has-post-thumbnail","6":"product_cat-roba-na-akciji","7":"product_cat-pneumatski-alat","9":"first","10":"instock","11":"sale","12":"shipping-taxable","13":"purchasable","14":"product-type-simple"},"_links":{"self":[{"href":"https:\/\/amd-bl.website\/index.php?rest_route=\/wp\/v2\/product\/9589","targetHints":{"allow":["GET"]}}],"collection":[{"href":"https:\/\/amd-bl.website\/index.php?rest_route=\/wp\/v2\/product"}],"about":[{"href":"https:\/\/amd-bl.website\/index.php?rest_route=\/wp\/v2\/types\/product"}],"replies":[{"embeddable":true,"href":"https:\/\/amd-bl.website\/index.php?rest_route=%2Fwp%2Fv2%2Fcomments&post=9589"}],"wp:featuredmedia":[{"embeddable":true,"href":"https:\/\/amd-bl.website\/index.php?rest_route=\/wp\/v2\/media\/17375"}],"wp:attachment":[{"href":"https:\/\/amd-bl.website\/index.php?rest_route=%2Fwp%2Fv2%2Fmedia&parent=9589"}],"wp:term":[{"taxonomy":"product_brand","embeddable":true,"href":"https:\/\/amd-bl.website\/index.php?rest_route=%2Fwp%2Fv2%2Fproduct_brand&post=9589"},{"taxonomy":"product_cat","embeddable":true,"href":"https:\/\/amd-bl.website\/index.php?rest_route=%2Fwp%2Fv2%2Fproduct_cat&post=9589"},{"taxonomy":"product_tag","embeddable":true,"href":"https:\/\/amd-bl.website\/index.php?rest_route=%2Fwp%2Fv2%2Fproduct_tag&post=9589"}],"curies":[{"name":"wp","href":"https:\/\/api.w.org\/{rel}","templated":true}]}}