{"id":9547,"date":"2021-10-04T22:18:30","date_gmt":"2021-10-04T22:18:30","guid":{"rendered":"https:\/\/amd-bl.website\/?product=mff04-cekic-od-stakloplastike-400gr-pro"},"modified":"2025-11-11T11:22:44","modified_gmt":"2025-11-11T11:22:44","slug":"mff04-cekic-od-stakloplastike-400gr-pro","status":"publish","type":"product","link":"https:\/\/amd-bl.website\/?product=mff04-cekic-od-stakloplastike-400gr-pro","title":{"rendered":"MFF04 \u010ceki\u0107 400gr"},"content":{"rendered":"<h3><span>Bravarski \u010deki\u0107 od fiberglasa 400gr PRO<\/span><\/h3>\n<p><span>Bravarski \u010deki\u0107 od stakloplastike PRO 400gr je nezamjenjiv alat za razne vrste radova, kako kod ku\u0107e, u gara\u017ei, u radionici, tako i tokom profesionalnog rada.\u00a0\u010ceki\u0107 je opremljen dr\u0161kom od fiberglasa, \u0161to ga \u010dini izdr\u017eljivijim i otpornijim na o\u0161te\u0107enja u odnosu na tradicionalnu drvenu dr\u0161ku.\u00a0Dr\u0161ka \u010deki\u0107a je presvu\u010dena gumom koja osigurava \u010dvrst i udoban hvat \u010dak i tokom dugotrajne upotrebe.<\/span><\/p>\n<p><span>Najva\u017enije karakteristike i parametri \u010deki\u0107a:<\/span><\/p>\n<p><span>&#8211; Dr\u0161ka od fiberglasa garantuje mnogo bolju apsorpciju vibracija od tradicionalne drvene osovine, \u0161to uti\u010de na udobnost rada i smanjuje rizik od povreda.<\/span><br \/>\n<span>&#8211; Te\u017eina glave je 400 grama, \u0161to \u010dini alat lakim za upotrebu i daje odli\u010dne rezultate.<\/span><br \/>\n<span>&#8211; Brend proizvoda je PRO-TECHNIK, \u0161to dokazuje visok kvalitet izrade i trajnost alata.<\/span><\/p>\n<p><span>Bravarski \u010deki\u0107 od stakloplastike PRO od 400gr je nezamjenjiv alat kako za profesionalne bravare tako i za DIY entuzijaste.\u00a0Njegova univerzalna upotreba zna\u010di da se mo\u017ee koristiti za razne radove, kao \u0161to su popravka, monta\u017ea, utiskivanje eksera ili \u010du\u010danj.<\/span><\/p>\n<p><span>Tehni\u010dki parametri:<\/span><br \/>\n<span>&#8211; Te\u017eina: 400 grama<\/span><br \/>\n<span>&#8211; Materijal ru\u010dke: fiberglas<\/span><br \/>\n<span>&#8211; Materijal ru\u010dke: guma<\/span><br \/>\n<span>&#8211; \u0160ifra proizvoda: MFF04<\/span><br \/>\n<span>&#8211; EAN13 Bar kod: 5907630189592<\/span><\/p>\n<p><span>Bravarski \u010deki\u0107 od fiberglasa 400gr PRO je \u010dvrst i prakti\u010dan alat koji osigurava udobnost i sigurnost tokom rada.\u00a0Njegova izdr\u017eljiva konstrukcija i inovativna tehni\u010dka rje\u0161enja \u010dine ga izuzetno funkcionalnim i vrijednim alatom.<\/span><\/p>\n","protected":false},"excerpt":{"rendered":"<p>Bravarski \u010deki\u0107 od fiberglasa 400gr PRO Bravarski \u010deki\u0107 od stakloplastike PRO 400gr je nezamjenjiv alat za razne vrste radova, kako kod ku\u0107e, u gara\u017ei, u radionici, tako i tokom profesionalnog rada.\u00a0\u010ceki\u0107 je opremljen dr\u0161kom od fiberglasa, \u0161to ga \u010dini izdr\u017eljivijim i otpornijim na o\u0161te\u0107enja u odnosu na tradicionalnu drvenu dr\u0161ku.\u00a0Dr\u0161ka \u010deki\u0107a je presvu\u010dena gumom koja [&hellip;]<\/p>\n","protected":false},"featured_media":9619,"comment_status":"closed","ping_status":"closed","template":"","meta":{"pagelayer_contact_templates":[],"_pagelayer_content":""},"product_brand":[],"product_cat":[157,158],"product_tag":[],"class_list":{"0":"post-9547","1":"product","2":"type-product","3":"status-publish","4":"has-post-thumbnail","6":"product_cat-roba-na-akciji","7":"product_cat-cekici","9":"first","10":"instock","11":"sale","12":"shipping-taxable","13":"purchasable","14":"product-type-simple"},"_links":{"self":[{"href":"https:\/\/amd-bl.website\/index.php?rest_route=\/wp\/v2\/product\/9547","targetHints":{"allow":["GET"]}}],"collection":[{"href":"https:\/\/amd-bl.website\/index.php?rest_route=\/wp\/v2\/product"}],"about":[{"href":"https:\/\/amd-bl.website\/index.php?rest_route=\/wp\/v2\/types\/product"}],"replies":[{"embeddable":true,"href":"https:\/\/amd-bl.website\/index.php?rest_route=%2Fwp%2Fv2%2Fcomments&post=9547"}],"wp:featuredmedia":[{"embeddable":true,"href":"https:\/\/amd-bl.website\/index.php?rest_route=\/wp\/v2\/media\/9619"}],"wp:attachment":[{"href":"https:\/\/amd-bl.website\/index.php?rest_route=%2Fwp%2Fv2%2Fmedia&parent=9547"}],"wp:term":[{"taxonomy":"product_brand","embeddable":true,"href":"https:\/\/amd-bl.website\/index.php?rest_route=%2Fwp%2Fv2%2Fproduct_brand&post=9547"},{"taxonomy":"product_cat","embeddable":true,"href":"https:\/\/amd-bl.website\/index.php?rest_route=%2Fwp%2Fv2%2Fproduct_cat&post=9547"},{"taxonomy":"product_tag","embeddable":true,"href":"https:\/\/amd-bl.website\/index.php?rest_route=%2Fwp%2Fv2%2Fproduct_tag&post=9547"}],"curies":[{"name":"wp","href":"https:\/\/api.w.org\/{rel}","templated":true}]}}