{"id":9526,"date":"2021-10-04T22:18:26","date_gmt":"2021-10-04T22:18:26","guid":{"rendered":"https:\/\/amd-bl.website\/?product=53853-set-hss-burgija-1-10mm"},"modified":"2026-03-14T14:33:33","modified_gmt":"2026-03-14T14:33:33","slug":"53853-set-hss-burgija-1-10mm","status":"publish","type":"product","link":"https:\/\/amd-bl.website\/?product=53853-set-hss-burgija-1-10mm","title":{"rendered":"53853 SET HSS BURGIJA 1-10mm"},"content":{"rendered":"<pre><strong><span dir=\"auto\">EAN:<\/span><\/strong><span dir=\"auto\">\u00a08435034538533\r\n<\/span>\r\n<span dir=\"auto\">Materijal: HSS 4241 CRNA<\/span>\r\n<span dir=\"auto\">Veli\u010dine: 1.0, 1.5, 2, 2.5, 3, 3.5, 4, 4.5, 5 , 5.5, 6, 6.5, 7, 7.5, 8, 8.5, 9, 9.5, 10mm<\/span>\r\n\r\n<span dir=\"auto\"><strong>Uklju\u010duje 19 svrdla:<\/strong>\r\n<\/span>\r\n<span dir=\"auto\">14843 HSS <\/span><span dir=\"auto\">4241 CRNA Spiralno <\/span><span dir=\"auto\">svrdlo 1x34mm \r\n14844 HSS 4241 CRNA <\/span><span dir=\"auto\">Spiralno svrdlo 1.5x40mm \r\n14845 HSS 4241 CRNA Spiralno svrdlo 2x49mm \r\n14846 HSS 4241 CRNA Spiralno svrdlo <\/span><span dir=\"auto\">2.5x57mm \r\n14847 HSS 4241 CRNA Spiralno svrdlo 3x61mm<\/span>\r\n<span dir=\"auto\">14848 Spiralno svrdlo HELICOIDAL DRILL HSS 4241 CRNA 3,5x70mm<\/span>\r\n<span dir=\"auto\">14849 HELIKOIDNA BU\u0160ILICA HSS 4241 CRNA 4x75mm<\/span>\r\n<span dir=\"auto\">14850 HELIKOIDNA BU\u0160ILICA HSS 4241 CRNA 4,5x80mm<\/span>\r\n<span dir=\"auto\">14851 HELIKOIDNA BU\u0160ILICA HSS 4241 CRNA 5x86mm<\/span>\r\n<span dir=\"auto\">14852 HSS HELIKOIDNA BU\u0160ILICA 4241 CRNA 5,5x93mm<\/span>\r\n<span dir=\"auto\">14853 HSS HELIKOIDNA BU\u0160ILICA CRNA 4241 6x93mm<\/span>\r\n<span dir=\"auto\">14854 HSS HELIKOIDNO SVRDLO 4241 CRNA 6,5x101mm<\/span>\r\n<span dir=\"auto\">14855 HSS HELIKOIDNO SVRDLO 4241 CRNA 7x109mm<\/span>\r\n<span dir=\"auto\">14856 HSS 4241 Spiralna burgija, crna, 7,5x109mm<\/span>\r\n<span dir=\"auto\">14857 HSS 4241 Spiralna burgija, Crna, 8x117mm<\/span>\r\n<span dir=\"auto\">14858 HSS 4241 <\/span><span dir=\"auto\">Spiralna burgija, Crna, 8,5x117mm \r\n14859 HSS 4241 Spiralna <\/span><span dir=\"auto\">burgija, Crna, 9x125mm \r\n14860 HSS 4241 <\/span><span dir=\"auto\">Spiralna burgija, Crna, 9,5x125mm \r\n14861 HSS 4241 Spiralna burgija, Crna, 10x133mm<\/span>\r\n\r\n<span dir=\"auto\"><strong>Za upotrebu na metalima:<\/strong> \r\nnehr\u0111aju\u0107em \u010deliku, \u017eeljezu, bakru, aluminijumu itd.<\/span>\r\n<span dir=\"auto\">\r\nValjane burgije HSS-R.<\/span><\/pre>\n<p>&nbsp;<\/p>\n","protected":false},"excerpt":{"rendered":"<pre><span dir=\"auto\">19\u00a0<b>komada ,<\/b><\/span>\r\n<b><span dir=\"auto\">veli\u010dine<\/span><\/b><span dir=\"auto\">\u00a01-10 mm,<\/span>\r\n<b><span dir=\"auto\">materijal<\/span><\/b><span dir=\"auto\">\u00a0HSS-R 4241<\/span><\/pre>\n","protected":false},"featured_media":9937,"comment_status":"closed","ping_status":"closed","template":"","meta":{"pagelayer_contact_templates":[],"_pagelayer_content":""},"product_brand":[178],"product_cat":[177],"product_tag":[],"class_list":{"0":"post-9526","1":"product","2":"type-product","3":"status-publish","4":"has-post-thumbnail","6":"product_brand-jbm-tools","7":"product_cat-2_jbm-tools","9":"first","10":"instock","11":"shipping-taxable","12":"product-type-simple"},"_links":{"self":[{"href":"https:\/\/amd-bl.website\/index.php?rest_route=\/wp\/v2\/product\/9526","targetHints":{"allow":["GET"]}}],"collection":[{"href":"https:\/\/amd-bl.website\/index.php?rest_route=\/wp\/v2\/product"}],"about":[{"href":"https:\/\/amd-bl.website\/index.php?rest_route=\/wp\/v2\/types\/product"}],"replies":[{"embeddable":true,"href":"https:\/\/amd-bl.website\/index.php?rest_route=%2Fwp%2Fv2%2Fcomments&post=9526"}],"wp:featuredmedia":[{"embeddable":true,"href":"https:\/\/amd-bl.website\/index.php?rest_route=\/wp\/v2\/media\/9937"}],"wp:attachment":[{"href":"https:\/\/amd-bl.website\/index.php?rest_route=%2Fwp%2Fv2%2Fmedia&parent=9526"}],"wp:term":[{"taxonomy":"product_brand","embeddable":true,"href":"https:\/\/amd-bl.website\/index.php?rest_route=%2Fwp%2Fv2%2Fproduct_brand&post=9526"},{"taxonomy":"product_cat","embeddable":true,"href":"https:\/\/amd-bl.website\/index.php?rest_route=%2Fwp%2Fv2%2Fproduct_cat&post=9526"},{"taxonomy":"product_tag","embeddable":true,"href":"https:\/\/amd-bl.website\/index.php?rest_route=%2Fwp%2Fv2%2Fproduct_tag&post=9526"}],"curies":[{"name":"wp","href":"https:\/\/api.w.org\/{rel}","templated":true}]}}