{"id":9516,"date":"2021-10-04T22:18:25","date_gmt":"2021-10-04T22:18:25","guid":{"rendered":"https:\/\/amd-bl.website\/?product=mirka-vodobrusni-140x230-p1500"},"modified":"2023-04-18T17:18:35","modified_gmt":"2023-04-18T17:18:35","slug":"mirka-vodobrusni-140x230-p1500","status":"publish","type":"product","link":"https:\/\/amd-bl.website\/?product=mirka-vodobrusni-140x230-p1500","title":{"rendered":"4_Vodobrusni papir P1500"},"content":{"rendered":"<div class=\"cms-content cd-cms-content\">\n<pre>EAN: 6416868541465<\/pre>\n<p>Vodobrusni papir prikladan je za ru\u010dno mokro bru\u0161enje plastike, lakova i kompozitnih materijala. Sastavljen je od lateksom impregnirane podloge sa izuzetno izdr\u017eljivim brusnim slojem koji osigurava visokokvalitetnu obradu, \u010dak i na grubljim povr\u0161inama.<\/p>\n<\/div>\n<div class=\"cd-attributes\">\n<p>Granulacija: P60,\u00a0P80,\u00a0P100,\u00a0P120,\u00a0P150,\u00a0P180,\u00a0P220,\u00a0P240,\u00a0P280,\u00a0P320,\u00a0P360,\u00a0P400,\u00a0P500,\u00a0P600,\u00a0P800,\u00a0P1000,\u00a0P1200<\/p>\n<\/div>\n","protected":false},"excerpt":{"rendered":"<p>EAN: 6416868541465 Vodobrusni papir prikladan je za ru\u010dno mokro bru\u0161enje plastike, lakova i kompozitnih materijala. Sastavljen je od lateksom impregnirane podloge sa izuzetno izdr\u017eljivim brusnim slojem koji osigurava visokokvalitetnu obradu, \u010dak i na grubljim povr\u0161inama. Granulacija: P60,\u00a0P80,\u00a0P100,\u00a0P120,\u00a0P150,\u00a0P180,\u00a0P220,\u00a0P240,\u00a0P280,\u00a0P320,\u00a0P360,\u00a0P400,\u00a0P500,\u00a0P600,\u00a0P800,\u00a0P1000,\u00a0P1200<\/p>\n","protected":false},"featured_media":11271,"comment_status":"closed","ping_status":"closed","template":"","meta":{"pagelayer_contact_templates":[],"_pagelayer_content":""},"product_brand":[],"product_cat":[30,47],"product_tag":[],"class_list":{"0":"post-9516","1":"product","2":"type-product","3":"status-publish","4":"has-post-thumbnail","6":"product_cat-30","7":"product_cat-vodobrusni-papir","9":"first","10":"instock","11":"shipping-taxable","12":"purchasable","13":"product-type-simple"},"_links":{"self":[{"href":"https:\/\/amd-bl.website\/index.php?rest_route=\/wp\/v2\/product\/9516","targetHints":{"allow":["GET"]}}],"collection":[{"href":"https:\/\/amd-bl.website\/index.php?rest_route=\/wp\/v2\/product"}],"about":[{"href":"https:\/\/amd-bl.website\/index.php?rest_route=\/wp\/v2\/types\/product"}],"replies":[{"embeddable":true,"href":"https:\/\/amd-bl.website\/index.php?rest_route=%2Fwp%2Fv2%2Fcomments&post=9516"}],"wp:featuredmedia":[{"embeddable":true,"href":"https:\/\/amd-bl.website\/index.php?rest_route=\/wp\/v2\/media\/11271"}],"wp:attachment":[{"href":"https:\/\/amd-bl.website\/index.php?rest_route=%2Fwp%2Fv2%2Fmedia&parent=9516"}],"wp:term":[{"taxonomy":"product_brand","embeddable":true,"href":"https:\/\/amd-bl.website\/index.php?rest_route=%2Fwp%2Fv2%2Fproduct_brand&post=9516"},{"taxonomy":"product_cat","embeddable":true,"href":"https:\/\/amd-bl.website\/index.php?rest_route=%2Fwp%2Fv2%2Fproduct_cat&post=9516"},{"taxonomy":"product_tag","embeddable":true,"href":"https:\/\/amd-bl.website\/index.php?rest_route=%2Fwp%2Fv2%2Fproduct_tag&post=9516"}],"curies":[{"name":"wp","href":"https:\/\/api.w.org\/{rel}","templated":true}]}}