{"id":9467,"date":"2021-10-04T22:18:17","date_gmt":"2021-10-04T22:18:17","guid":{"rendered":"https:\/\/amd-bl.website\/?product=52791-klijesta-za-selne"},"modified":"2026-03-23T12:47:46","modified_gmt":"2026-03-23T12:47:46","slug":"52791-klijesta-za-selne","status":"publish","type":"product","link":"https:\/\/amd-bl.website\/?product=52791-klijesta-za-selne","title":{"rendered":"52791 SPECIJALNA KLIJE\u0160TA ZA \u0160ELNE"},"content":{"rendered":"","protected":false},"excerpt":{"rendered":"<pre><strong><span dir=\"auto\">EAN:<\/span><\/strong><span dir=\"auto\">\u00a08435034527919<\/span>\r\n\r\n<b><span dir=\"auto\">Komada<\/span><\/b><span dir=\"auto\">\u00a01<\/span>\r\n<b><span dir=\"auto\">Materijal<\/span><\/b><span dir=\"auto\">\u00a0\u010celik, Plasti\u010dna ru\u010dka<\/span>\r\n<b><span dir=\"auto\">Du\u017eina<\/span><\/b><span dir=\"auto\">\u00a0180 mm<\/span>\r\n<b><span dir=\"auto\">Otvor<\/span><\/b><span dir=\"auto\">\u00a040 mm<\/span>\r\n<b><span dir=\"auto\">Te\u017eina<\/span><\/b><span dir=\"auto\">\u00a00,25 kg<\/span><\/pre>\n","protected":false},"featured_media":10005,"comment_status":"closed","ping_status":"closed","template":"","meta":{"pagelayer_contact_templates":[],"_pagelayer_content":""},"product_brand":[178],"product_cat":[177,156,180],"product_tag":[],"class_list":{"0":"post-9467","1":"product","2":"type-product","3":"status-publish","4":"has-post-thumbnail","6":"product_brand-jbm-tools","7":"product_cat-2_jbm-tools","8":"product_cat-klijesta-i-stege","9":"product_cat-rucni-alat","11":"first","12":"instock","13":"shipping-taxable","14":"product-type-simple"},"_links":{"self":[{"href":"https:\/\/amd-bl.website\/index.php?rest_route=\/wp\/v2\/product\/9467","targetHints":{"allow":["GET"]}}],"collection":[{"href":"https:\/\/amd-bl.website\/index.php?rest_route=\/wp\/v2\/product"}],"about":[{"href":"https:\/\/amd-bl.website\/index.php?rest_route=\/wp\/v2\/types\/product"}],"replies":[{"embeddable":true,"href":"https:\/\/amd-bl.website\/index.php?rest_route=%2Fwp%2Fv2%2Fcomments&post=9467"}],"wp:featuredmedia":[{"embeddable":true,"href":"https:\/\/amd-bl.website\/index.php?rest_route=\/wp\/v2\/media\/10005"}],"wp:attachment":[{"href":"https:\/\/amd-bl.website\/index.php?rest_route=%2Fwp%2Fv2%2Fmedia&parent=9467"}],"wp:term":[{"taxonomy":"product_brand","embeddable":true,"href":"https:\/\/amd-bl.website\/index.php?rest_route=%2Fwp%2Fv2%2Fproduct_brand&post=9467"},{"taxonomy":"product_cat","embeddable":true,"href":"https:\/\/amd-bl.website\/index.php?rest_route=%2Fwp%2Fv2%2Fproduct_cat&post=9467"},{"taxonomy":"product_tag","embeddable":true,"href":"https:\/\/amd-bl.website\/index.php?rest_route=%2Fwp%2Fv2%2Fproduct_tag&post=9467"}],"curies":[{"name":"wp","href":"https:\/\/api.w.org\/{rel}","templated":true}]}}