{"id":9383,"date":"2021-10-04T22:18:05","date_gmt":"2021-10-04T22:18:05","guid":{"rendered":"https:\/\/amd-bl.website\/?product=003009-spuzva-za-poliranje-m14-narandzasta"},"modified":"2024-12-30T20:36:55","modified_gmt":"2024-12-30T20:36:55","slug":"003009-spuzva-za-poliranje-m14-narandzasta","status":"publish","type":"product","link":"https:\/\/amd-bl.website\/?product=003009-spuzva-za-poliranje-m14-narandzasta","title":{"rendered":"003009 SPU\u017dVA ZA POLIRANJE M14 NARAND\u017dASTA"},"content":{"rendered":"<p><em>Spu\u017eve koje se koriste za izravnavanje premaza i poliranje povr\u0161ina razli\u010ditim pastama za poliranje.\u00a0Uklanja prljav\u0161tinu i oksidiranu boju iz dubokih pukotina i ogrebotina, u\u010dinkovito vra\u0107aju\u0107i prirodnu boju i sjajno obojene povr\u0161ine.<\/em><\/p>\n","protected":false},"excerpt":{"rendered":"<p>Spu\u017eve koje se koriste za izravnavanje premaza i poliranje povr\u0161ina razli\u010ditim pastama za poliranje.\u00a0Uklanja prljav\u0161tinu i oksidiranu boju iz dubokih pukotina i ogrebotina, u\u010dinkovito vra\u0107aju\u0107i prirodnu boju i sjajno obojene povr\u0161ine.<\/p>\n","protected":false},"featured_media":9821,"comment_status":"closed","ping_status":"closed","template":"","meta":{"pagelayer_contact_templates":[],"_pagelayer_content":""},"product_brand":[],"product_cat":[58],"product_tag":[],"class_list":{"0":"post-9383","1":"product","2":"type-product","3":"status-publish","4":"has-post-thumbnail","6":"product_cat-polir-paste-spuzve","8":"first","9":"instock","10":"shipping-taxable","11":"purchasable","12":"product-type-simple"},"_links":{"self":[{"href":"https:\/\/amd-bl.website\/index.php?rest_route=\/wp\/v2\/product\/9383","targetHints":{"allow":["GET"]}}],"collection":[{"href":"https:\/\/amd-bl.website\/index.php?rest_route=\/wp\/v2\/product"}],"about":[{"href":"https:\/\/amd-bl.website\/index.php?rest_route=\/wp\/v2\/types\/product"}],"replies":[{"embeddable":true,"href":"https:\/\/amd-bl.website\/index.php?rest_route=%2Fwp%2Fv2%2Fcomments&post=9383"}],"wp:featuredmedia":[{"embeddable":true,"href":"https:\/\/amd-bl.website\/index.php?rest_route=\/wp\/v2\/media\/9821"}],"wp:attachment":[{"href":"https:\/\/amd-bl.website\/index.php?rest_route=%2Fwp%2Fv2%2Fmedia&parent=9383"}],"wp:term":[{"taxonomy":"product_brand","embeddable":true,"href":"https:\/\/amd-bl.website\/index.php?rest_route=%2Fwp%2Fv2%2Fproduct_brand&post=9383"},{"taxonomy":"product_cat","embeddable":true,"href":"https:\/\/amd-bl.website\/index.php?rest_route=%2Fwp%2Fv2%2Fproduct_cat&post=9383"},{"taxonomy":"product_tag","embeddable":true,"href":"https:\/\/amd-bl.website\/index.php?rest_route=%2Fwp%2Fv2%2Fproduct_tag&post=9383"}],"curies":[{"name":"wp","href":"https:\/\/api.w.org\/{rel}","templated":true}]}}