{"id":9360,"date":"2021-10-04T22:18:01","date_gmt":"2021-10-04T22:18:01","guid":{"rendered":"https:\/\/amd-bl.website\/?product=0030106-spuzva-za-poliranje-boll80mm-m14-bijela"},"modified":"2025-11-17T16:19:23","modified_gmt":"2025-11-17T16:19:23","slug":"0030106-spuzva-za-poliranje-boll80mm-m14-bijela","status":"publish","type":"product","link":"https:\/\/amd-bl.website\/?product=0030106-spuzva-za-poliranje-boll80mm-m14-bijela","title":{"rendered":"0030106 Spu\u017eva za poliranje BOLL80mm M14 bijela"},"content":{"rendered":"<div class=\"text\">\n<div class=\"WordSection1\"><\/div>\n<\/div>\n<div class=\"product__video noprint\">\n<div class=\"owl-carousel owl-loaded owl-drag\">\n<div class=\"owl-stage-outer\">\n<div class=\"owl-stage\">\n<div class=\"owl-item cloned\">\n<div class=\"iframe\"><\/div>\n<\/div>\n<div class=\"owl-item cloned\">\n<div class=\"iframe\"><em>Spu\u017eva omogu\u0107ava lak pristup te\u0161ko dostupnim povr\u0161inama i olak\u0161ava rad uz poliranje ne velikih elemenata.<\/em><\/div>\n<\/div>\n<div class=\"owl-item active\">\n<div class=\"iframe\"><\/div>\n<\/div>\n<div class=\"owl-item cloned\">\n<div class=\"iframe\"><\/div>\n<\/div>\n<div class=\"owl-item cloned\">\n<div class=\"iframe\"><\/div>\n<\/div>\n<\/div>\n<\/div>\n<\/div>\n<\/div>\n<div class=\"product__buttons noprint\"><\/div>\n","protected":false},"excerpt":{"rendered":"<p>Spu\u017eva omogu\u0107ava lak pristup te\u0161ko dostupnim povr\u0161inama i olak\u0161ava rad uz poliranje ne velikih elemenata.<\/p>\n","protected":false},"featured_media":9821,"comment_status":"closed","ping_status":"closed","template":"","meta":{"pagelayer_contact_templates":[],"_pagelayer_content":""},"product_brand":[],"product_cat":[36,58,157],"product_tag":[],"class_list":{"0":"post-9360","1":"product","2":"type-product","3":"status-publish","4":"has-post-thumbnail","6":"product_cat-36","7":"product_cat-polir-paste-spuzve","8":"product_cat-roba-na-akciji","10":"first","11":"instock","12":"sale","13":"shipping-taxable","14":"purchasable","15":"product-type-simple"},"_links":{"self":[{"href":"https:\/\/amd-bl.website\/index.php?rest_route=\/wp\/v2\/product\/9360","targetHints":{"allow":["GET"]}}],"collection":[{"href":"https:\/\/amd-bl.website\/index.php?rest_route=\/wp\/v2\/product"}],"about":[{"href":"https:\/\/amd-bl.website\/index.php?rest_route=\/wp\/v2\/types\/product"}],"replies":[{"embeddable":true,"href":"https:\/\/amd-bl.website\/index.php?rest_route=%2Fwp%2Fv2%2Fcomments&post=9360"}],"wp:featuredmedia":[{"embeddable":true,"href":"https:\/\/amd-bl.website\/index.php?rest_route=\/wp\/v2\/media\/9821"}],"wp:attachment":[{"href":"https:\/\/amd-bl.website\/index.php?rest_route=%2Fwp%2Fv2%2Fmedia&parent=9360"}],"wp:term":[{"taxonomy":"product_brand","embeddable":true,"href":"https:\/\/amd-bl.website\/index.php?rest_route=%2Fwp%2Fv2%2Fproduct_brand&post=9360"},{"taxonomy":"product_cat","embeddable":true,"href":"https:\/\/amd-bl.website\/index.php?rest_route=%2Fwp%2Fv2%2Fproduct_cat&post=9360"},{"taxonomy":"product_tag","embeddable":true,"href":"https:\/\/amd-bl.website\/index.php?rest_route=%2Fwp%2Fv2%2Fproduct_tag&post=9360"}],"curies":[{"name":"wp","href":"https:\/\/api.w.org\/{rel}","templated":true}]}}