{"id":9359,"date":"2021-10-04T22:18:01","date_gmt":"2021-10-04T22:18:01","guid":{"rendered":"https:\/\/amd-bl.website\/?product=0030105-spuzva-za-poliranj-boll-80mm-m14-narandzasta"},"modified":"2022-11-04T19:59:39","modified_gmt":"2022-11-04T19:59:39","slug":"0030105-spuzva-za-poliranj-boll-80mm-m14-narandzasta","status":"publish","type":"product","link":"https:\/\/amd-bl.website\/?product=0030105-spuzva-za-poliranj-boll-80mm-m14-narandzasta","title":{"rendered":"0030105 Spu\u017eva za poliranj BOLL 80mm M14 narand\u017easta"},"content":{"rendered":"<div class=\"owl-item cloned\">\n<div class=\"iframe\"><em>Spu\u017eva omogu\u0107ava lak pristup te\u0161ko dostupnim povr\u0161inama i olak\u0161ava rad uz poliranje ne velikih elemenata.<\/em><\/div>\n<\/div>\n<div class=\"owl-item active\">\n<div class=\"iframe\"><\/div>\n<\/div>\n","protected":false},"excerpt":{"rendered":"<p>Spu\u017eva omogu\u0107ava lak pristup te\u0161ko dostupnim povr\u0161inama i olak\u0161ava rad uz poliranje ne velikih elemenata.<\/p>\n","protected":false},"featured_media":9821,"comment_status":"closed","ping_status":"closed","template":"","meta":{"pagelayer_contact_templates":[],"_pagelayer_content":""},"product_brand":[],"product_cat":[36,58],"product_tag":[],"class_list":{"0":"post-9359","1":"product","2":"type-product","3":"status-publish","4":"has-post-thumbnail","6":"product_cat-36","7":"product_cat-polir-paste-spuzve","9":"first","10":"instock","11":"shipping-taxable","12":"purchasable","13":"product-type-simple"},"_links":{"self":[{"href":"https:\/\/amd-bl.website\/index.php?rest_route=\/wp\/v2\/product\/9359","targetHints":{"allow":["GET"]}}],"collection":[{"href":"https:\/\/amd-bl.website\/index.php?rest_route=\/wp\/v2\/product"}],"about":[{"href":"https:\/\/amd-bl.website\/index.php?rest_route=\/wp\/v2\/types\/product"}],"replies":[{"embeddable":true,"href":"https:\/\/amd-bl.website\/index.php?rest_route=%2Fwp%2Fv2%2Fcomments&post=9359"}],"wp:featuredmedia":[{"embeddable":true,"href":"https:\/\/amd-bl.website\/index.php?rest_route=\/wp\/v2\/media\/9821"}],"wp:attachment":[{"href":"https:\/\/amd-bl.website\/index.php?rest_route=%2Fwp%2Fv2%2Fmedia&parent=9359"}],"wp:term":[{"taxonomy":"product_brand","embeddable":true,"href":"https:\/\/amd-bl.website\/index.php?rest_route=%2Fwp%2Fv2%2Fproduct_brand&post=9359"},{"taxonomy":"product_cat","embeddable":true,"href":"https:\/\/amd-bl.website\/index.php?rest_route=%2Fwp%2Fv2%2Fproduct_cat&post=9359"},{"taxonomy":"product_tag","embeddable":true,"href":"https:\/\/amd-bl.website\/index.php?rest_route=%2Fwp%2Fv2%2Fproduct_tag&post=9359"}],"curies":[{"name":"wp","href":"https:\/\/api.w.org\/{rel}","templated":true}]}}