{"id":9339,"date":"2021-10-04T22:17:58","date_gmt":"2021-10-04T22:17:58","guid":{"rendered":"https:\/\/amd-bl.website\/?product=lar2-set-za-vulkanizaciju-pneumatika"},"modified":"2024-11-18T13:21:44","modified_gmt":"2024-11-18T13:21:44","slug":"lar2-set-za-vulkanizaciju-pneumatika","status":"publish","type":"product","link":"https:\/\/amd-bl.website\/?product=lar2-set-za-vulkanizaciju-pneumatika","title":{"rendered":"LAR2 SET ZA VULKANIZACIJU PNEUMATIKA"},"content":{"rendered":"<div id=\"kontrolka-90\" class=\"kontrolka-PoleProduktu col-12 \" data-kid=\"90\">\n<div class=\"pole-opis-wartosc\">\n<h3>EXPRES komplet za popravku guma za bicikl<\/h3>\n<p><span class=\"wartosc\">Opis:<br \/>\nEXPRES komplet za popravku guma za bicikle je pouzdan na\u010din za brzu i efikasnu popravku biciklisti\u010dke gume.\u00a0Zahvaljuju\u0107i specijalno odabranoj gumenoj mje\u0161avini i sredstvu za umre\u017eavanje, zakrpe se vulkaniziraju na podlogu pod utjecajem temperature koja se stvara tokom vo\u017enje.\u00a0Kao rezultat toga, guma je trajno popravljena i spremna za dalju vo\u017enju.<\/span><\/p>\n<p>Parametri:<br \/>\n&#8211; \u0160ifra proizvoda: LAR2<br \/>\n&#8211; Te\u017eina proizvoda: 0,025 kg<\/p>\n<p>Karakteristike:<br \/>\n&#8211; U\u010dinkovita popravka guma za bicikl<br \/>\n&#8211; Razli\u010dite veli\u010dine zakrpa koje odgovaraju mnogim veli\u010dinama rupa na unutra\u0161njoj cijevi<br \/>\n&#8211; Prakti\u010dna kutija odr\u017eava red i lako se mo\u017ee spremiti u vre\u0107icu za bicikl<\/p>\n<p>Primjena:<br \/>\nEXPRES set zakrpa za bicikl je savr\u0161en alat za svakog biciklistu.\u00a0Zahvaljuju\u0107i razli\u010ditim veli\u010dinama zakrpa, mo\u017eete popraviti gumu za bicikle bilo koje veli\u010dine i biti sigurni da \u0107e biti izdr\u017eljiva i pouzdana.\u00a0Kutija u kojoj je komplet upakovana poma\u017ee da sve bude uredno i omogu\u0107ava lak transport u torbi za bicikl.\u00a0Stoga, bez obzira da li ste profesionalni biciklista ili biciklista amater, EXPRES patch set je pouzdan pomo\u0107nik u svakoj situaciji kada je guma potrebna brza i efikasna popravka.<\/p>\n<\/div>\n<\/div>\n","protected":false},"excerpt":{"rendered":"<p>EXPRES komplet za popravku guma za bicikl Opis: EXPRES komplet za popravku guma za bicikle je pouzdan na\u010din za brzu i efikasnu popravku biciklisti\u010dke gume.\u00a0Zahvaljuju\u0107i specijalno odabranoj gumenoj mje\u0161avini i sredstvu za umre\u017eavanje, zakrpe se vulkaniziraju na podlogu pod utjecajem temperature koja se stvara tokom vo\u017enje.\u00a0Kao rezultat toga, guma je trajno popravljena i spremna za [&hellip;]<\/p>\n","protected":false},"featured_media":17376,"comment_status":"closed","ping_status":"closed","template":"","meta":{"pagelayer_contact_templates":[],"_pagelayer_content":""},"product_brand":[],"product_cat":[157],"product_tag":[],"class_list":{"0":"post-9339","1":"product","2":"type-product","3":"status-publish","4":"has-post-thumbnail","6":"product_cat-roba-na-akciji","8":"first","9":"instock","10":"sale","11":"shipping-taxable","12":"purchasable","13":"product-type-simple"},"_links":{"self":[{"href":"https:\/\/amd-bl.website\/index.php?rest_route=\/wp\/v2\/product\/9339","targetHints":{"allow":["GET"]}}],"collection":[{"href":"https:\/\/amd-bl.website\/index.php?rest_route=\/wp\/v2\/product"}],"about":[{"href":"https:\/\/amd-bl.website\/index.php?rest_route=\/wp\/v2\/types\/product"}],"replies":[{"embeddable":true,"href":"https:\/\/amd-bl.website\/index.php?rest_route=%2Fwp%2Fv2%2Fcomments&post=9339"}],"wp:featuredmedia":[{"embeddable":true,"href":"https:\/\/amd-bl.website\/index.php?rest_route=\/wp\/v2\/media\/17376"}],"wp:attachment":[{"href":"https:\/\/amd-bl.website\/index.php?rest_route=%2Fwp%2Fv2%2Fmedia&parent=9339"}],"wp:term":[{"taxonomy":"product_brand","embeddable":true,"href":"https:\/\/amd-bl.website\/index.php?rest_route=%2Fwp%2Fv2%2Fproduct_brand&post=9339"},{"taxonomy":"product_cat","embeddable":true,"href":"https:\/\/amd-bl.website\/index.php?rest_route=%2Fwp%2Fv2%2Fproduct_cat&post=9339"},{"taxonomy":"product_tag","embeddable":true,"href":"https:\/\/amd-bl.website\/index.php?rest_route=%2Fwp%2Fv2%2Fproduct_tag&post=9339"}],"curies":[{"name":"wp","href":"https:\/\/api.w.org\/{rel}","templated":true}]}}