{"id":9307,"date":"2021-10-04T22:17:54","date_gmt":"2021-10-04T22:17:54","guid":{"rendered":"https:\/\/amd-bl.website\/?product=go20-gumeni-brisac-za-staklo"},"modified":"2025-11-11T10:25:26","modified_gmt":"2025-11-11T10:25:26","slug":"go20-gumeni-brisac-za-staklo","status":"publish","type":"product","link":"https:\/\/amd-bl.website\/?product=go20-gumeni-brisac-za-staklo","title":{"rendered":"GO20 Gumeni brisa\u010d za staklo"},"content":{"rendered":"<h3><span>Gumeni brisa\u010d za \u010di\u0161\u0107enje prozora sun\u0111erom<\/span><\/h3>\n<p><span>Naziv proizvoda: Gumena brisa\u010da za \u010di\u0161\u0107enje prozora sa sun\u0111erom<\/span><br \/>\n<span>\u0160ifra proizvoda: GO20<\/span><\/p>\n<p><span>Opis: Gumena brisa\u010da za \u010di\u0161\u0107enje prozora sa sun\u0111erom je idealno sredstvo za efikasno i efikasno \u010di\u0161\u0107enje prozora.\u00a0Opremljen sun\u0111erom za namakanje stakla i gumom za brisanje i sakupljanje vi\u0161ka vode, omogu\u0107ava lako i temeljno \u010di\u0161\u0107enje staklenih povr\u0161ina.<\/span><\/p>\n<p><span>Karakteristike:<\/span><br \/>\n<span>&#8211; Izra\u0111en od izdr\u017eljivog materijala koji osigurava udobno i sigurno dr\u017eanje alata.<\/span><br \/>\n<span>&#8211; Sun\u0111er vam omogu\u0107ava da natopite staklo, \u0161to olak\u0161ava uklanjanje prljav\u0161tine i mrlja.<\/span><br \/>\n<span>&#8211; Guma efikasno sakuplja vi\u0161ak vode i osigurava brisanje povr\u0161ine bez mrlja.<\/span><br \/>\n<span>&#8211; Proizvod je lagan i ergonomski, \u0161to olak\u0161ava \u010di\u0161\u0107enje.<\/span><\/p>\n<p><span>Parametri:<\/span><br \/>\n<span>&#8211; \u0160ifra proizvoda: GO20<\/span><br \/>\n<span>&#8211; Te\u017eina: 0,076 kg<\/span><br \/>\n<span>&#8211; Jedinica mjere: kom<\/span><br \/>\n<span>&#8211; EAN13 Bar kod: 5907630144997<\/span><\/p>\n","protected":false},"excerpt":{"rendered":"<p>Gumeni brisa\u010d za \u010di\u0161\u0107enje prozora sun\u0111erom Naziv proizvoda: Gumena brisa\u010da za \u010di\u0161\u0107enje prozora sa sun\u0111erom \u0160ifra proizvoda: GO20 Opis: Gumena brisa\u010da za \u010di\u0161\u0107enje prozora sa sun\u0111erom je idealno sredstvo za efikasno i efikasno \u010di\u0161\u0107enje prozora.\u00a0Opremljen sun\u0111erom za namakanje stakla i gumom za brisanje i sakupljanje vi\u0161ka vode, omogu\u0107ava lako i temeljno \u010di\u0161\u0107enje staklenih povr\u0161ina. Karakteristike: [&hellip;]<\/p>\n","protected":false},"featured_media":17372,"comment_status":"closed","ping_status":"closed","template":"","meta":{"pagelayer_contact_templates":[],"_pagelayer_content":""},"product_brand":[],"product_cat":[157,102],"product_tag":[],"class_list":{"0":"post-9307","1":"product","2":"type-product","3":"status-publish","4":"has-post-thumbnail","6":"product_cat-roba-na-akciji","7":"product_cat-razno","9":"first","10":"instock","11":"sale","12":"shipping-taxable","13":"purchasable","14":"product-type-simple"},"_links":{"self":[{"href":"https:\/\/amd-bl.website\/index.php?rest_route=\/wp\/v2\/product\/9307","targetHints":{"allow":["GET"]}}],"collection":[{"href":"https:\/\/amd-bl.website\/index.php?rest_route=\/wp\/v2\/product"}],"about":[{"href":"https:\/\/amd-bl.website\/index.php?rest_route=\/wp\/v2\/types\/product"}],"replies":[{"embeddable":true,"href":"https:\/\/amd-bl.website\/index.php?rest_route=%2Fwp%2Fv2%2Fcomments&post=9307"}],"wp:featuredmedia":[{"embeddable":true,"href":"https:\/\/amd-bl.website\/index.php?rest_route=\/wp\/v2\/media\/17372"}],"wp:attachment":[{"href":"https:\/\/amd-bl.website\/index.php?rest_route=%2Fwp%2Fv2%2Fmedia&parent=9307"}],"wp:term":[{"taxonomy":"product_brand","embeddable":true,"href":"https:\/\/amd-bl.website\/index.php?rest_route=%2Fwp%2Fv2%2Fproduct_brand&post=9307"},{"taxonomy":"product_cat","embeddable":true,"href":"https:\/\/amd-bl.website\/index.php?rest_route=%2Fwp%2Fv2%2Fproduct_cat&post=9307"},{"taxonomy":"product_tag","embeddable":true,"href":"https:\/\/amd-bl.website\/index.php?rest_route=%2Fwp%2Fv2%2Fproduct_tag&post=9307"}],"curies":[{"name":"wp","href":"https:\/\/api.w.org\/{rel}","templated":true}]}}