{"id":9301,"date":"2021-10-04T22:17:53","date_gmt":"2021-10-04T22:17:53","guid":{"rendered":"https:\/\/amd-bl.website\/?product=los122-oprema-za-signalizaciju-rotaciona-svjetiljka"},"modified":"2025-11-11T14:08:52","modified_gmt":"2025-11-11T14:08:52","slug":"los122-oprema-za-signalizaciju-rotaciona-svjetiljka","status":"publish","type":"product","link":"https:\/\/amd-bl.website\/?product=los122-oprema-za-signalizaciju-rotaciona-svjetiljka","title":{"rendered":"LOS122 Oprema za signalizaciju (rotaciona svjetiljka)"},"content":{"rendered":"<h3>KOGUT lampica upozorenja 12V narand\u017easta<\/h3>\n<p>Opis:<br \/>\nLampa upozorenja &#8220;Kogut&#8221; je signalni ure\u0111aj namijenjen da upozori na prisustvo vozila ili ma\u0161ine na radnom mjestu ili u saobra\u0107aju.\u00a0Opremljen magnetnom bazom sa sna\u017enim neodimijumskim magnetom, omogu\u0107ava jednostavnu ugradnju na karoserije vozila.\u00a0Za za\u0161titu obojene povr\u0161ine, postolje lampe je izolirano posebnom folijom.\u00a0Lampa ima fleksibilni kabl za napajanje, koji kada se rastegne dosti\u017ee du\u017einu od 2 metra, a napaja se preko 12V automobilskog utika\u010da.<\/p>\n<p>Dimenzije:<br \/>\n&#8211; Pre\u010dnik postolja: 12 cm<br \/>\n&#8211; Visina lampe: 15 cm<\/p>\n<p>Karakteristike:<br \/>\n&#8211; Magnetna monta\u017ea za\u0161ti\u0107ena za\u0161titnom folijom<br \/>\n&#8211; Fleksibilni kabl za napajanje maksimalne du\u017eine 2 metra<br \/>\n&#8211; Boja svetla: narand\u017easta<br \/>\n&#8211; Napajanje preko 12V auto utika\u010da<\/p>\n<p>Parametri:<br \/>\n\u0160ifra proizvoda : LOS122<br \/>\n&#8211; Pre\u010dnik postolja: 12 cm<br \/>\n&#8211; Visina lampe: 15 cm<br \/>\n&#8211; Monta\u017ea: magnetna<br \/>\n&#8211; Du\u017eina kabla za napajanje: 2 m (nakon rastezanja)<br \/>\n&#8211; Boja: narand\u017easta<br \/>\n&#8211; Napajanje: 12V<br \/>\n&#8211; Proizvo\u0111a\u010d: XL-TOOLS Poljska<br \/>\n&#8211; Te\u017eina: 0,495 kg<br \/>\n&#8211; Jedinica mjere: kom<br \/>\n&#8211; Bar kod EAN13: 5907630187833<\/p>\n<p>Primjena:<br \/>\nLampa upozorenja &#8220;Kogut&#8221; se mo\u017ee koristiti na poljoprivrednim ma\u0161inama, gra\u0111evinskim vozilima, terenskim vozilima, specijalnim vozilima i drugim aplikacijama koje zahtijevaju signale upozorenja.<\/p>\n<p>Upute za upotrebu:<br \/>\n1. Da biste montirali lampu, postavite magnetnu osnovu na \u010distu i suhu metalnu povr\u0161inu va\u0161eg vozila.<br \/>\n2. Za\u0161titite karoseriju va\u0161eg vozila tako \u0161to \u0107ete provjeriti da li je za\u0161titni film na magnetnoj podlozi na mjestu.<br \/>\n3. Spojite utika\u010d na 12V uti\u010dnicu za automobilski upalja\u010d za cigarete.<br \/>\n4. Rastegnite fleksibilni kabl za napajanje tako da lampa bude stabilno postavljena i da ne ometa pokretne delove vozila.<br \/>\n5. Uklju\u010dite lampu kako je predvi\u0111eno kada je potreban signal upozorenja.<br \/>\n6. Nakon upotrebe, isklju\u010dite lampu iz uti\u010dnice namotavanjem kabla za napajanje i uklonite lampu iz ku\u0107i\u0161ta.\u00a0\u010cuvati na suvom mestu, izbegavaju\u0107i izlaganje direktnoj sun\u010devoj svetlosti i vlazi.<\/p>\n","protected":false},"excerpt":{"rendered":"<p>KOGUT lampica upozorenja 12V narand\u017easta Opis: Lampa upozorenja &#8220;Kogut&#8221; je signalni ure\u0111aj namijenjen da upozori na prisustvo vozila ili ma\u0161ine na radnom mjestu ili u saobra\u0107aju.\u00a0Opremljen magnetnom bazom sa sna\u017enim neodimijumskim magnetom, omogu\u0107ava jednostavnu ugradnju na karoserije vozila.\u00a0Za za\u0161titu obojene povr\u0161ine, postolje lampe je izolirano posebnom folijom.\u00a0Lampa ima fleksibilni kabl za napajanje, koji kada se [&hellip;]<\/p>\n","protected":false},"featured_media":17383,"comment_status":"closed","ping_status":"closed","template":"","meta":{"pagelayer_contact_templates":[],"_pagelayer_content":""},"product_brand":[],"product_cat":[157],"product_tag":[],"class_list":{"0":"post-9301","1":"product","2":"type-product","3":"status-publish","4":"has-post-thumbnail","6":"product_cat-roba-na-akciji","8":"first","9":"instock","10":"sale","11":"shipping-taxable","12":"purchasable","13":"product-type-simple"},"_links":{"self":[{"href":"https:\/\/amd-bl.website\/index.php?rest_route=\/wp\/v2\/product\/9301","targetHints":{"allow":["GET"]}}],"collection":[{"href":"https:\/\/amd-bl.website\/index.php?rest_route=\/wp\/v2\/product"}],"about":[{"href":"https:\/\/amd-bl.website\/index.php?rest_route=\/wp\/v2\/types\/product"}],"replies":[{"embeddable":true,"href":"https:\/\/amd-bl.website\/index.php?rest_route=%2Fwp%2Fv2%2Fcomments&post=9301"}],"wp:featuredmedia":[{"embeddable":true,"href":"https:\/\/amd-bl.website\/index.php?rest_route=\/wp\/v2\/media\/17383"}],"wp:attachment":[{"href":"https:\/\/amd-bl.website\/index.php?rest_route=%2Fwp%2Fv2%2Fmedia&parent=9301"}],"wp:term":[{"taxonomy":"product_brand","embeddable":true,"href":"https:\/\/amd-bl.website\/index.php?rest_route=%2Fwp%2Fv2%2Fproduct_brand&post=9301"},{"taxonomy":"product_cat","embeddable":true,"href":"https:\/\/amd-bl.website\/index.php?rest_route=%2Fwp%2Fv2%2Fproduct_cat&post=9301"},{"taxonomy":"product_tag","embeddable":true,"href":"https:\/\/amd-bl.website\/index.php?rest_route=%2Fwp%2Fv2%2Fproduct_tag&post=9301"}],"curies":[{"name":"wp","href":"https:\/\/api.w.org\/{rel}","templated":true}]}}