{"id":9300,"date":"2021-10-04T22:17:52","date_gmt":"2021-10-04T22:17:52","guid":{"rendered":"https:\/\/amd-bl.website\/?product=fmeg220-brusilica-ugaona-125mm-850w"},"modified":"2026-01-28T15:14:49","modified_gmt":"2026-01-28T15:14:49","slug":"fmeg220-brusilica-ugaona-125mm-850w","status":"publish","type":"product","link":"https:\/\/amd-bl.website\/?product=fmeg220-brusilica-ugaona-125mm-850w","title":{"rendered":"FMEG220 Brusilica ugaona 125mm 850W"},"content":{"rendered":"<div id=\"kontrolka-90\" class=\"kontrolka-PoleProduktu col-12 \" data-kid=\"90\">\n<div class=\"pole-opis-wartosc\">\n<h3>FATMAX Kutna brusilica 125mm 850W, po\u010detna kutija<\/h3>\n<p><span class=\"wartosc\">Opis:<br \/>\nUgaona brusilica FATMAX snage 850 W i pre\u010dnika diska 125 mm je profesionalni alat koji \u0107e vam pomo\u0107i u raznim zadacima.\u00a0Zahvaljuju\u0107i za\u0161titi od nestanka struje, mo\u017eete raditi bez brige da \u0107e se ure\u0111aj iznenada isklju\u010diti.\u00a0Uz to, brzina mekog starta od 1200 o\/min \u010dini mlin radi glatko i bez ikakvih problema.<\/span><\/p>\n<p>Parametri:<br \/>\n&#8211; \u0160ifra proizvoda: FMEG220K<br \/>\n&#8211; Marka: STANLEY<br \/>\n&#8211; Snaga: 850W<br \/>\n&#8211; Pre\u010dnik diska: 125 mm<br \/>\n&#8211; Brzina rotacije: 1200 o\/min<br \/>\n&#8211; Za\u0161tita od nestanka struje<\/p>\n<p>Karakteristike:<br \/>\n&#8211; Ku\u0107i\u0161te: Set uklju\u010duje prakti\u010dnu torbicu koja olak\u0161ava skladi\u0161tenje i transportujte FATMAX kutnu brusilicu.<br \/>\n&#8211; Profesionalni kvalitet: STANLEY proizvod je garancija \u010dvrsto\u0107e i izdr\u017eljivosti, idealan za zahtjevne korisnike.<br \/>\n&#8211; Jednostavan za upotrebu: Zahvaljuju\u0107i ergonomskom obliku i odgovaraju\u0107oj te\u017eini, brusilica je jednostavna za kori\u0161tenje i osigurava udobnost tokom rada.<br \/>\n&#8211; Multi-tasking: Mogu\u0107nost obavljanja raznih zadataka, od rezanja do bru\u0161enja, \u010dini ovaj alat nezamjenjivim u radionici.<\/p>\n<p>Primjena:<br \/>\nFATMAX 125mm 850W kutna brusilica savr\u0161ena je za profesionalne radionice i ku\u0107ne DIY entuzijaste.\u00a0Zahvaljuju\u0107i multitaskingu i visokoj efikasnosti, mo\u0107i \u0107ete da izvr\u0161ite precizne rezove i bru\u0161enje u raznim materijalima, kao \u0161to su drvo, metal ili beton.<\/p>\n<p>Te\u017eina proizvoda: 2.593 kg<\/p>\n<\/div>\n<\/div>\n","protected":false},"excerpt":{"rendered":"<p>FATMAX Kutna brusilica 125mm 850W, po\u010detna kutija Opis: Ugaona brusilica FATMAX snage 850 W i pre\u010dnika diska 125 mm je profesionalni alat koji \u0107e vam pomo\u0107i u raznim zadacima.\u00a0Zahvaljuju\u0107i za\u0161titi od nestanka struje, mo\u017eete raditi bez brige da \u0107e se ure\u0111aj iznenada isklju\u010diti.\u00a0Uz to, brzina mekog starta od 1200 o\/min \u010dini mlin radi glatko i [&hellip;]<\/p>\n","protected":false},"featured_media":17385,"comment_status":"closed","ping_status":"closed","template":"","meta":{"pagelayer_contact_templates":[],"_pagelayer_content":""},"product_brand":[],"product_cat":[157],"product_tag":[],"class_list":{"0":"post-9300","1":"product","2":"type-product","3":"status-publish","4":"has-post-thumbnail","6":"product_cat-roba-na-akciji","8":"first","9":"instock","10":"sale","11":"shipping-taxable","12":"purchasable","13":"product-type-simple"},"_links":{"self":[{"href":"https:\/\/amd-bl.website\/index.php?rest_route=\/wp\/v2\/product\/9300","targetHints":{"allow":["GET"]}}],"collection":[{"href":"https:\/\/amd-bl.website\/index.php?rest_route=\/wp\/v2\/product"}],"about":[{"href":"https:\/\/amd-bl.website\/index.php?rest_route=\/wp\/v2\/types\/product"}],"replies":[{"embeddable":true,"href":"https:\/\/amd-bl.website\/index.php?rest_route=%2Fwp%2Fv2%2Fcomments&post=9300"}],"wp:featuredmedia":[{"embeddable":true,"href":"https:\/\/amd-bl.website\/index.php?rest_route=\/wp\/v2\/media\/17385"}],"wp:attachment":[{"href":"https:\/\/amd-bl.website\/index.php?rest_route=%2Fwp%2Fv2%2Fmedia&parent=9300"}],"wp:term":[{"taxonomy":"product_brand","embeddable":true,"href":"https:\/\/amd-bl.website\/index.php?rest_route=%2Fwp%2Fv2%2Fproduct_brand&post=9300"},{"taxonomy":"product_cat","embeddable":true,"href":"https:\/\/amd-bl.website\/index.php?rest_route=%2Fwp%2Fv2%2Fproduct_cat&post=9300"},{"taxonomy":"product_tag","embeddable":true,"href":"https:\/\/amd-bl.website\/index.php?rest_route=%2Fwp%2Fv2%2Fproduct_tag&post=9300"}],"curies":[{"name":"wp","href":"https:\/\/api.w.org\/{rel}","templated":true}]}}