{"id":9224,"date":"2021-10-04T22:17:41","date_gmt":"2021-10-04T22:17:41","guid":{"rendered":"https:\/\/amd-bl.website\/?product=pkl8-pistolj-za-ljepilo"},"modified":"2026-03-31T15:31:36","modified_gmt":"2026-03-31T15:31:36","slug":"pkl8-pistolj-za-ljepilo","status":"publish","type":"product","link":"https:\/\/amd-bl.website\/?product=pkl8-pistolj-za-ljepilo","title":{"rendered":"PKL8 Pi\u0161tolj za ljepilo"},"content":{"rendered":"","protected":false},"excerpt":{"rendered":"<p>EAN:5903347002377<\/p>\n<p>Ovaj pi\u0161tolj za ljepilo je dizajniran za ljepilo u \u0161tapi\u0107u promjera 7 mm. Maksimalna snaga: 10 W. Vrijeme zagrijavanja: pribli\u017eno 5 minuta. \u0160iroko se koristi za umjetnost i zanate, modelarstvo i stolarstvo.<\/p>\n","protected":false},"featured_media":10535,"comment_status":"closed","ping_status":"closed","template":"","meta":{"pagelayer_contact_templates":[],"_pagelayer_content":""},"product_brand":[185],"product_cat":[157,169],"product_tag":[],"class_list":{"0":"post-9224","1":"product","2":"type-product","3":"status-publish","4":"has-post-thumbnail","6":"product_brand-xl-tools","7":"product_cat-roba-na-akciji","8":"product_cat-alat-za-elektricare","10":"first","11":"instock","12":"sale","13":"shipping-taxable","14":"purchasable","15":"product-type-simple"},"_links":{"self":[{"href":"https:\/\/amd-bl.website\/index.php?rest_route=\/wp\/v2\/product\/9224","targetHints":{"allow":["GET"]}}],"collection":[{"href":"https:\/\/amd-bl.website\/index.php?rest_route=\/wp\/v2\/product"}],"about":[{"href":"https:\/\/amd-bl.website\/index.php?rest_route=\/wp\/v2\/types\/product"}],"replies":[{"embeddable":true,"href":"https:\/\/amd-bl.website\/index.php?rest_route=%2Fwp%2Fv2%2Fcomments&post=9224"}],"wp:featuredmedia":[{"embeddable":true,"href":"https:\/\/amd-bl.website\/index.php?rest_route=\/wp\/v2\/media\/10535"}],"wp:attachment":[{"href":"https:\/\/amd-bl.website\/index.php?rest_route=%2Fwp%2Fv2%2Fmedia&parent=9224"}],"wp:term":[{"taxonomy":"product_brand","embeddable":true,"href":"https:\/\/amd-bl.website\/index.php?rest_route=%2Fwp%2Fv2%2Fproduct_brand&post=9224"},{"taxonomy":"product_cat","embeddable":true,"href":"https:\/\/amd-bl.website\/index.php?rest_route=%2Fwp%2Fv2%2Fproduct_cat&post=9224"},{"taxonomy":"product_tag","embeddable":true,"href":"https:\/\/amd-bl.website\/index.php?rest_route=%2Fwp%2Fv2%2Fproduct_tag&post=9224"}],"curies":[{"name":"wp","href":"https:\/\/api.w.org\/{rel}","templated":true}]}}