{"id":9222,"date":"2021-10-04T22:17:41","date_gmt":"2021-10-04T22:17:41","guid":{"rendered":"https:\/\/amd-bl.website\/?product=klp11-ljepilo-stapici-11kom-300mm"},"modified":"2025-12-13T09:49:51","modified_gmt":"2025-12-13T09:49:51","slug":"klp11-ljepilo-stapici-11kom-300mm","status":"publish","type":"product","link":"https:\/\/amd-bl.website\/?product=klp11-ljepilo-stapici-11kom-300mm","title":{"rendered":"KLP11 Ljepilo (\u0161tapi\u0107i) 11kom &#8211; 300mm"},"content":{"rendered":"<h3><span>Ljepilo za pi\u0161tolj u \u0161tapi\u0107ima 11x300mm, prozirno<\/span><\/h3>\n<p><span>Opis:<\/span><br \/>\n<span>Ljepilo za pi\u0161tolje je termoreaktivni proizvod namijenjen za upotrebu s elektri\u010dnim pi\u0161toljima.\u00a0Njegov glavni sastojak je poliolefin, koji, kada se otopi, stvara masu bez mirisa i boje.\u00a0Zahvaljuju\u0107i svojim svojstvima, ljepilo osigurava \u010dvrstu i izdr\u017eljivu vezu razli\u010ditih materijala, uz mogu\u0107nost korekcije polo\u017eaja spojenih elemenata prije nego \u0161to se potpuno stvrdnu.<\/span><\/p>\n<p><span>Dimenzije:<\/span><br \/>\n<span>Du\u017eina \u0161tapa: 300mm<\/span><br \/>\n<span>Pre\u010dnik \u0161tapa: 11mm<\/span><\/p>\n<p><span>Karakteristike:<\/span><br \/>\n<span>&#8211; Termoset<\/span><br \/>\n<span>&#8211; Proziran<\/span><br \/>\n<span>&#8211; Bez mirisa<\/span><br \/>\n<span>&#8211; Bezbojan<\/span><br \/>\n<span>&#8211; Visoka \u010dvrsto\u0107a vezivanja<\/span><br \/>\n<span>&#8211; Mogu\u0107nost korekcije polo\u017eaja pre stvrdnjavanja<\/span><\/p>\n<p><span>Parametri:<\/span><br \/>\n<span>\u0160ifra proizvoda: KLP11<\/span><br \/>\n<span>Dimenzije: 11x300mm<\/span><br \/>\n<span>Broj komada u pakovanju: oko 35<\/span><br \/>\n<span>Te\u017eina : 1kg<\/span><br \/>\n<span>Jedini\u010dne mjere: kg<\/span><br \/>\n<span>Bar kod EAN13: 5907630168962<\/span><br \/>\n<span>Marka proizvoda: XL-TOOLS<\/span><\/p>\n<p><span>Primjena:<\/span><br \/>\n<span>XL-TOOLS \u0161tapi\u0107i ljepila su univerzalno rje\u0161enje za spajanje mnogih materijala.\u00a0Pogodan je za ku\u0107ne poslove, zanate i DIY hobi projekte.\u00a0Efikasno povezuje drvo, plastiku, keramiku, kamen, a koristi se i za pri\u010dvr\u0161\u0107ivanje kablova i \u017eica kao i dekorativnih elemenata.\u00a0Pogodan je i za profesionalnu i za amatersku upotrebu.<\/span><\/p>\n<p><span>Upute za upotrebu:<\/span><br \/>\n<span>1. Ubacite \u0161tapi\u0107 ljepila u odgovaraju\u0107i pi\u0161tolj za ljepilo pre\u010dnika 11 mm.<\/span><br \/>\n<span>2. Uklju\u010dite pi\u0161tolj u izvor napajanja i pri\u010dekajte da se zagrije.<\/span><br \/>\n<span>3. Lagano pritisnite okida\u010d pi\u0161tolja da oslobodite otopljeni ljepilo na spojenim povr\u0161inama.<\/span><br \/>\n<span>4. Stavite i pritisnite komade zajedno na nekoliko sekundi kako bi veza bila jaka.<\/span><br \/>\n<span>5. Prije nego \u0161to se ljepilo potpuno stvrdne, po potrebi korigirajte polo\u017eaj spojenih dijelova.<\/span><br \/>\n<span>6. Ostavite ljepilo da se potpuno osu\u0161i prema uputama proizvo\u0111a\u010da.<\/span><br \/>\n<span>7. Nakon upotrebe, isklju\u010dite pi\u0161tolj iz struje i ostavite da se ohladi prije skladi\u0161tenja.<\/span><\/p>\n","protected":false},"excerpt":{"rendered":"<p>Ljepilo za pi\u0161tolj u \u0161tapi\u0107ima 11x300mm, prozirno Opis: Ljepilo za pi\u0161tolje je termoreaktivni proizvod namijenjen za upotrebu s elektri\u010dnim pi\u0161toljima.\u00a0Njegov glavni sastojak je poliolefin, koji, kada se otopi, stvara masu bez mirisa i boje.\u00a0Zahvaljuju\u0107i svojim svojstvima, ljepilo osigurava \u010dvrstu i izdr\u017eljivu vezu razli\u010ditih materijala, uz mogu\u0107nost korekcije polo\u017eaja spojenih elemenata prije nego \u0161to se potpuno [&hellip;]<\/p>\n","protected":false},"featured_media":10529,"comment_status":"closed","ping_status":"closed","template":"","meta":{"pagelayer_contact_templates":[],"_pagelayer_content":""},"product_brand":[],"product_cat":[157,169],"product_tag":[],"class_list":{"0":"post-9222","1":"product","2":"type-product","3":"status-publish","4":"has-post-thumbnail","6":"product_cat-roba-na-akciji","7":"product_cat-alat-za-elektricare","9":"first","10":"instock","11":"sale","12":"shipping-taxable","13":"purchasable","14":"product-type-simple"},"_links":{"self":[{"href":"https:\/\/amd-bl.website\/index.php?rest_route=\/wp\/v2\/product\/9222","targetHints":{"allow":["GET"]}}],"collection":[{"href":"https:\/\/amd-bl.website\/index.php?rest_route=\/wp\/v2\/product"}],"about":[{"href":"https:\/\/amd-bl.website\/index.php?rest_route=\/wp\/v2\/types\/product"}],"replies":[{"embeddable":true,"href":"https:\/\/amd-bl.website\/index.php?rest_route=%2Fwp%2Fv2%2Fcomments&post=9222"}],"wp:featuredmedia":[{"embeddable":true,"href":"https:\/\/amd-bl.website\/index.php?rest_route=\/wp\/v2\/media\/10529"}],"wp:attachment":[{"href":"https:\/\/amd-bl.website\/index.php?rest_route=%2Fwp%2Fv2%2Fmedia&parent=9222"}],"wp:term":[{"taxonomy":"product_brand","embeddable":true,"href":"https:\/\/amd-bl.website\/index.php?rest_route=%2Fwp%2Fv2%2Fproduct_brand&post=9222"},{"taxonomy":"product_cat","embeddable":true,"href":"https:\/\/amd-bl.website\/index.php?rest_route=%2Fwp%2Fv2%2Fproduct_cat&post=9222"},{"taxonomy":"product_tag","embeddable":true,"href":"https:\/\/amd-bl.website\/index.php?rest_route=%2Fwp%2Fv2%2Fproduct_tag&post=9222"}],"curies":[{"name":"wp","href":"https:\/\/api.w.org\/{rel}","templated":true}]}}