{"id":9201,"date":"2021-10-04T22:17:38","date_gmt":"2021-10-04T22:17:38","guid":{"rendered":"https:\/\/amd-bl.website\/?product=zon1-set-za-vulkanizaciju-pneumatika-5kom"},"modified":"2025-12-01T08:41:40","modified_gmt":"2025-12-01T08:41:40","slug":"zon1-set-za-vulkanizaciju-pneumatika-5kom","status":"publish","type":"product","link":"https:\/\/amd-bl.website\/?product=zon1-set-za-vulkanizaciju-pneumatika-5kom","title":{"rendered":"ZON1 Set za vulkanizaciju pneumatika 5kom"},"content":{"rendered":"<h3><span class=\"\">Set za popravak auto guma bez zra\u010dnica<\/span><\/h3>\n<p>Opis:<\/p>\n<p>Komplet za popravak automobilskih guma bez zra\u010dnica je pouzdan alat koji omogu\u0107uje brz i jeftin popravak o\u0161te\u0107enja noktiju.\u00a0Set se sastoji od reza\u010da, \u0161ila i pet brtvenih igala, sve pakirano u prakti\u010dan blister.<\/p>\n<p>Dimenzije:<br \/>\n&#8211; Te\u017eina: 0,145 kg<br \/>\n&#8211; Jedinica mjerenja: kom<br \/>\n&#8211; EAN13 bar kod: 5907630120328<\/p>\n<p>Karakteristike:<br \/>\n&#8211; Prakti\u010dni kit za popravak bez ljepila<br \/>\n&#8211; Savr\u0161en za gume automobila i motocikala<br \/>\n&#8211; Brz i u\u010dinkovit popravak probu\u0161ene gume<br \/>\n&#8211; Popravak bez muke i bez potrebe za uzimanjem gumu u radionicu<br \/>\n&#8211; U\u0161teda vremena, \u017eivaca i novca<\/p>\n<p>Primjena:<br \/>\nSet za popravak auto guma bez zra\u010dnica neophodan je alat svakog voza\u010da.\u00a0Omogu\u0107uje trenuta\u010dni popravak probu\u0161ene gume na licu mjesta, bez potrebe za odno\u0161enjem u radionicu.\u00a0Nakon zavr\u0161etka popravka i punjenja gume zrakom, mo\u017eete odmah nastaviti putovanje.\u00a0Zahvaljuju\u0107i ovom proizvodu, voza\u010d mo\u017ee sigurno i udobno do\u0107i do odredi\u0161ta, \u0161tede\u0107i vrijeme i novac.<\/p>\n","protected":false},"excerpt":{"rendered":"<p>Set za popravak auto guma bez zra\u010dnica Opis: Komplet za popravak automobilskih guma bez zra\u010dnica je pouzdan alat koji omogu\u0107uje brz i jeftin popravak o\u0161te\u0107enja noktiju.\u00a0Set se sastoji od reza\u010da, \u0161ila i pet brtvenih igala, sve pakirano u prakti\u010dan blister. Dimenzije: &#8211; Te\u017eina: 0,145 kg &#8211; Jedinica mjerenja: kom &#8211; EAN13 bar kod: 5907630120328 Karakteristike: [&hellip;]<\/p>\n","protected":false},"featured_media":10574,"comment_status":"closed","ping_status":"closed","template":"","meta":{"pagelayer_contact_templates":[],"_pagelayer_content":""},"product_brand":[],"product_cat":[167,102],"product_tag":[],"class_list":{"0":"post-9201","1":"product","2":"type-product","3":"status-publish","4":"has-post-thumbnail","6":"product_cat-automobilski-alati","7":"product_cat-razno","9":"first","10":"instock","11":"shipping-taxable","12":"purchasable","13":"product-type-simple"},"_links":{"self":[{"href":"https:\/\/amd-bl.website\/index.php?rest_route=\/wp\/v2\/product\/9201","targetHints":{"allow":["GET"]}}],"collection":[{"href":"https:\/\/amd-bl.website\/index.php?rest_route=\/wp\/v2\/product"}],"about":[{"href":"https:\/\/amd-bl.website\/index.php?rest_route=\/wp\/v2\/types\/product"}],"replies":[{"embeddable":true,"href":"https:\/\/amd-bl.website\/index.php?rest_route=%2Fwp%2Fv2%2Fcomments&post=9201"}],"wp:featuredmedia":[{"embeddable":true,"href":"https:\/\/amd-bl.website\/index.php?rest_route=\/wp\/v2\/media\/10574"}],"wp:attachment":[{"href":"https:\/\/amd-bl.website\/index.php?rest_route=%2Fwp%2Fv2%2Fmedia&parent=9201"}],"wp:term":[{"taxonomy":"product_brand","embeddable":true,"href":"https:\/\/amd-bl.website\/index.php?rest_route=%2Fwp%2Fv2%2Fproduct_brand&post=9201"},{"taxonomy":"product_cat","embeddable":true,"href":"https:\/\/amd-bl.website\/index.php?rest_route=%2Fwp%2Fv2%2Fproduct_cat&post=9201"},{"taxonomy":"product_tag","embeddable":true,"href":"https:\/\/amd-bl.website\/index.php?rest_route=%2Fwp%2Fv2%2Fproduct_tag&post=9201"}],"curies":[{"name":"wp","href":"https:\/\/api.w.org\/{rel}","templated":true}]}}