{"id":9186,"date":"2021-10-04T22:17:36","date_gmt":"2021-10-04T22:17:36","guid":{"rendered":"https:\/\/amd-bl.website\/?product=szc1-zicana-cetka-mesing"},"modified":"2025-11-11T10:18:40","modified_gmt":"2025-11-11T10:18:40","slug":"szc1-zicana-cetka-mesing","status":"publish","type":"product","link":"https:\/\/amd-bl.website\/?product=szc1-zicana-cetka-mesing","title":{"rendered":"SZC1 \u017di\u010dana \u010detka mesing"},"content":{"rendered":"","protected":false},"excerpt":{"rendered":"","protected":false},"featured_media":10571,"comment_status":"closed","ping_status":"closed","template":"","meta":{"pagelayer_contact_templates":[],"_pagelayer_content":""},"product_brand":[],"product_cat":[157,70],"product_tag":[],"class_list":{"0":"post-9186","1":"product","2":"type-product","3":"status-publish","4":"has-post-thumbnail","6":"product_cat-roba-na-akciji","7":"product_cat-zicane-cetke-i-diskovi","9":"first","10":"instock","11":"sale","12":"shipping-taxable","13":"purchasable","14":"product-type-simple"},"_links":{"self":[{"href":"https:\/\/amd-bl.website\/index.php?rest_route=\/wp\/v2\/product\/9186","targetHints":{"allow":["GET"]}}],"collection":[{"href":"https:\/\/amd-bl.website\/index.php?rest_route=\/wp\/v2\/product"}],"about":[{"href":"https:\/\/amd-bl.website\/index.php?rest_route=\/wp\/v2\/types\/product"}],"replies":[{"embeddable":true,"href":"https:\/\/amd-bl.website\/index.php?rest_route=%2Fwp%2Fv2%2Fcomments&post=9186"}],"wp:featuredmedia":[{"embeddable":true,"href":"https:\/\/amd-bl.website\/index.php?rest_route=\/wp\/v2\/media\/10571"}],"wp:attachment":[{"href":"https:\/\/amd-bl.website\/index.php?rest_route=%2Fwp%2Fv2%2Fmedia&parent=9186"}],"wp:term":[{"taxonomy":"product_brand","embeddable":true,"href":"https:\/\/amd-bl.website\/index.php?rest_route=%2Fwp%2Fv2%2Fproduct_brand&post=9186"},{"taxonomy":"product_cat","embeddable":true,"href":"https:\/\/amd-bl.website\/index.php?rest_route=%2Fwp%2Fv2%2Fproduct_cat&post=9186"},{"taxonomy":"product_tag","embeddable":true,"href":"https:\/\/amd-bl.website\/index.php?rest_route=%2Fwp%2Fv2%2Fproduct_tag&post=9186"}],"curies":[{"name":"wp","href":"https:\/\/api.w.org\/{rel}","templated":true}]}}