{"id":8750,"date":"2021-10-04T22:16:30","date_gmt":"2021-10-04T22:16:30","guid":{"rendered":"https:\/\/amd-bl.website\/?product=zr10192-odvijac-torx-sa-otvorom-t20x100mm-proline"},"modified":"2024-03-17T20:30:24","modified_gmt":"2024-03-17T20:30:24","slug":"zr10192-odvijac-torx-sa-otvorom-t20x100mm-proline","status":"publish","type":"product","link":"https:\/\/amd-bl.website\/?product=zr10192-odvijac-torx-sa-otvorom-t20x100mm-proline","title":{"rendered":"ZR10192 Odvija\u010d TORX sa otvorom T20x100mm PROLINE"},"content":{"rendered":"<div class=\"productIcons\">\n<div class=\"productIcon\"><img decoding=\"async\" src=\"https:\/\/www.proline-tools.com.pl\/public\/img\/iko\/00197.png\" \/> <img decoding=\"async\" src=\"https:\/\/www.proline-tools.com.pl\/public\/img\/iko\/00285.png\" \/> <img decoding=\"async\" src=\"https:\/\/www.proline-tools.com.pl\/public\/img\/iko\/00284.png\" \/> <img decoding=\"async\" src=\"https:\/\/www.proline-tools.com.pl\/public\/img\/iko\/00283.png\" \/><\/div>\n<\/div>\n<div class=\"productFeatures\">\n<ul>\n<li>Dvokomponentna \u010degrtaljka izra\u0111ena od tvrdog i mekog, neklizaju\u0107eg materijala<\/li>\n<li>O\u0161trice \u0161irine do i uklju\u010duju\u0107i 5 mm imaju vrhove ormara<\/li>\n<li>\u010cegrtaljka ozna\u010dena bojom: &#8211; &#8211; crvena &#8211; PH &#8211; plava &#8211; PZ &#8211; zelena &#8211; TORX &#8211; \u017euta<\/li>\n<li>O\u0161trice \u0161irine preko 6 mm imaju vrhove kamen\u010di\u0107a<\/li>\n<\/ul>\n<\/div>\n","protected":false},"excerpt":{"rendered":"<p>Dvokomponentna \u010degrtaljka izra\u0111ena od tvrdog i mekog, neklizaju\u0107eg materijala O\u0161trice \u0161irine do i uklju\u010duju\u0107i 5 mm imaju vrhove ormara \u010cegrtaljka ozna\u010dena bojom: &#8211; &#8211; crvena &#8211; PH &#8211; plava &#8211; PZ &#8211; zelena &#8211; TORX &#8211; \u017euta O\u0161trice \u0161irine preko 6 mm imaju vrhove kamen\u010di\u0107a<\/p>\n","protected":false},"featured_media":13447,"comment_status":"closed","ping_status":"closed","template":"","meta":{"pagelayer_contact_templates":[],"_pagelayer_content":""},"product_brand":[],"product_cat":[154],"product_tag":[],"class_list":{"0":"post-8750","1":"product","2":"type-product","3":"status-publish","4":"has-post-thumbnail","6":"product_cat-izvijaci-2","8":"first","9":"instock","10":"shipping-taxable","11":"purchasable","12":"product-type-simple"},"_links":{"self":[{"href":"https:\/\/amd-bl.website\/index.php?rest_route=\/wp\/v2\/product\/8750","targetHints":{"allow":["GET"]}}],"collection":[{"href":"https:\/\/amd-bl.website\/index.php?rest_route=\/wp\/v2\/product"}],"about":[{"href":"https:\/\/amd-bl.website\/index.php?rest_route=\/wp\/v2\/types\/product"}],"replies":[{"embeddable":true,"href":"https:\/\/amd-bl.website\/index.php?rest_route=%2Fwp%2Fv2%2Fcomments&post=8750"}],"wp:featuredmedia":[{"embeddable":true,"href":"https:\/\/amd-bl.website\/index.php?rest_route=\/wp\/v2\/media\/13447"}],"wp:attachment":[{"href":"https:\/\/amd-bl.website\/index.php?rest_route=%2Fwp%2Fv2%2Fmedia&parent=8750"}],"wp:term":[{"taxonomy":"product_brand","embeddable":true,"href":"https:\/\/amd-bl.website\/index.php?rest_route=%2Fwp%2Fv2%2Fproduct_brand&post=8750"},{"taxonomy":"product_cat","embeddable":true,"href":"https:\/\/amd-bl.website\/index.php?rest_route=%2Fwp%2Fv2%2Fproduct_cat&post=8750"},{"taxonomy":"product_tag","embeddable":true,"href":"https:\/\/amd-bl.website\/index.php?rest_route=%2Fwp%2Fv2%2Fproduct_tag&post=8750"}],"curies":[{"name":"wp","href":"https:\/\/api.w.org\/{rel}","templated":true}]}}