{"id":8104,"date":"2021-10-04T22:15:09","date_gmt":"2021-10-04T22:15:09","guid":{"rendered":"https:\/\/amd-bl.website\/?product=spuzva-za-poliranje-crna-valovita-cicak-2-5cm-t-01128"},"modified":"2024-08-17T10:24:08","modified_gmt":"2024-08-17T10:24:08","slug":"spuzva-za-poliranje-crna-valovita-cicak-2-5cm-t-01128","status":"publish","type":"product","link":"https:\/\/amd-bl.website\/?product=spuzva-za-poliranje-crna-valovita-cicak-2-5cm-t-01128","title":{"rendered":"Spu\u017eva za poliranje crna-valovita-\u010di\u010dak 2 5cm T-01128"},"content":{"rendered":"","protected":false},"excerpt":{"rendered":"","protected":false},"featured_media":11237,"comment_status":"closed","ping_status":"closed","template":"","meta":{"pagelayer_contact_templates":[],"_pagelayer_content":""},"product_brand":[],"product_cat":[36,58],"product_tag":[],"class_list":{"0":"post-8104","1":"product","2":"type-product","3":"status-publish","4":"has-post-thumbnail","6":"product_cat-36","7":"product_cat-polir-paste-spuzve","9":"first","10":"instock","11":"shipping-taxable","12":"purchasable","13":"product-type-simple"},"_links":{"self":[{"href":"https:\/\/amd-bl.website\/index.php?rest_route=\/wp\/v2\/product\/8104","targetHints":{"allow":["GET"]}}],"collection":[{"href":"https:\/\/amd-bl.website\/index.php?rest_route=\/wp\/v2\/product"}],"about":[{"href":"https:\/\/amd-bl.website\/index.php?rest_route=\/wp\/v2\/types\/product"}],"replies":[{"embeddable":true,"href":"https:\/\/amd-bl.website\/index.php?rest_route=%2Fwp%2Fv2%2Fcomments&post=8104"}],"wp:featuredmedia":[{"embeddable":true,"href":"https:\/\/amd-bl.website\/index.php?rest_route=\/wp\/v2\/media\/11237"}],"wp:attachment":[{"href":"https:\/\/amd-bl.website\/index.php?rest_route=%2Fwp%2Fv2%2Fmedia&parent=8104"}],"wp:term":[{"taxonomy":"product_brand","embeddable":true,"href":"https:\/\/amd-bl.website\/index.php?rest_route=%2Fwp%2Fv2%2Fproduct_brand&post=8104"},{"taxonomy":"product_cat","embeddable":true,"href":"https:\/\/amd-bl.website\/index.php?rest_route=%2Fwp%2Fv2%2Fproduct_cat&post=8104"},{"taxonomy":"product_tag","embeddable":true,"href":"https:\/\/amd-bl.website\/index.php?rest_route=%2Fwp%2Fv2%2Fproduct_tag&post=8104"}],"curies":[{"name":"wp","href":"https:\/\/api.w.org\/{rel}","templated":true}]}}