{"id":8067,"date":"2021-10-04T22:15:03","date_gmt":"2021-10-04T22:15:03","guid":{"rendered":"https:\/\/amd-bl.website\/?product=spuzva-za-poliranje-glatka-bijela-m14-5cm-t-01111"},"modified":"2024-12-30T20:36:10","modified_gmt":"2024-12-30T20:36:10","slug":"spuzva-za-poliranje-glatka-bijela-m14-5cm-t-01111","status":"publish","type":"product","link":"https:\/\/amd-bl.website\/?product=spuzva-za-poliranje-glatka-bijela-m14-5cm-t-01111","title":{"rendered":"Spu\u017eva za poliranje-glatka-bijela M14 5cm T-01111"},"content":{"rendered":"<p>Spu\u017eva za poliranje je namenjena za poliranje i bru\u0161enje automobilskih boja i premaza raznih vrsta.\u00a0Izra\u0111en je od pa\u017eljivo odabranih materijala najvi\u0161eg kvaliteta, koji mu osiguravaju visoku efikasnost i \u010dvrsto\u0107u tokom rada.\u00a0Mo\u017ee se koristiti sa razli\u010ditim vrstama pasta za poliranje (uklju\u010duju\u0107i i krupnozrnate).\u00a0Za mokru i suvu upotrebu, u rasponu brzina od 600 do 2600 o\/min bez optere\u0107enja.<\/p>\n","protected":false},"excerpt":{"rendered":"<p>Spu\u017eva za poliranje je namenjena za poliranje i bru\u0161enje automobilskih boja i premaza raznih vrsta.\u00a0Izra\u0111en je od pa\u017eljivo odabranih materijala najvi\u0161eg kvaliteta, koji mu osiguravaju visoku efikasnost i \u010dvrsto\u0107u tokom rada.\u00a0Mo\u017ee se koristiti sa razli\u010ditim vrstama pasta za poliranje (uklju\u010duju\u0107i i krupnozrnate).\u00a0Za mokru i suvu upotrebu, u rasponu brzina od 600 do 2600 o\/min bez [&hellip;]<\/p>\n","protected":false},"featured_media":11237,"comment_status":"closed","ping_status":"closed","template":"","meta":{"pagelayer_contact_templates":[],"_pagelayer_content":""},"product_brand":[],"product_cat":[58],"product_tag":[],"class_list":{"0":"post-8067","1":"product","2":"type-product","3":"status-publish","4":"has-post-thumbnail","6":"product_cat-polir-paste-spuzve","8":"first","9":"instock","10":"shipping-taxable","11":"purchasable","12":"product-type-simple"},"_links":{"self":[{"href":"https:\/\/amd-bl.website\/index.php?rest_route=\/wp\/v2\/product\/8067","targetHints":{"allow":["GET"]}}],"collection":[{"href":"https:\/\/amd-bl.website\/index.php?rest_route=\/wp\/v2\/product"}],"about":[{"href":"https:\/\/amd-bl.website\/index.php?rest_route=\/wp\/v2\/types\/product"}],"replies":[{"embeddable":true,"href":"https:\/\/amd-bl.website\/index.php?rest_route=%2Fwp%2Fv2%2Fcomments&post=8067"}],"wp:featuredmedia":[{"embeddable":true,"href":"https:\/\/amd-bl.website\/index.php?rest_route=\/wp\/v2\/media\/11237"}],"wp:attachment":[{"href":"https:\/\/amd-bl.website\/index.php?rest_route=%2Fwp%2Fv2%2Fmedia&parent=8067"}],"wp:term":[{"taxonomy":"product_brand","embeddable":true,"href":"https:\/\/amd-bl.website\/index.php?rest_route=%2Fwp%2Fv2%2Fproduct_brand&post=8067"},{"taxonomy":"product_cat","embeddable":true,"href":"https:\/\/amd-bl.website\/index.php?rest_route=%2Fwp%2Fv2%2Fproduct_cat&post=8067"},{"taxonomy":"product_tag","embeddable":true,"href":"https:\/\/amd-bl.website\/index.php?rest_route=%2Fwp%2Fv2%2Fproduct_tag&post=8067"}],"curies":[{"name":"wp","href":"https:\/\/api.w.org\/{rel}","templated":true}]}}