{"id":7938,"date":"2021-10-04T22:14:47","date_gmt":"2021-10-04T22:14:47","guid":{"rendered":"https:\/\/amd-bl.website\/?product=52851-set-od-2-poluge"},"modified":"2026-03-23T12:53:37","modified_gmt":"2026-03-23T12:53:37","slug":"52851-set-od-2-poluge","status":"publish","type":"product","link":"https:\/\/amd-bl.website\/?product=52851-set-od-2-poluge","title":{"rendered":"52851 SET alata za uklanjanje kop\u010di"},"content":{"rendered":"<pre>Se<span dir=\"auto\">Set od 2 poluge za skidanje panela karoserije dizajnirane s o\u0161trim, izdr\u017eljivim krajevima koji klize ispod kop\u010di i podi\u017eu ih bez o\u0161te\u0107enja povr\u0161ine.<\/span>\r\n\r\n<span dir=\"auto\">Prednosti:<\/span>\r\n<span dir=\"auto\">\u2713 Efikasnost<\/span>\r\n<span dir=\"auto\">\u2713 Jednostavnost upotrebe<\/span>\r\n<span dir=\"auto\">\u2713 Spre\u010dava o\u0161te\u0107enje i lom dijelova<\/span>\r\n\r\n<span dir=\"auto\">Dimenzije:<\/span>\r\n<span dir=\"auto\">220 x7 mm<\/span>\r\n<span dir=\"auto\">245 x 8,5 mm<\/span>t za skidanje tapacirunga<\/pre>\n","protected":false},"excerpt":{"rendered":"<pre><b><span dir=\"auto\"><strong>EAN:<\/strong>\u00a08435034528510<\/span><\/b>\r\n\r\n<b><span dir=\"auto\">Komada<\/span><\/b><span dir=\"auto\">\u00a02<\/span>\r\n<b><span dir=\"auto\">Te\u017eina<\/span><\/b><span dir=\"auto\">\u00a00,35 kg<\/span>\r\n<b><span dir=\"auto\">Dimenzije (Dx\u0160xV)<\/span><\/b><span dir=\"auto\">\u00a0310x103x30 mm<\/span><\/pre>\n","protected":false},"featured_media":19794,"comment_status":"closed","ping_status":"closed","template":"","meta":{"pagelayer_contact_templates":[],"_pagelayer_content":""},"product_brand":[178],"product_cat":[159,177,180],"product_tag":[],"class_list":{"0":"post-7938","1":"product","2":"type-product","3":"status-publish","4":"has-post-thumbnail","6":"product_brand-jbm-tools","7":"product_cat-mehanicarski-alati","8":"product_cat-2_jbm-tools","9":"product_cat-rucni-alat","11":"first","12":"instock","13":"shipping-taxable","14":"product-type-simple"},"_links":{"self":[{"href":"https:\/\/amd-bl.website\/index.php?rest_route=\/wp\/v2\/product\/7938","targetHints":{"allow":["GET"]}}],"collection":[{"href":"https:\/\/amd-bl.website\/index.php?rest_route=\/wp\/v2\/product"}],"about":[{"href":"https:\/\/amd-bl.website\/index.php?rest_route=\/wp\/v2\/types\/product"}],"replies":[{"embeddable":true,"href":"https:\/\/amd-bl.website\/index.php?rest_route=%2Fwp%2Fv2%2Fcomments&post=7938"}],"wp:featuredmedia":[{"embeddable":true,"href":"https:\/\/amd-bl.website\/index.php?rest_route=\/wp\/v2\/media\/19794"}],"wp:attachment":[{"href":"https:\/\/amd-bl.website\/index.php?rest_route=%2Fwp%2Fv2%2Fmedia&parent=7938"}],"wp:term":[{"taxonomy":"product_brand","embeddable":true,"href":"https:\/\/amd-bl.website\/index.php?rest_route=%2Fwp%2Fv2%2Fproduct_brand&post=7938"},{"taxonomy":"product_cat","embeddable":true,"href":"https:\/\/amd-bl.website\/index.php?rest_route=%2Fwp%2Fv2%2Fproduct_cat&post=7938"},{"taxonomy":"product_tag","embeddable":true,"href":"https:\/\/amd-bl.website\/index.php?rest_route=%2Fwp%2Fv2%2Fproduct_tag&post=7938"}],"curies":[{"name":"wp","href":"https:\/\/api.w.org\/{rel}","templated":true}]}}