{"id":19944,"date":"2026-04-06T14:25:24","date_gmt":"2026-04-06T14:25:24","guid":{"rendered":"https:\/\/amd-bl.website\/?post_type=product&#038;p=19944"},"modified":"2026-04-15T09:04:34","modified_gmt":"2026-04-15T09:04:34","slug":"53069-alat-za-vadjenje-dizni-za-citroen-peugeot-fiat","status":"publish","type":"product","link":"https:\/\/amd-bl.website\/?product=53069-alat-za-vadjenje-dizni-za-citroen-peugeot-fiat","title":{"rendered":"53069 ALAT ZA VA\u0110ENJE DIZNI ZA CITRO\u00cbN\/PEUGEOT\/FIAT"},"content":{"rendered":"<p><span dir=\"auto\">Citroen 2.0HDi Primene<\/span><span dir=\"auto\">:<\/span><br \/>\n<span dir=\"auto\">C4 (04-13), C4 Picasso\/Grand Picasso (06-13), DS4 (11-13), C5 (04-15), DS5 (12-15), C8 (02-10), Dispatch (99-12), Jumpy III (07-12)<\/span><\/p>\n<p><span dir=\"auto\">Citroen:<\/span><br \/>\n<span dir=\"auto\">07-12 (07-09), C6 (06-11), C8 (02-10), C-Crosser (07-12)<\/span><\/p>\n<p><span dir=\"auto\">Peugeot 2.0HDi:<\/span><br \/>\n<span dir=\"auto\">307 (01-09), 308 (07-16), 3008 (02-15), 407 (04-12), 407 (04-12), 508 (04-12), 508 607 (00-11), RCZ (10-15), Expert III (07-16)<\/span><\/p>\n<p><span dir=\"auto\">Peugeot 2.2HDi:<\/span><br \/>\n<span dir=\"auto\">508 (11-15), 4007 (07-12), 607 (00-09), 807 (02-10)<\/span><\/p>\n<p><span dir=\"auto\">Fiat 2.0D Multijet:<\/span><br \/>\n<span dir=\"auto\">Scudo (07-13)<\/span><\/p>\n<p><span dir=\"auto\">Kodovi motora:<\/span><br \/>\n<span dir=\"auto\">DW10ATD (RHY), DW10ATD (RHY), DW10RHW, RHD4, RHD40 (RHT), DW10ATED4 (RHM, RHW), DW10BTED\/L3 (RHX, RHZ), DW10BTED (RHX), DW10BTED4 (RHF, RHJ, RHL, RHR), DW10C (RHD, RHH), DW10CD (AHX, RHZ, RHCTED, RH, RHC0, DW10 RH02), DW10FD (AHX), DW10JATED4 (RHM, RHW), DW10JTED4 (RHW), DW10TD (RHY, RHZ), DW10UTD (RHV), DW10UTED4 (RHG, RHK), DW12ATED (4HX, 4HZ), DW12ATED4\/L4 (4HW), DW12BTED4 (4HP, 4HR, 4HS, 4HT, 4HX), DW12CTED4 (4HL), DW12MTED4 (4HK, 4HN), DW12TED4 (4HX), DW12UTED (4HY)<\/span><\/p>\n<p><span dir=\"auto\">Sadr\u017ei<\/span><\/p>\n<p><span dir=\"auto\">1x Bazu<\/span><span dir=\"auto\">,<\/span><\/p>\n<p>3x Stubove baze,<\/p>\n<p><span dir=\"auto\">2x Vretena za izvla\u010denje &#8211; \u00d817mm, \u00d825mm,<\/span><\/p>\n<p><span dir=\"auto\">1x Maticu vretena,<\/span><\/p>\n<p><span dir=\"auto\">2x Nastavke za injektore 25mm i 29mm<\/span><\/p>\n<p><span dir=\"auto\">1x Sigurnosni imbus klju\u010d 21mm<\/span><\/p>\n","protected":false},"excerpt":{"rendered":"<p><strong><span dir=\"auto\">EAN:<\/span><\/strong><span dir=\"auto\">\u00a08435034530698<\/span><\/p>\n<p><span dir=\"auto\">9\u00a0<b>dijelova<\/b><\/span><br \/>\n<b><span dir=\"auto\">Marke<\/span><\/b><span dir=\"auto\">\u00a0CITRO\u00cbN, PEUGEOT, FIAT<\/span><br \/>\n<b><span dir=\"auto\">Te\u017eina<\/span><\/b><span dir=\"auto\">\u00a03,44 kg<\/span><br \/>\n<b><span dir=\"auto\">Dimenzije (Dx\u0160xV)<\/span><\/b><span dir=\"auto\">\u00a0300x220x65 mm<\/span><\/p>\n","protected":false},"featured_media":19945,"comment_status":"open","ping_status":"closed","template":"","meta":{"pagelayer_contact_templates":[],"_pagelayer_content":""},"product_brand":[178],"product_cat":[159,180],"product_tag":[],"class_list":{"0":"post-19944","1":"product","2":"type-product","3":"status-publish","4":"has-post-thumbnail","6":"product_brand-jbm-tools","7":"product_cat-mehanicarski-alati","8":"product_cat-rucni-alat","10":"first","11":"instock","12":"shipping-taxable","13":"purchasable","14":"product-type-simple"},"_links":{"self":[{"href":"https:\/\/amd-bl.website\/index.php?rest_route=\/wp\/v2\/product\/19944","targetHints":{"allow":["GET"]}}],"collection":[{"href":"https:\/\/amd-bl.website\/index.php?rest_route=\/wp\/v2\/product"}],"about":[{"href":"https:\/\/amd-bl.website\/index.php?rest_route=\/wp\/v2\/types\/product"}],"replies":[{"embeddable":true,"href":"https:\/\/amd-bl.website\/index.php?rest_route=%2Fwp%2Fv2%2Fcomments&post=19944"}],"wp:featuredmedia":[{"embeddable":true,"href":"https:\/\/amd-bl.website\/index.php?rest_route=\/wp\/v2\/media\/19945"}],"wp:attachment":[{"href":"https:\/\/amd-bl.website\/index.php?rest_route=%2Fwp%2Fv2%2Fmedia&parent=19944"}],"wp:term":[{"taxonomy":"product_brand","embeddable":true,"href":"https:\/\/amd-bl.website\/index.php?rest_route=%2Fwp%2Fv2%2Fproduct_brand&post=19944"},{"taxonomy":"product_cat","embeddable":true,"href":"https:\/\/amd-bl.website\/index.php?rest_route=%2Fwp%2Fv2%2Fproduct_cat&post=19944"},{"taxonomy":"product_tag","embeddable":true,"href":"https:\/\/amd-bl.website\/index.php?rest_route=%2Fwp%2Fv2%2Fproduct_tag&post=19944"}],"curies":[{"name":"wp","href":"https:\/\/api.w.org\/{rel}","templated":true}]}}