{"id":19893,"date":"2026-04-03T15:27:44","date_gmt":"2026-04-03T15:27:44","guid":{"rendered":"https:\/\/amd-bl.website\/?post_type=product&#038;p=19893"},"modified":"2026-04-15T08:26:03","modified_gmt":"2026-04-15T08:26:03","slug":"52454-uklanjanje-rucice-brisaca-vjetrobranskog-stakla","status":"publish","type":"product","link":"https:\/\/amd-bl.website\/?product=52454-uklanjanje-rucice-brisaca-vjetrobranskog-stakla","title":{"rendered":"52454 UKLANJANJE RU\u010cICE BRISA\u010cA VJETROBRANSKOG STAKLA"},"content":{"rendered":"<p>Maks. pre\u010dnik: 45 mm Min. pre\u010dnik: 8 mm<\/p>\n","protected":false},"excerpt":{"rendered":"<p><b><span dir=\"auto\"><strong><span dir=\"auto\" style=\"vertical-align: inherit;\"><span dir=\"auto\" style=\"vertical-align: inherit;\">EAN:<\/span><\/span><\/strong><span dir=\"auto\" style=\"vertical-align: inherit;\"><span dir=\"auto\" style=\"vertical-align: inherit;\"> \u00a08435034524543<\/span><\/span><\/span><\/b><\/p>\n<p><b><span dir=\"auto\"><span dir=\"auto\" style=\"vertical-align: inherit;\"><span dir=\"auto\" style=\"vertical-align: inherit;\">Otvor<\/span><\/span><\/span><\/b><span dir=\"auto\"><span dir=\"auto\" style=\"vertical-align: inherit;\"><span dir=\"auto\" style=\"vertical-align: inherit;\"> \u00a08-45mm <\/span><\/span><\/span><br \/>\n<b><span dir=\"auto\"><span dir=\"auto\" style=\"vertical-align: inherit;\"><span dir=\"auto\" style=\"vertical-align: inherit;\">Te\u017eina<\/span><\/span><\/span><\/b><span dir=\"auto\"><span dir=\"auto\" style=\"vertical-align: inherit;\"><span dir=\"auto\" style=\"vertical-align: inherit;\"> \u00a00,20Kg <\/span><\/span><\/span><br \/>\n<b><span dir=\"auto\"><span dir=\"auto\" style=\"vertical-align: inherit;\"><span dir=\"auto\" style=\"vertical-align: inherit;\">Dimenzije (Dx\u0160xV)<\/span><\/span><\/span><\/b><span dir=\"auto\"><span dir=\"auto\" style=\"vertical-align: inherit;\"><span dir=\"auto\" style=\"vertical-align: inherit;\"> \u00a0160x100x50mm<\/span><\/span><\/span><\/p>\n","protected":false},"featured_media":19894,"comment_status":"open","ping_status":"closed","template":"","meta":{"pagelayer_contact_templates":[],"_pagelayer_content":""},"product_brand":[178],"product_cat":[159,180],"product_tag":[],"class_list":{"0":"post-19893","1":"product","2":"type-product","3":"status-publish","4":"has-post-thumbnail","6":"product_brand-jbm-tools","7":"product_cat-mehanicarski-alati","8":"product_cat-rucni-alat","10":"first","11":"instock","12":"shipping-taxable","13":"purchasable","14":"product-type-simple"},"_links":{"self":[{"href":"https:\/\/amd-bl.website\/index.php?rest_route=\/wp\/v2\/product\/19893","targetHints":{"allow":["GET"]}}],"collection":[{"href":"https:\/\/amd-bl.website\/index.php?rest_route=\/wp\/v2\/product"}],"about":[{"href":"https:\/\/amd-bl.website\/index.php?rest_route=\/wp\/v2\/types\/product"}],"replies":[{"embeddable":true,"href":"https:\/\/amd-bl.website\/index.php?rest_route=%2Fwp%2Fv2%2Fcomments&post=19893"}],"wp:featuredmedia":[{"embeddable":true,"href":"https:\/\/amd-bl.website\/index.php?rest_route=\/wp\/v2\/media\/19894"}],"wp:attachment":[{"href":"https:\/\/amd-bl.website\/index.php?rest_route=%2Fwp%2Fv2%2Fmedia&parent=19893"}],"wp:term":[{"taxonomy":"product_brand","embeddable":true,"href":"https:\/\/amd-bl.website\/index.php?rest_route=%2Fwp%2Fv2%2Fproduct_brand&post=19893"},{"taxonomy":"product_cat","embeddable":true,"href":"https:\/\/amd-bl.website\/index.php?rest_route=%2Fwp%2Fv2%2Fproduct_cat&post=19893"},{"taxonomy":"product_tag","embeddable":true,"href":"https:\/\/amd-bl.website\/index.php?rest_route=%2Fwp%2Fv2%2Fproduct_tag&post=19893"}],"curies":[{"name":"wp","href":"https:\/\/api.w.org\/{rel}","templated":true}]}}