{"id":19883,"date":"2026-04-03T14:00:17","date_gmt":"2026-04-03T14:00:17","guid":{"rendered":"https:\/\/amd-bl.website\/?post_type=product&#038;p=19883"},"modified":"2026-04-14T11:06:58","modified_gmt":"2026-04-14T11:06:58","slug":"54789-prednji-zastitnik-automobila","status":"publish","type":"product","link":"https:\/\/amd-bl.website\/?product=54789-prednji-zastitnik-automobila","title":{"rendered":"54789 PREDNJI ZA\u0160TITNIK AUTOMOBILA"},"content":{"rendered":"<p>\u0160titi vozilo od ogrebotina na karoseriji tokom odr\u017eavanja i popravki motora. Ima plasti\u010dne kuke i otvore za ventilaciju motora i pregled farova.<\/p>\n","protected":false},"excerpt":{"rendered":"<p><strong><span dir=\"auto\">EAN:<\/span><\/strong><span dir=\"auto\">\u00a08435034547894<\/span><\/p>\n<p><b><span dir=\"auto\">Materijal:<\/span><\/b><span dir=\"auto\">\u00a0Poliester\/poliester;<\/span><br \/>\n<b><span dir=\"auto\">Te\u017eina<\/span><\/b><span dir=\"auto\">\u00a0: 0,95 kg<\/span><br \/>\n<b><span dir=\"auto\">; Dimenzije sklopljenog:<\/span><\/b><span dir=\"auto\">\u00a0330 x 50 x 210 mm;<\/span><br \/>\n<b><span dir=\"auto\">Dimenzije sklopljenog:<\/span><\/b><span dir=\"auto\">\u00a04050 x 725 mm<\/span><\/p>\n","protected":false},"featured_media":19884,"comment_status":"open","ping_status":"closed","template":"","meta":{"pagelayer_contact_templates":[],"_pagelayer_content":""},"product_brand":[178],"product_cat":[72],"product_tag":[],"class_list":{"0":"post-19883","1":"product","2":"type-product","3":"status-publish","4":"has-post-thumbnail","6":"product_brand-jbm-tools","7":"product_cat-potrosni-materijali-i-oprema-za-radionice","9":"first","10":"instock","11":"shipping-taxable","12":"purchasable","13":"product-type-simple"},"_links":{"self":[{"href":"https:\/\/amd-bl.website\/index.php?rest_route=\/wp\/v2\/product\/19883","targetHints":{"allow":["GET"]}}],"collection":[{"href":"https:\/\/amd-bl.website\/index.php?rest_route=\/wp\/v2\/product"}],"about":[{"href":"https:\/\/amd-bl.website\/index.php?rest_route=\/wp\/v2\/types\/product"}],"replies":[{"embeddable":true,"href":"https:\/\/amd-bl.website\/index.php?rest_route=%2Fwp%2Fv2%2Fcomments&post=19883"}],"wp:featuredmedia":[{"embeddable":true,"href":"https:\/\/amd-bl.website\/index.php?rest_route=\/wp\/v2\/media\/19884"}],"wp:attachment":[{"href":"https:\/\/amd-bl.website\/index.php?rest_route=%2Fwp%2Fv2%2Fmedia&parent=19883"}],"wp:term":[{"taxonomy":"product_brand","embeddable":true,"href":"https:\/\/amd-bl.website\/index.php?rest_route=%2Fwp%2Fv2%2Fproduct_brand&post=19883"},{"taxonomy":"product_cat","embeddable":true,"href":"https:\/\/amd-bl.website\/index.php?rest_route=%2Fwp%2Fv2%2Fproduct_cat&post=19883"},{"taxonomy":"product_tag","embeddable":true,"href":"https:\/\/amd-bl.website\/index.php?rest_route=%2Fwp%2Fv2%2Fproduct_tag&post=19883"}],"curies":[{"name":"wp","href":"https:\/\/api.w.org\/{rel}","templated":true}]}}