{"id":19875,"date":"2026-04-02T18:09:14","date_gmt":"2026-04-02T18:09:14","guid":{"rendered":"https:\/\/amd-bl.website\/?post_type=product&#038;p=19875"},"modified":"2026-04-14T11:05:31","modified_gmt":"2026-04-14T11:05:31","slug":"53595-crijevo-za-vazduh-10mm-25m","status":"publish","type":"product","link":"https:\/\/amd-bl.website\/?product=53595-crijevo-za-vazduh-10mm-25m","title":{"rendered":"53595 CRIJEVO ZA VAZDUH 10MM &#8211; 25M"},"content":{"rendered":"<p><span dir=\"auto\">Visoko fleksibilno crijevo. Vra\u0107a se u prvobitni oblik.<\/span><br \/>\n<span dir=\"auto\">Glatka povr\u0161ina, ne o\u0161te\u0107uje boju.<\/span><br \/>\n<span dir=\"auto\">Veoma izdr\u017eljivo.<\/span><\/p>\n<p><span dir=\"auto\">Hibridni polimer.<\/span><\/p>\n<p><span dir=\"auto\">Unutra\u0161nji pre\u010dnik: 10 mm<\/span><br \/>\n<span dir=\"auto\">Vanjski pre\u010dnik: 15 mm<\/span><br \/>\n<span dir=\"auto\">Du\u017eina: 25 m<\/span><br \/>\n<span dir=\"auto\">Materijal: Hibridni polimer<\/span><\/p>\n<p><span dir=\"auto\">Radni pritisak: 300 PSI \/ 20 BAR<\/span><br \/>\n<span dir=\"auto\">Pritisak pucanja: 950 PSI \/ 65 BAR<\/span><br \/>\n<span dir=\"auto\">Radna temperatura: -40\u00baC do 65\u00baC<\/span><\/p>\n<p><span dir=\"auto\">Za upotrebu sa ref. 52737 (M10)<\/span><\/p>\n","protected":false},"excerpt":{"rendered":"<p>EAM: 8435034535952<\/p>\n<p><b><span dir=\"auto\">Maksimalni radni pritisak<\/span><\/b><span dir=\"auto\">\u00a020 BAR<\/span><br \/>\n<b><span dir=\"auto\">Unutra\u0161nji pre\u010dnik<\/span><\/b><span dir=\"auto\">\u00a010 mm<\/span><br \/>\n<b><span dir=\"auto\">Vanjski pre\u010dnik<\/span><\/b><span dir=\"auto\">\u00a015 mm<\/span><br \/>\n<b><span dir=\"auto\">Du\u017eina<\/span><\/b><span dir=\"auto\">\u00a025 m<\/span><br \/>\n<b><span dir=\"auto\">Radna temperatura<\/span><\/b><span dir=\"auto\">\u00a0-40\/65\u00b0C<\/span><br \/>\n<b><span dir=\"auto\">Kompatibilno sa<\/span><\/b><span dir=\"auto\">\u00a052737<\/span><br \/>\n<b><span dir=\"auto\">Te\u017eina<\/span><\/b><span dir=\"auto\">\u00a03,20 kg<\/span><\/p>\n","protected":false},"featured_media":19876,"comment_status":"open","ping_status":"closed","template":"","meta":{"pagelayer_contact_templates":[],"_pagelayer_content":""},"product_brand":[178],"product_cat":[31],"product_tag":[],"class_list":{"0":"post-19875","1":"product","2":"type-product","3":"status-publish","4":"has-post-thumbnail","6":"product_brand-jbm-tools","7":"product_cat-6_brze-spojnice-celicne-selne","9":"first","10":"instock","11":"shipping-taxable","12":"purchasable","13":"product-type-simple"},"_links":{"self":[{"href":"https:\/\/amd-bl.website\/index.php?rest_route=\/wp\/v2\/product\/19875","targetHints":{"allow":["GET"]}}],"collection":[{"href":"https:\/\/amd-bl.website\/index.php?rest_route=\/wp\/v2\/product"}],"about":[{"href":"https:\/\/amd-bl.website\/index.php?rest_route=\/wp\/v2\/types\/product"}],"replies":[{"embeddable":true,"href":"https:\/\/amd-bl.website\/index.php?rest_route=%2Fwp%2Fv2%2Fcomments&post=19875"}],"wp:featuredmedia":[{"embeddable":true,"href":"https:\/\/amd-bl.website\/index.php?rest_route=\/wp\/v2\/media\/19876"}],"wp:attachment":[{"href":"https:\/\/amd-bl.website\/index.php?rest_route=%2Fwp%2Fv2%2Fmedia&parent=19875"}],"wp:term":[{"taxonomy":"product_brand","embeddable":true,"href":"https:\/\/amd-bl.website\/index.php?rest_route=%2Fwp%2Fv2%2Fproduct_brand&post=19875"},{"taxonomy":"product_cat","embeddable":true,"href":"https:\/\/amd-bl.website\/index.php?rest_route=%2Fwp%2Fv2%2Fproduct_cat&post=19875"},{"taxonomy":"product_tag","embeddable":true,"href":"https:\/\/amd-bl.website\/index.php?rest_route=%2Fwp%2Fv2%2Fproduct_tag&post=19875"}],"curies":[{"name":"wp","href":"https:\/\/api.w.org\/{rel}","templated":true}]}}