{"id":19860,"date":"2026-04-01T17:38:24","date_gmt":"2026-04-01T17:38:24","guid":{"rendered":"https:\/\/amd-bl.website\/?post_type=product&#038;p=19860"},"modified":"2026-04-16T10:01:13","modified_gmt":"2026-04-16T10:01:13","slug":"52019-navojni-umetci-m10x1-5-set-5-kom-reparacija-navoja","status":"publish","type":"product","link":"https:\/\/amd-bl.website\/?product=52019-navojni-umetci-m10x1-5-set-5-kom-reparacija-navoja","title":{"rendered":"52019 Navojni umetci M10x1.5 \u2013 Set 5 kom (Reparacija navoja)"},"content":{"rendered":"","protected":false},"excerpt":{"rendered":"<p><strong><span dir=\"auto\">EAN:<\/span><\/strong><span dir=\"auto\">\u00a08435034520194<\/span><\/p>\n<ul>\n<li>\n<p data-path-to-node=\"7,0,0\"><b data-path-to-node=\"7,0,0\" data-index-in-node=\"0\"><span dir=\"auto\">Materijal: <\/span><\/b><strong><span dir=\"auto\">N<\/span><\/strong><b data-path-to-node=\"7,0,0\" data-index-in-node=\"28\"><span dir=\"auto\"><strong>er<\/strong>\u0111aju\u0107i \u010delik (V2A\/V4A) <\/span><\/b><span dir=\"auto\">.<\/span><\/p>\n<\/li>\n<li>\n<p data-path-to-node=\"7,1,0\"><b data-path-to-node=\"7,1,0\" data-index-in-node=\"0\"><span dir=\"auto\">Namjena:<\/span><\/b><span dir=\"auto\"> \u201eZa reparaciju o\u0161te\u0107enih navoja na blokovima motora, glavama ili ku\u0107i\u0161tima mjenja\u010da.\u201c<\/span><\/p>\n<\/li>\n<li>\n<p data-path-to-node=\"7,2,0\"><b data-path-to-node=\"7,2,0\" data-index-in-node=\"0\"><span dir=\"auto\">Otpornost:<\/span><\/b><span dir=\"auto\"> \u201eOtporni na visokoj temperaturi i koroziju.\u201c<\/span><\/p>\n<\/li>\n<li>\n<p data-path-to-node=\"10,0,0\"><b data-path-to-node=\"10,0,0\" data-index-in-node=\"0\"><span dir=\"auto\"><span dir=\"auto\">Navoj:<\/span><\/span><\/b><span dir=\"auto\"><span dir=\"auto\"> M10<\/span><\/span><\/p>\n<\/li>\n<li>\n<p data-path-to-node=\"10,1,0\"><b data-path-to-node=\"10,1,0\" data-index-in-node=\"0\"><span dir=\"auto\"><span dir=\"auto\">Debljina koraka:<\/span><\/span><\/b><span dir=\"auto\"><span dir=\"auto\"> 1,5 mm<\/span><\/span><\/p>\n<\/li>\n<li><b data-path-to-node=\"10,3,0\" data-index-in-node=\"0\"><span dir=\"auto\">Pakovanje:<\/span><\/b><span dir=\"auto\"> 5 komada u vre\u0107ici.<\/span><\/li>\n<\/ul>\n","protected":false},"featured_media":19861,"comment_status":"open","ping_status":"closed","template":"","meta":{"pagelayer_contact_templates":[],"_pagelayer_content":""},"product_brand":[178],"product_cat":[102],"product_tag":[],"class_list":{"0":"post-19860","1":"product","2":"type-product","3":"status-publish","4":"has-post-thumbnail","6":"product_brand-jbm-tools","7":"product_cat-razno","9":"first","10":"instock","11":"shipping-taxable","12":"purchasable","13":"product-type-simple"},"_links":{"self":[{"href":"https:\/\/amd-bl.website\/index.php?rest_route=\/wp\/v2\/product\/19860","targetHints":{"allow":["GET"]}}],"collection":[{"href":"https:\/\/amd-bl.website\/index.php?rest_route=\/wp\/v2\/product"}],"about":[{"href":"https:\/\/amd-bl.website\/index.php?rest_route=\/wp\/v2\/types\/product"}],"replies":[{"embeddable":true,"href":"https:\/\/amd-bl.website\/index.php?rest_route=%2Fwp%2Fv2%2Fcomments&post=19860"}],"wp:featuredmedia":[{"embeddable":true,"href":"https:\/\/amd-bl.website\/index.php?rest_route=\/wp\/v2\/media\/19861"}],"wp:attachment":[{"href":"https:\/\/amd-bl.website\/index.php?rest_route=%2Fwp%2Fv2%2Fmedia&parent=19860"}],"wp:term":[{"taxonomy":"product_brand","embeddable":true,"href":"https:\/\/amd-bl.website\/index.php?rest_route=%2Fwp%2Fv2%2Fproduct_brand&post=19860"},{"taxonomy":"product_cat","embeddable":true,"href":"https:\/\/amd-bl.website\/index.php?rest_route=%2Fwp%2Fv2%2Fproduct_cat&post=19860"},{"taxonomy":"product_tag","embeddable":true,"href":"https:\/\/amd-bl.website\/index.php?rest_route=%2Fwp%2Fv2%2Fproduct_tag&post=19860"}],"curies":[{"name":"wp","href":"https:\/\/api.w.org\/{rel}","templated":true}]}}