{"id":19832,"date":"2026-03-30T16:44:00","date_gmt":"2026-03-30T16:44:00","guid":{"rendered":"https:\/\/amd-bl.website\/?post_type=product&#038;p=19832"},"modified":"2026-04-16T10:00:26","modified_gmt":"2026-04-16T10:00:26","slug":"54124-prenosna-led-lampa-sa-zglobnim-magnetnim-drzacem-1000lm","status":"publish","type":"product","link":"https:\/\/amd-bl.website\/?product=54124-prenosna-led-lampa-sa-zglobnim-magnetnim-drzacem-1000lm","title":{"rendered":"54124 PRENOSNA LED LAMPA SA ZGLOBNIM MAGNETNIM DR\u017dA\u010cEM &#8211; 1000LM"},"content":{"rendered":"<pre><span dir=\"auto\">Prenosna lampa od 1000 lumena, opremljena visoko\u010dvrstom magnetnom bazom i podesivim zglobnim\r\nsistemom, \u0161to omogu\u0107ava fleksibilno usmjeravanje snopa i rad bez upotrebe ruku. \r\nNudi sna\u017ean svjetlosni tok koji garantuje jasno i ujedna\u010deno osvjetljenje, \u010dak i na te\u0161ko \r\ndostupnim mjestima. \r\nIdealna za odr\u017eavanje, instalacije, radioni\u010dke radove ili hitne situacije.<\/span>\r\n\r\n<span dir=\"auto\">SPECIFIKACIJE:<\/span>\r\n<span dir=\"auto\">\u2022 Vrijeme rada: Glavno svjetlo (5 minuta na 1000 LM, zatim postepeno smanjuje, ukupno trajanje 3 sata), gornje svjetlo (14 sati).<\/span>\r\n<span dir=\"auto\">\u2022 Uklju\u010duje 2 na\u010dina rada radnog svjetla: COB svjetlo sprijeda, LED svjetlo na vrhu.<\/span>\r\n<span dir=\"auto\">\u2022 Tip LED diode: 1 x 10W COB \/ 1 x 3W 2525 LED.<\/span>\r\n<span dir=\"auto\">\u2022 Litijumske baterije: 3,7V\/4000mA.<\/span>\r\n<span dir=\"auto\">\u2022 Temperatura boje: 6500K\u00b1400K.<\/span>\r\n<span dir=\"auto\">\u2022 Indeks reprodukcije boja (CRI): 68-71.<\/span>\r\n<span dir=\"auto\">\u2022 Vrijeme potpunog punjenja: 6-8 sati.<\/span>\r\n<span dir=\"auto\">\u2022 Magnetna pole\u0111ina sa 2 ta\u010dke.<\/span>\r\n<span dir=\"auto\">\u2022 Dvostruka kuka.<\/span><\/pre>\n","protected":false},"excerpt":{"rendered":"<pre><strong><span dir=\"auto\">EAN:<\/span><\/strong><span dir=\"auto\">\u00a08435034541243\r\n<b>Osvjetljenje<\/b>\u00a01000Lm\r\n<b>Snaga<\/b>\u00a03-10W\r\n<b>Napon<\/b>\u00a03.7V\r\n<b>Tip LED<\/b>\u00a0XPE, COB\r\n<b>Re\u017eimi osvjetljenja<\/b>\u00a02\r\n<b>Tip baterije<\/b>\u00a0LI-ION\r\n<b>Kapacitet baterije<\/b>\u00a04000mAh\r\n<b>Vrijeme rada<\/b>\u00a03-14h\r\n<b>Vrijeme punjenja<\/b>\u00a06-8h\r\n<b>Na\u010din punjenja<\/b>\u00a0USB C\r\n<b>tip<\/b>\u00a0Punjiva\r\n<b>Magnetna<\/b>\u00a0Da\r\n<b>IP za\u0161tita<\/b>\u00a0IP44\r\n<b>Te\u017eina<\/b>\u00a00.39Kg\r\n<b>Dimenzije (Dx\u0160xV)<\/b>\u00a0257x50x26mm<\/span><\/pre>\n","protected":false},"featured_media":19833,"comment_status":"open","ping_status":"closed","template":"","meta":{"pagelayer_contact_templates":[],"_pagelayer_content":""},"product_brand":[178],"product_cat":[159,180],"product_tag":[],"class_list":{"0":"post-19832","1":"product","2":"type-product","3":"status-publish","4":"has-post-thumbnail","6":"product_brand-jbm-tools","7":"product_cat-mehanicarski-alati","8":"product_cat-rucni-alat","10":"first","11":"instock","12":"shipping-taxable","13":"purchasable","14":"product-type-simple"},"_links":{"self":[{"href":"https:\/\/amd-bl.website\/index.php?rest_route=\/wp\/v2\/product\/19832","targetHints":{"allow":["GET"]}}],"collection":[{"href":"https:\/\/amd-bl.website\/index.php?rest_route=\/wp\/v2\/product"}],"about":[{"href":"https:\/\/amd-bl.website\/index.php?rest_route=\/wp\/v2\/types\/product"}],"replies":[{"embeddable":true,"href":"https:\/\/amd-bl.website\/index.php?rest_route=%2Fwp%2Fv2%2Fcomments&post=19832"}],"wp:featuredmedia":[{"embeddable":true,"href":"https:\/\/amd-bl.website\/index.php?rest_route=\/wp\/v2\/media\/19833"}],"wp:attachment":[{"href":"https:\/\/amd-bl.website\/index.php?rest_route=%2Fwp%2Fv2%2Fmedia&parent=19832"}],"wp:term":[{"taxonomy":"product_brand","embeddable":true,"href":"https:\/\/amd-bl.website\/index.php?rest_route=%2Fwp%2Fv2%2Fproduct_brand&post=19832"},{"taxonomy":"product_cat","embeddable":true,"href":"https:\/\/amd-bl.website\/index.php?rest_route=%2Fwp%2Fv2%2Fproduct_cat&post=19832"},{"taxonomy":"product_tag","embeddable":true,"href":"https:\/\/amd-bl.website\/index.php?rest_route=%2Fwp%2Fv2%2Fproduct_tag&post=19832"}],"curies":[{"name":"wp","href":"https:\/\/api.w.org\/{rel}","templated":true}]}}