{"id":19825,"date":"2026-03-30T16:33:17","date_gmt":"2026-03-30T16:33:17","guid":{"rendered":"https:\/\/amd-bl.website\/?post_type=product&#038;p=19825"},"modified":"2026-04-14T10:53:43","modified_gmt":"2026-04-14T10:53:43","slug":"54186-pneumatski-izvlakac-dizni","status":"publish","type":"product","link":"https:\/\/amd-bl.website\/?product=54186-pneumatski-izvlakac-dizni","title":{"rendered":"54186 PNEUMATSKI IZVLAKA\u010c DIZNI"},"content":{"rendered":"<pre><span dir=\"auto\">Profesionalni i svestrani pneumatski ekstraktor injektora. Ovaj ekstraktor koristi pneumatsku silu kako bi \r\nolak\u0161ao brzo i sigurno uklanjanje dizel injektora (dizne).<\/span>\r\n<span dir=\"auto\">Sadr\u017ei nekoliko adaptera kompatibilnih s naj\u010de\u0161\u0107im modelima na tr\u017ei\u0161tu, osiguravaju\u0107i \u0161iroku kompatibilnost.<\/span>\r\n<span dir=\"auto\">Kompatibilan je s injektorima proizvo\u0111a\u010da: Bosch, Delphi, Denso, Siemens i navojnim spojevima.<\/span>\r\n\r\n<span dir=\"auto\">Specifikacije:<\/span>\r\n<span dir=\"auto\">\u00b7 Radni pritisak: 5-8 bara<\/span>\r\n<span dir=\"auto\">\u00b7 Protok zraka: 50 L\/min (1,76 CFM)<\/span>\r\n<span dir=\"auto\">\u00b7 Dimenzije klipa: \u0161irina 82 mm \/ du\u017eina 140 mm<\/span>\r\n<span dir=\"auto\">\u00b7 Obrtni moment izvla\u010denja: 500-700 Nm<\/span>\r\n<span dir=\"auto\">\u00b7 Udara u sekundi: 20-30<\/span>\r\n<span dir=\"auto\">\u00b7 Brzina \u010deki\u0107a: 1200\u20131800 BPM<\/span>\r\n<span dir=\"auto\">\u00b7 Obrtni moment zatezanja alata: 20\u201330 Nm<\/span>\r\n\r\n<span dir=\"auto\">UKLJU\u010cUJE:<\/span>\r\n<span dir=\"auto\">\u00b7 Profesionalni pneumatski \u010deki\u0107 za maksimalnu efikasnost<\/span>\r\n<span dir=\"auto\">\u00b7 Uklju\u010duje produ\u017eetak za jednostavno uklanjanje injektora<\/span>\r\n<span dir=\"auto\">\u00b7 Adapteri M20*1.0, M18*0.75, M17*1.0<\/span>\r\n<span dir=\"auto\">\u00b7 Adapteri M8*1.25, M8*1.0, M8*1.5<\/span>\r\n<span dir=\"auto\">\u00b7 Adapteri M14*1.5, M16*1.5, M18*1.5 M20*1.5, M22*1.5<\/span>\r\n<span dir=\"auto\">\u00b7 Adapteri M25*0.5, M25*1.0<\/span>\r\n<span dir=\"auto\">\u00b7 Adapteri M26*0.75, M29*1.0, M31*0.75<\/span>\r\n<span dir=\"auto\">\u00b7 Adapteri M27*0.75, M27*1.0, M14x1.5 12MM, M14x1.5 13.5MM, M14x1.5 16MM<\/span><\/pre>\n","protected":false},"excerpt":{"rendered":"<pre><strong><span dir=\"auto\">EAN:<\/span><\/strong><span dir=\"auto\">\u00a08435034541861<\/span>\r\n\r\n<b><span dir=\"auto\">Komada<\/span><\/b><span dir=\"auto\">\u00a021<\/span>\r\n<b><span dir=\"auto\">Materijal<\/span><\/b><span dir=\"auto\">\u00a0S45#<\/span>\r\n<b><span dir=\"auto\">Brendovi<\/span><\/b><span dir=\"auto\">\u00a0Vi\u0161ebrendni<\/span>\r\n<b><span dir=\"auto\">Moment pritezanja<\/span><\/b><span dir=\"auto\">\u00a020-30Nm<\/span>\r\n<b><span dir=\"auto\">Radni pritisak<\/span><\/b><span dir=\"auto\">\u00a05-8BAR<\/span>\r\n<b><span dir=\"auto\">Te\u017eina<\/span><\/b><span dir=\"auto\">\u00a06,79Kg<\/span>\r\n<b><span dir=\"auto\">Dimenzije (Dx\u0160xV)<\/span><\/b><span dir=\"auto\">\u00a0380x290x120mm<\/span><\/pre>\n","protected":false},"featured_media":19826,"comment_status":"open","ping_status":"closed","template":"","meta":{"pagelayer_contact_templates":[],"_pagelayer_content":""},"product_brand":[178],"product_cat":[166,184],"product_tag":[],"class_list":{"0":"post-19825","1":"product","2":"type-product","3":"status-publish","4":"has-post-thumbnail","6":"product_brand-jbm-tools","7":"product_cat-pneumatski-alat","8":"product_cat-pneumatski-alati","10":"first","11":"instock","12":"shipping-taxable","13":"purchasable","14":"product-type-simple"},"_links":{"self":[{"href":"https:\/\/amd-bl.website\/index.php?rest_route=\/wp\/v2\/product\/19825","targetHints":{"allow":["GET"]}}],"collection":[{"href":"https:\/\/amd-bl.website\/index.php?rest_route=\/wp\/v2\/product"}],"about":[{"href":"https:\/\/amd-bl.website\/index.php?rest_route=\/wp\/v2\/types\/product"}],"replies":[{"embeddable":true,"href":"https:\/\/amd-bl.website\/index.php?rest_route=%2Fwp%2Fv2%2Fcomments&post=19825"}],"wp:featuredmedia":[{"embeddable":true,"href":"https:\/\/amd-bl.website\/index.php?rest_route=\/wp\/v2\/media\/19826"}],"wp:attachment":[{"href":"https:\/\/amd-bl.website\/index.php?rest_route=%2Fwp%2Fv2%2Fmedia&parent=19825"}],"wp:term":[{"taxonomy":"product_brand","embeddable":true,"href":"https:\/\/amd-bl.website\/index.php?rest_route=%2Fwp%2Fv2%2Fproduct_brand&post=19825"},{"taxonomy":"product_cat","embeddable":true,"href":"https:\/\/amd-bl.website\/index.php?rest_route=%2Fwp%2Fv2%2Fproduct_cat&post=19825"},{"taxonomy":"product_tag","embeddable":true,"href":"https:\/\/amd-bl.website\/index.php?rest_route=%2Fwp%2Fv2%2Fproduct_tag&post=19825"}],"curies":[{"name":"wp","href":"https:\/\/api.w.org\/{rel}","templated":true}]}}