{"id":19822,"date":"2026-03-30T16:22:58","date_gmt":"2026-03-30T16:22:58","guid":{"rendered":"https:\/\/amd-bl.website\/?post_type=product&#038;p=19822"},"modified":"2026-04-14T10:54:33","modified_gmt":"2026-04-14T10:54:33","slug":"53204-pistolj-za-ciscenje-tornado","status":"publish","type":"product","link":"https:\/\/amd-bl.website\/?product=53204-pistolj-za-ciscenje-tornado","title":{"rendered":"53204 PI\u0160TOLJ ZA \u010cI\u0160\u0106ENJE &#8220;TORNADO&#8221;"},"content":{"rendered":"","protected":false},"excerpt":{"rendered":"<pre><strong><span dir=\"auto\">EAN:<\/span><\/strong><span dir=\"auto\">\u00a08435034532043\r\n<b>Ulaz zraka<\/b>\u00a01\/4\"\r\n<b>Raspon<\/b>\u00a09,1 BAR\r\n<b>Stvarna potro\u0161nja zraka<\/b>\u00a08-10 CFM (227-283 L\/min)\r\n<b>Te\u017eina<\/b>\u00a00,66 kg\r\n<b>Dimenzije (Dx\u0160xV)<\/b>\u00a0325x120x235 mm<\/span><\/pre>\n","protected":false},"featured_media":19823,"comment_status":"open","ping_status":"closed","template":"","meta":{"pagelayer_contact_templates":[],"_pagelayer_content":""},"product_brand":[178],"product_cat":[166,184],"product_tag":[],"class_list":{"0":"post-19822","1":"product","2":"type-product","3":"status-publish","4":"has-post-thumbnail","6":"product_brand-jbm-tools","7":"product_cat-pneumatski-alat","8":"product_cat-pneumatski-alati","10":"first","11":"instock","12":"shipping-taxable","13":"purchasable","14":"product-type-simple"},"_links":{"self":[{"href":"https:\/\/amd-bl.website\/index.php?rest_route=\/wp\/v2\/product\/19822","targetHints":{"allow":["GET"]}}],"collection":[{"href":"https:\/\/amd-bl.website\/index.php?rest_route=\/wp\/v2\/product"}],"about":[{"href":"https:\/\/amd-bl.website\/index.php?rest_route=\/wp\/v2\/types\/product"}],"replies":[{"embeddable":true,"href":"https:\/\/amd-bl.website\/index.php?rest_route=%2Fwp%2Fv2%2Fcomments&post=19822"}],"wp:featuredmedia":[{"embeddable":true,"href":"https:\/\/amd-bl.website\/index.php?rest_route=\/wp\/v2\/media\/19823"}],"wp:attachment":[{"href":"https:\/\/amd-bl.website\/index.php?rest_route=%2Fwp%2Fv2%2Fmedia&parent=19822"}],"wp:term":[{"taxonomy":"product_brand","embeddable":true,"href":"https:\/\/amd-bl.website\/index.php?rest_route=%2Fwp%2Fv2%2Fproduct_brand&post=19822"},{"taxonomy":"product_cat","embeddable":true,"href":"https:\/\/amd-bl.website\/index.php?rest_route=%2Fwp%2Fv2%2Fproduct_cat&post=19822"},{"taxonomy":"product_tag","embeddable":true,"href":"https:\/\/amd-bl.website\/index.php?rest_route=%2Fwp%2Fv2%2Fproduct_tag&post=19822"}],"curies":[{"name":"wp","href":"https:\/\/api.w.org\/{rel}","templated":true}]}}