{"id":19816,"date":"2026-03-30T16:01:07","date_gmt":"2026-03-30T16:01:07","guid":{"rendered":"https:\/\/amd-bl.website\/?post_type=product&#038;p=19816"},"modified":"2026-04-16T11:28:02","modified_gmt":"2026-04-16T11:28:02","slug":"53588-pneumatski-pistolj-1-2-1302nm-2","status":"publish","type":"product","link":"https:\/\/amd-bl.website\/?product=53588-pneumatski-pistolj-1-2-1302nm-2","title":{"rendered":"53588 PNEUMATSKI PI\u0160TOLJ 1\/2&#8221; 1302Nm"},"content":{"rendered":"<pre><span dir=\"auto\">Kompaktan, sna\u017ean i izuzetno okretan: ovaj mini udarni klju\u010d od 1\/2\" pru\u017ea do 1302 Nm \r\nmaksimalnog obrtnog momenta, savr\u0161en za brzo otpu\u0161tanje i zatezanje zahtjevnih pri\u010dvr\u0161\u0107iva\u010da. \r\nNjegov kratki dizajn (du\u017eina 109 mm) \u010dini ga idealnim za rad u sku\u010denim prostorima, \r\nodr\u017eavaju\u0107i odli\u010dnu ravnote\u017eu izme\u0111u snage i kontrole. \r\nPosjeduje Jumbo Hammer mehanizam za sna\u017ene i efikasne udarce u profesionalnoj upotrebi.<\/span>\r\n\r\n<span dir=\"auto\">Specifikacije:<\/span>\r\n<span dir=\"auto\">\u00b7 Maksimalni obrtni moment otpu\u0161tanja: 1302 Nm<\/span>\r\n<span dir=\"auto\">\u00b7 Raspon radnog obrtnog momenta: 34\u2013678 Nm<\/span>\r\n<span dir=\"auto\">\u00b7 Potro\u0161nja zraka: 113 L\/min<\/span>\r\n<span dir=\"auto\">\u00b7 Radni pritisak: 90 PSI \/ 4 CFM<\/span>\r\n<span dir=\"auto\">\u00b7 Mehanizam: Jumbo Hammer<\/span><\/pre>\n","protected":false},"excerpt":{"rendered":"<pre><strong><span dir=\"auto\">EAN:<\/span><\/strong><span dir=\"auto\">\u00a08435034535884<\/span>\r\n\r\n<b><span dir=\"auto\">Veli\u010dina kvadratnog pogona<\/span><\/b><span dir=\"auto\">\u00a01\/2\"<\/span>\r\n<b><span dir=\"auto\">Ulaz zraka<\/span><\/b><span dir=\"auto\">\u00a01\/4\"<\/span>\r\n<b><span dir=\"auto\">Maksimalni obrtni moment pritezanja<\/span><\/b><span dir=\"auto\">\u00a0678Nm<\/span>\r\n<b><span dir=\"auto\">Maksimalni obrtni moment otpu\u0161tanja<\/span><\/b><span dir=\"auto\">\u00a01302Nm<\/span>\r\n<b><span dir=\"auto\">Nazivna brzina<\/span><\/b><span dir=\"auto\">\u00a010000RPM<\/span>\r\n<b><span dir=\"auto\">Stvarna potro\u0161nja zraka<\/span><\/b><span dir=\"auto\">\u00a04CFM (113L\/min)<\/span>\r\n<b><span dir=\"auto\">Radni pritisak<\/span><\/b><span dir=\"auto\">\u00a06.2BAR<\/span>\r\n<b><span dir=\"auto\">Nivo buke<\/span><\/b><span dir=\"auto\">\u00a087.9dB\u00a0Jumbo<\/span>\r\n<b><span dir=\"auto\">sistem \u010deki\u0107a<\/span><\/b>\r\n<b><span dir=\"auto\">Brzine<\/span><\/b><span dir=\"auto\">\u00a06<\/span>\r\n<b><span dir=\"auto\">Udara u minuti<\/span><\/b><span dir=\"auto\">\u00a01600<\/span>\r\n<b><span dir=\"auto\">Te\u017eina<\/span><\/b><span dir=\"auto\">\u00a01.44Kg<\/span>\r\n<b><span dir=\"auto\">Dimenzije (Dx\u0160xV)<\/span><\/b><span dir=\"auto\">\u00a0173x109x60mm<\/span><\/pre>\n","protected":false},"featured_media":19815,"comment_status":"open","ping_status":"closed","template":"","meta":{"pagelayer_contact_templates":[],"_pagelayer_content":""},"product_brand":[178],"product_cat":[166,184],"product_tag":[],"class_list":{"0":"post-19816","1":"product","2":"type-product","3":"status-publish","4":"has-post-thumbnail","6":"product_brand-jbm-tools","7":"product_cat-pneumatski-alat","8":"product_cat-pneumatski-alati","10":"first","11":"instock","12":"shipping-taxable","13":"purchasable","14":"product-type-simple"},"_links":{"self":[{"href":"https:\/\/amd-bl.website\/index.php?rest_route=\/wp\/v2\/product\/19816","targetHints":{"allow":["GET"]}}],"collection":[{"href":"https:\/\/amd-bl.website\/index.php?rest_route=\/wp\/v2\/product"}],"about":[{"href":"https:\/\/amd-bl.website\/index.php?rest_route=\/wp\/v2\/types\/product"}],"replies":[{"embeddable":true,"href":"https:\/\/amd-bl.website\/index.php?rest_route=%2Fwp%2Fv2%2Fcomments&post=19816"}],"wp:featuredmedia":[{"embeddable":true,"href":"https:\/\/amd-bl.website\/index.php?rest_route=\/wp\/v2\/media\/19815"}],"wp:attachment":[{"href":"https:\/\/amd-bl.website\/index.php?rest_route=%2Fwp%2Fv2%2Fmedia&parent=19816"}],"wp:term":[{"taxonomy":"product_brand","embeddable":true,"href":"https:\/\/amd-bl.website\/index.php?rest_route=%2Fwp%2Fv2%2Fproduct_brand&post=19816"},{"taxonomy":"product_cat","embeddable":true,"href":"https:\/\/amd-bl.website\/index.php?rest_route=%2Fwp%2Fv2%2Fproduct_cat&post=19816"},{"taxonomy":"product_tag","embeddable":true,"href":"https:\/\/amd-bl.website\/index.php?rest_route=%2Fwp%2Fv2%2Fproduct_tag&post=19816"}],"curies":[{"name":"wp","href":"https:\/\/api.w.org\/{rel}","templated":true}]}}