{"id":19805,"date":"2026-03-30T15:26:26","date_gmt":"2026-03-30T15:26:26","guid":{"rendered":"https:\/\/amd-bl.website\/?post_type=product&#038;p=19805"},"modified":"2026-04-15T08:58:06","modified_gmt":"2026-04-15T08:58:06","slug":"53904-zelena-kolica-za-alat-sa-7-ladica","status":"publish","type":"product","link":"https:\/\/amd-bl.website\/?product=53904-zelena-kolica-za-alat-sa-7-ladica","title":{"rendered":"53904 ZELENA KOLICA ZA ALAT SA 7 LADICA"},"content":{"rendered":"<pre><span dir=\"auto\">Opremljen modularnim alatima sa zavr\u0161nom obradom od karbonskih vlakana (172 dijela):<\/span>\r\n<span dir=\"auto\">\u00b7 Ref: 14296 MODUL OD 108 DIJELOVA SA \u0160ESTUBANIM NASTAVCIMA.<\/span>\r\n<span dir=\"auto\">\u00b7 Ref: 14297 EVA MODUL SA 25 OKASTIH KLJU\u010cEVA.<\/span>\r\n<span dir=\"auto\">\u00b7 Ref: 14298 EVA MODUL SA ODVIJA\u010cIMA I \u0160ESTUBANIM KLJU\u010cEVIMA.<\/span>\r\n<span dir=\"auto\">\u00b7 Ref: 14299 EVA MODUL SA \u010cEKI\u0106IMA I KLJE\u0160TIMA.<\/span>\r\n\r\n<span dir=\"auto\">DIZAJN:<\/span>\r\n<span dir=\"auto\">- Ukupne dimenzije: 775x466x960mm<\/span>\r\n<span dir=\"auto\">- Dimenzije ladice: 5 x 533x400x74mm, 2 x 533x400x151,5mm<\/span>\r\n<span dir=\"auto\">- Centralni sistem zaklju\u010davanja.<\/span>\r\n<span dir=\"auto\">- Sa 2 okretna i 2 kruta kota\u010di\u0107a.<\/span>\r\n<span dir=\"auto\">- Pojedina\u010dni jezi\u010dak za zaklju\u010davanje za svaku ladicu.<\/span><\/pre>\n","protected":false},"excerpt":{"rendered":"<pre><b><span dir=\"auto\"><strong>EAN:<\/strong>\u00a08435034539042\r\nKomada<\/span><\/b><span dir=\"auto\">\u00a0172<\/span>\r\n<b><span dir=\"auto\">Materijal<\/span><\/b><span dir=\"auto\">\u00a0\u010celik, ABS<\/span>\r\n<b><span dir=\"auto\">Ladice<\/span><\/b><span dir=\"auto\">\u00a07<\/span>\r\n<b><span dir=\"auto\">Dimenzije ladice<\/span><\/b><span dir=\"auto\">\u00a0533x400x74mm<\/span>\r\n<b><span dir=\"auto\">Dimenzije velike ladice<\/span><\/b><span dir=\"auto\">\u00a0533x400x151.5mm<\/span>\r\n<b><span dir=\"auto\">Kapacitet male ladice<\/span><\/b><span dir=\"auto\">\u00a030.00Kg<\/span>\r\n<b><span dir=\"auto\">Kapacitet velike ladice<\/span><\/b><span dir=\"auto\">\u00a030.00Kg<\/span>\r\n<b><span dir=\"auto\">Nosivost gornje ladice<\/span><\/b><span dir=\"auto\">\u00a055.00Kg<\/span>\r\n<b><span dir=\"auto\">Ukupni kapacitet<\/span><\/b><span dir=\"auto\">\u00a0300.00Kg<\/span>\r\n<b><span dir=\"auto\">Sadr\u017ei<\/span><\/b><span dir=\"auto\">\u00a053708<\/span>\r\n<b><span dir=\"auto\">Te\u017eina<\/span><\/b><span dir=\"auto\">\u00a065.00Kg<\/span>\r\n<b><span dir=\"auto\">Dimenzije (Dx\u0160xV)<\/span><\/b><span dir=\"auto\">\u00a0775x466x960mm<\/span><\/pre>\n","protected":false},"featured_media":19806,"comment_status":"open","ping_status":"closed","template":"","meta":{"pagelayer_contact_templates":[],"_pagelayer_content":""},"product_brand":[178],"product_cat":[180],"product_tag":[],"class_list":{"0":"post-19805","1":"product","2":"type-product","3":"status-publish","4":"has-post-thumbnail","6":"product_brand-jbm-tools","7":"product_cat-rucni-alat","9":"first","10":"instock","11":"shipping-taxable","12":"purchasable","13":"product-type-simple"},"_links":{"self":[{"href":"https:\/\/amd-bl.website\/index.php?rest_route=\/wp\/v2\/product\/19805","targetHints":{"allow":["GET"]}}],"collection":[{"href":"https:\/\/amd-bl.website\/index.php?rest_route=\/wp\/v2\/product"}],"about":[{"href":"https:\/\/amd-bl.website\/index.php?rest_route=\/wp\/v2\/types\/product"}],"replies":[{"embeddable":true,"href":"https:\/\/amd-bl.website\/index.php?rest_route=%2Fwp%2Fv2%2Fcomments&post=19805"}],"wp:featuredmedia":[{"embeddable":true,"href":"https:\/\/amd-bl.website\/index.php?rest_route=\/wp\/v2\/media\/19806"}],"wp:attachment":[{"href":"https:\/\/amd-bl.website\/index.php?rest_route=%2Fwp%2Fv2%2Fmedia&parent=19805"}],"wp:term":[{"taxonomy":"product_brand","embeddable":true,"href":"https:\/\/amd-bl.website\/index.php?rest_route=%2Fwp%2Fv2%2Fproduct_brand&post=19805"},{"taxonomy":"product_cat","embeddable":true,"href":"https:\/\/amd-bl.website\/index.php?rest_route=%2Fwp%2Fv2%2Fproduct_cat&post=19805"},{"taxonomy":"product_tag","embeddable":true,"href":"https:\/\/amd-bl.website\/index.php?rest_route=%2Fwp%2Fv2%2Fproduct_tag&post=19805"}],"curies":[{"name":"wp","href":"https:\/\/api.w.org\/{rel}","templated":true}]}}