{"id":19537,"date":"2025-10-02T09:58:49","date_gmt":"2025-10-02T09:58:49","guid":{"rendered":"https:\/\/amd-bl.website\/?post_type=product&#038;p=19537"},"modified":"2026-03-15T08:53:55","modified_gmt":"2026-03-15T08:53:55","slug":"73126-kompresor-50l","status":"publish","type":"product","link":"https:\/\/amd-bl.website\/?product=73126-kompresor-50l","title":{"rendered":"73126 Kompresor 50l"},"content":{"rendered":"<p>ZRA\u010cNI KOMPRESOR<br \/>\n\u2022 CE odobrenje<br \/>\n\u2022 Ulazna snaga: 1500W \/ 2KS<br \/>\n\u2022 Nazivni napon: 220-240V<br \/>\n\u2022 Frekvencija: 50Hz<br \/>\n\u2022 Protok zraka: 188L\/min<br \/>\n\u2022 Maks. pritisak pumpe: 8Bar (115psi)<br \/>\n\u2022 Brzina: 2850rpm<br \/>\n\u2022 Buka: 92db<br \/>\n\u2022 Sistem remenskog pogona<br \/>\n\u2022 Pumpa podmazana uljem<br \/>\n\u2022 Karakteristike:<br \/>\n\u2022 Pogodno za radioni\u010dku upotrebu<br \/>\n\u2022 Termi\u010dka za\u0161tita motora od preoptere\u0107enja<br \/>\n\u2022 Regulator pritiska i manometar<br \/>\n\u2022 To\u010dkovi i ru\u010dka za transport<\/p>\n","protected":false},"excerpt":{"rendered":"<p><a href=\"http:\/\/amd-bl.website\/wp-content\/uploads\/2025\/10\/Upustvo-za-upotrebu-73126-2.pdf\">Upustvo za upotrebu 73126<\/a><\/p>\n","protected":false},"featured_media":19538,"comment_status":"open","ping_status":"closed","template":"","meta":{"pagelayer_contact_templates":[],"_pagelayer_content":""},"product_brand":[176],"product_cat":[170],"product_tag":[],"class_list":{"0":"post-19537","1":"product","2":"type-product","3":"status-publish","4":"has-post-thumbnail","6":"product_brand-rucni-alati","7":"product_cat-pneumatski-alati-i-oprema","9":"first","10":"instock","11":"shipping-taxable","12":"purchasable","13":"product-type-simple"},"_links":{"self":[{"href":"https:\/\/amd-bl.website\/index.php?rest_route=\/wp\/v2\/product\/19537","targetHints":{"allow":["GET"]}}],"collection":[{"href":"https:\/\/amd-bl.website\/index.php?rest_route=\/wp\/v2\/product"}],"about":[{"href":"https:\/\/amd-bl.website\/index.php?rest_route=\/wp\/v2\/types\/product"}],"replies":[{"embeddable":true,"href":"https:\/\/amd-bl.website\/index.php?rest_route=%2Fwp%2Fv2%2Fcomments&post=19537"}],"wp:featuredmedia":[{"embeddable":true,"href":"https:\/\/amd-bl.website\/index.php?rest_route=\/wp\/v2\/media\/19538"}],"wp:attachment":[{"href":"https:\/\/amd-bl.website\/index.php?rest_route=%2Fwp%2Fv2%2Fmedia&parent=19537"}],"wp:term":[{"taxonomy":"product_brand","embeddable":true,"href":"https:\/\/amd-bl.website\/index.php?rest_route=%2Fwp%2Fv2%2Fproduct_brand&post=19537"},{"taxonomy":"product_cat","embeddable":true,"href":"https:\/\/amd-bl.website\/index.php?rest_route=%2Fwp%2Fv2%2Fproduct_cat&post=19537"},{"taxonomy":"product_tag","embeddable":true,"href":"https:\/\/amd-bl.website\/index.php?rest_route=%2Fwp%2Fv2%2Fproduct_tag&post=19537"}],"curies":[{"name":"wp","href":"https:\/\/api.w.org\/{rel}","templated":true}]}}