{"id":19470,"date":"2025-07-04T10:38:45","date_gmt":"2025-07-04T10:38:45","guid":{"rendered":"https:\/\/amd-bl.website\/?post_type=product&#038;p=19470"},"modified":"2025-10-02T11:37:59","modified_gmt":"2025-10-02T11:37:59","slug":"88550-cekic-za-rusenje-1050w","status":"publish","type":"product","link":"https:\/\/amd-bl.website\/?product=88550-cekic-za-rusenje-1050w","title":{"rendered":"88550 \u010ceki\u0107 za ru\u0161enje 1050W"},"content":{"rendered":"<p> Ulazna snaga: 1050 W<br \/>\n\u2022 Nazivni napon: 230 V \u2022<br \/>\nFrekvencija: 50 Hz<br \/>\n\u2022 Broj udaraca: 4000 bpm<br \/>\n\u2022 Sila udarca: 10 J<br \/>\n\u2022 Neto te\u017eina: 6 kg<br \/>\n\u2022 HEX sistem stezne glave<br \/>\n\u2022 Prekida\u010d za zaklju\u010davanje<br \/>\n\u2022 Toplotna izolacija<br \/>\n\u2022 Utika\u010d i kabl: VDE odobreno 2 m<br \/>\n\u2022 Pribor sadr\u017ei:<br \/>\n1 kom pomo\u0107ne ru\u010dke , 1 kom<br \/>\n\u0161picastog dlijeta: 18 x 280 mm, 1 kom<br \/>\nravnog dlijeta: 22 x 18 x 280 mm,<br \/>\n1 par ugljeni\u010dnih \u010detkica,<br \/>\n1 kom klju\u010da<br \/>\n\u2022 Pakovanje: BMC sa omotom u boji<\/p>\n","protected":false},"excerpt":{"rendered":"<p>Ulazna snaga: 1050 W \u2022 Nazivni napon: 230 V \u2022 Frekvencija: 50 Hz \u2022 Broj udaraca: 4000 bpm \u2022 Sila udarca: 10 J \u2022 Neto te\u017eina: 6 kg \u2022 HEX sistem stezne glave \u2022 Prekida\u010d za zaklju\u010davanje \u2022 Toplotna izolacija \u2022 Utika\u010d i kabl: VDE odobreno 2 m \u2022 Pribor sadr\u017ei: 1 kom pomo\u0107ne ru\u010dke [&hellip;]<\/p>\n","protected":false},"featured_media":19471,"comment_status":"open","ping_status":"closed","template":"","meta":{"pagelayer_contact_templates":[],"_pagelayer_content":""},"product_brand":[],"product_cat":[65],"product_tag":[],"class_list":{"0":"post-19470","1":"product","2":"type-product","3":"status-publish","4":"has-post-thumbnail","6":"product_cat-rucni-alati","8":"first","9":"instock","10":"shipping-taxable","11":"purchasable","12":"product-type-simple"},"_links":{"self":[{"href":"https:\/\/amd-bl.website\/index.php?rest_route=\/wp\/v2\/product\/19470","targetHints":{"allow":["GET"]}}],"collection":[{"href":"https:\/\/amd-bl.website\/index.php?rest_route=\/wp\/v2\/product"}],"about":[{"href":"https:\/\/amd-bl.website\/index.php?rest_route=\/wp\/v2\/types\/product"}],"replies":[{"embeddable":true,"href":"https:\/\/amd-bl.website\/index.php?rest_route=%2Fwp%2Fv2%2Fcomments&post=19470"}],"wp:featuredmedia":[{"embeddable":true,"href":"https:\/\/amd-bl.website\/index.php?rest_route=\/wp\/v2\/media\/19471"}],"wp:attachment":[{"href":"https:\/\/amd-bl.website\/index.php?rest_route=%2Fwp%2Fv2%2Fmedia&parent=19470"}],"wp:term":[{"taxonomy":"product_brand","embeddable":true,"href":"https:\/\/amd-bl.website\/index.php?rest_route=%2Fwp%2Fv2%2Fproduct_brand&post=19470"},{"taxonomy":"product_cat","embeddable":true,"href":"https:\/\/amd-bl.website\/index.php?rest_route=%2Fwp%2Fv2%2Fproduct_cat&post=19470"},{"taxonomy":"product_tag","embeddable":true,"href":"https:\/\/amd-bl.website\/index.php?rest_route=%2Fwp%2Fv2%2Fproduct_tag&post=19470"}],"curies":[{"name":"wp","href":"https:\/\/api.w.org\/{rel}","templated":true}]}}