{"id":19464,"date":"2025-07-04T10:20:47","date_gmt":"2025-07-04T10:20:47","guid":{"rendered":"https:\/\/amd-bl.website\/?post_type=product&#038;p=19464"},"modified":"2025-12-22T15:07:54","modified_gmt":"2025-12-22T15:07:54","slug":"79792-fen-2000w","status":"publish","type":"product","link":"https:\/\/amd-bl.website\/?product=79792-fen-2000w","title":{"rendered":"79792 Fen sa digitalnim pode\u0161avanjem temp. 2000W"},"content":{"rendered":"<p> Napon i frekvencija: 230V~50Hz<br \/>\n\u2022 Snaga: Maks. 2000W<br \/>\n\u2022 Temperatura I\/II\/III: 50\/70-600\/70-600\u00b0C<br \/>\n\u2022 Protok zraka I\/II\/III: 300\/300\/500L\/min<br \/>\n\u2022 Ovaj pi\u0161tolj za vru\u0107i zrak ima LCD digitalni ekran, koji prikazuje stvarnu temperaturu tako da<br \/>\noperater mo\u017ee lako kontrolirati temperaturu<br \/>\n\u2022 Pribor:<br \/>\n1 kom. \u0161iljasta mlaznica, 1 kom<br \/>\n. preokretna mlaznica,<br \/>\n1 kom. \u0161irokokutna mlaznica,<br \/>\n1 kom. mlaznica za za\u0161titu rubova,<br \/>\n1 kom. trokutasta strugalica<br \/>\n\u2022 Pakovanje: kutija za kalup za duvanje<\/p>\n","protected":false},"excerpt":{"rendered":"<p>Napon i frekvencija: 230V~50Hz \u2022 Snaga: Maks. 2000W \u2022 Temperatura I\/II\/III: 50\/70-600\/70-600\u00b0C \u2022 Protok zraka I\/II\/III: 300\/300\/500L\/min \u2022 Ovaj pi\u0161tolj za vru\u0107i zrak ima LCD digitalni ekran, koji prikazuje stvarnu temperaturu tako da operater mo\u017ee lako kontrolirati temperaturu \u2022 Pribor: 1 kom. \u0161iljasta mlaznica, 1 kom . preokretna mlaznica, 1 kom. \u0161irokokutna mlaznica, 1 kom. [&hellip;]<\/p>\n","protected":false},"featured_media":19465,"comment_status":"open","ping_status":"closed","template":"","meta":{"pagelayer_contact_templates":[],"_pagelayer_content":""},"product_brand":[],"product_cat":[65],"product_tag":[],"class_list":{"0":"post-19464","1":"product","2":"type-product","3":"status-publish","4":"has-post-thumbnail","6":"product_cat-rucni-alati","8":"first","9":"instock","10":"shipping-taxable","11":"purchasable","12":"product-type-simple"},"_links":{"self":[{"href":"https:\/\/amd-bl.website\/index.php?rest_route=\/wp\/v2\/product\/19464","targetHints":{"allow":["GET"]}}],"collection":[{"href":"https:\/\/amd-bl.website\/index.php?rest_route=\/wp\/v2\/product"}],"about":[{"href":"https:\/\/amd-bl.website\/index.php?rest_route=\/wp\/v2\/types\/product"}],"replies":[{"embeddable":true,"href":"https:\/\/amd-bl.website\/index.php?rest_route=%2Fwp%2Fv2%2Fcomments&post=19464"}],"wp:featuredmedia":[{"embeddable":true,"href":"https:\/\/amd-bl.website\/index.php?rest_route=\/wp\/v2\/media\/19465"}],"wp:attachment":[{"href":"https:\/\/amd-bl.website\/index.php?rest_route=%2Fwp%2Fv2%2Fmedia&parent=19464"}],"wp:term":[{"taxonomy":"product_brand","embeddable":true,"href":"https:\/\/amd-bl.website\/index.php?rest_route=%2Fwp%2Fv2%2Fproduct_brand&post=19464"},{"taxonomy":"product_cat","embeddable":true,"href":"https:\/\/amd-bl.website\/index.php?rest_route=%2Fwp%2Fv2%2Fproduct_cat&post=19464"},{"taxonomy":"product_tag","embeddable":true,"href":"https:\/\/amd-bl.website\/index.php?rest_route=%2Fwp%2Fv2%2Fproduct_tag&post=19464"}],"curies":[{"name":"wp","href":"https:\/\/api.w.org\/{rel}","templated":true}]}}