{"id":19460,"date":"2025-07-04T10:14:24","date_gmt":"2025-07-04T10:14:24","guid":{"rendered":"https:\/\/amd-bl.website\/?post_type=product&#038;p=19460"},"modified":"2025-10-02T11:48:29","modified_gmt":"2025-10-02T11:48:29","slug":"79533-rezac-mermera-i-keramike-1450w125mm","status":"publish","type":"product","link":"https:\/\/amd-bl.website\/?product=79533-rezac-mermera-i-keramike-1450w125mm","title":{"rendered":"79533 Reza\u010d keramike 1450W, 125mm"},"content":{"rendered":"<p>Ulazna snaga: 1450 W<br \/>\n\u2022 Nazivni napon: 220-230 V<br \/>\n\u2022 Frekvencija: 50\/60 Hz<br \/>\n\u2022 Brzina bez optere\u0107enja: 1200\/min<br \/>\n\u2022 Pre\u010dnik diska: 125 mm<br \/>\n\u2022 Navoj vretena: 20 mm<br \/>\n\u2022 Maks. dubina rezanja: 39 mm<br \/>\n\u2022 Podesiva dubina rezanja<br \/>\n\u2022 Pribor sadr\u017ei:<br \/>\n1 kom klju\u010d za blokadu osovine,<br \/>\n1 kom klju\u010d za plo\u010du,<br \/>\n1 par ugljenih \u010detkica , 1 kom crijevo za<br \/>\nvodu, 1 metar,<br \/>\n1 kom slavina,<br \/>\n1 kom konektor<br \/>\n\u2022 Pakovanje: kutija u boji<\/p>\n","protected":false},"excerpt":{"rendered":"<p>Ulazna snaga: 1450 W \u2022 Nazivni napon: 220-230 V \u2022 Frekvencija: 50\/60 Hz \u2022 Brzina bez optere\u0107enja: 1200\/min \u2022 Pre\u010dnik diska: 125 mm \u2022 Navoj vretena: 20 mm \u2022 Maks. dubina rezanja: 39 mm \u2022 Podesiva dubina rezanja \u2022 Pribor sadr\u017ei: 1 kom klju\u010d za blokadu osovine, 1 kom klju\u010d za plo\u010du, 1 par ugljenih [&hellip;]<\/p>\n","protected":false},"featured_media":19461,"comment_status":"open","ping_status":"closed","template":"","meta":{"pagelayer_contact_templates":[],"_pagelayer_content":""},"product_brand":[],"product_cat":[65],"product_tag":[],"class_list":{"0":"post-19460","1":"product","2":"type-product","3":"status-publish","4":"has-post-thumbnail","6":"product_cat-rucni-alati","8":"first","9":"instock","10":"shipping-taxable","11":"purchasable","12":"product-type-simple"},"_links":{"self":[{"href":"https:\/\/amd-bl.website\/index.php?rest_route=\/wp\/v2\/product\/19460","targetHints":{"allow":["GET"]}}],"collection":[{"href":"https:\/\/amd-bl.website\/index.php?rest_route=\/wp\/v2\/product"}],"about":[{"href":"https:\/\/amd-bl.website\/index.php?rest_route=\/wp\/v2\/types\/product"}],"replies":[{"embeddable":true,"href":"https:\/\/amd-bl.website\/index.php?rest_route=%2Fwp%2Fv2%2Fcomments&post=19460"}],"wp:featuredmedia":[{"embeddable":true,"href":"https:\/\/amd-bl.website\/index.php?rest_route=\/wp\/v2\/media\/19461"}],"wp:attachment":[{"href":"https:\/\/amd-bl.website\/index.php?rest_route=%2Fwp%2Fv2%2Fmedia&parent=19460"}],"wp:term":[{"taxonomy":"product_brand","embeddable":true,"href":"https:\/\/amd-bl.website\/index.php?rest_route=%2Fwp%2Fv2%2Fproduct_brand&post=19460"},{"taxonomy":"product_cat","embeddable":true,"href":"https:\/\/amd-bl.website\/index.php?rest_route=%2Fwp%2Fv2%2Fproduct_cat&post=19460"},{"taxonomy":"product_tag","embeddable":true,"href":"https:\/\/amd-bl.website\/index.php?rest_route=%2Fwp%2Fv2%2Fproduct_tag&post=19460"}],"curies":[{"name":"wp","href":"https:\/\/api.w.org\/{rel}","templated":true}]}}