{"id":19458,"date":"2025-07-04T10:10:57","date_gmt":"2025-07-04T10:10:57","guid":{"rendered":"https:\/\/amd-bl.website\/?post_type=product&#038;p=19458"},"modified":"2025-10-02T11:46:37","modified_gmt":"2025-10-02T11:46:37","slug":"79532-cikular-1300w","status":"publish","type":"product","link":"https:\/\/amd-bl.website\/?product=79532-cikular-1300w","title":{"rendered":"79532 Ru\u010dni el. cikular 1300W"},"content":{"rendered":"<p>\u2022 Ulazna snaga: 1300 W<br \/>\n\u2022 Nazivni napon: 230-240 V<br \/>\n\u2022 Frekvencija: 50 Hz<br \/>\n\u2022 Brzina bez optere\u0107enja: 5000 o\/min<br \/>\n\u2022 Prekida\u010d: sa prekida\u010dem za zaklju\u010davanje<br \/>\n\u2022 Pre\u010dnik o\u0161trice: 185 mm (7-1\/4\u2033)<br \/>\n\u2022 Maks. dubina rezanja: 65 mm @ 90\u00b0 \/ 44 mm @ 45\u00b0<br \/>\n\u2022 Utika\u010d i kabl: VDE odobreni 2 m<br \/>\n\u2022 Za\u0161tita od lijevanog aluminija<br \/>\n\u2022 Raspon zako\u0161avanja 45\u00b0-90\u00b0<br \/>\n\u2022 Pribor:<br \/>\n1 kom imbus klju\u010d,<br \/>\n1 kom TCT list pile za obradu drveta,<br \/>\n1 kom paralelna vodilica<br \/>\n\u2022 Pakovanje: kutija u boji<\/p>\n","protected":false},"excerpt":{"rendered":"<p>\u2022 Ulazna snaga: 1300 W \u2022 Nazivni napon: 230-240 V \u2022 Frekvencija: 50 Hz \u2022 Brzina bez optere\u0107enja: 5000 o\/min \u2022 Prekida\u010d: sa prekida\u010dem za zaklju\u010davanje \u2022 Pre\u010dnik o\u0161trice: 185 mm (7-1\/4\u2033) \u2022 Maks. dubina rezanja: 65 mm @ 90\u00b0 \/ 44 mm @ 45\u00b0 \u2022 Utika\u010d i kabl: VDE odobreni 2 m \u2022 Za\u0161tita [&hellip;]<\/p>\n","protected":false},"featured_media":19459,"comment_status":"open","ping_status":"closed","template":"","meta":{"pagelayer_contact_templates":[],"_pagelayer_content":""},"product_brand":[],"product_cat":[65],"product_tag":[],"class_list":{"0":"post-19458","1":"product","2":"type-product","3":"status-publish","4":"has-post-thumbnail","6":"product_cat-rucni-alati","8":"first","9":"instock","10":"shipping-taxable","11":"purchasable","12":"product-type-simple"},"_links":{"self":[{"href":"https:\/\/amd-bl.website\/index.php?rest_route=\/wp\/v2\/product\/19458","targetHints":{"allow":["GET"]}}],"collection":[{"href":"https:\/\/amd-bl.website\/index.php?rest_route=\/wp\/v2\/product"}],"about":[{"href":"https:\/\/amd-bl.website\/index.php?rest_route=\/wp\/v2\/types\/product"}],"replies":[{"embeddable":true,"href":"https:\/\/amd-bl.website\/index.php?rest_route=%2Fwp%2Fv2%2Fcomments&post=19458"}],"wp:featuredmedia":[{"embeddable":true,"href":"https:\/\/amd-bl.website\/index.php?rest_route=\/wp\/v2\/media\/19459"}],"wp:attachment":[{"href":"https:\/\/amd-bl.website\/index.php?rest_route=%2Fwp%2Fv2%2Fmedia&parent=19458"}],"wp:term":[{"taxonomy":"product_brand","embeddable":true,"href":"https:\/\/amd-bl.website\/index.php?rest_route=%2Fwp%2Fv2%2Fproduct_brand&post=19458"},{"taxonomy":"product_cat","embeddable":true,"href":"https:\/\/amd-bl.website\/index.php?rest_route=%2Fwp%2Fv2%2Fproduct_cat&post=19458"},{"taxonomy":"product_tag","embeddable":true,"href":"https:\/\/amd-bl.website\/index.php?rest_route=%2Fwp%2Fv2%2Fproduct_tag&post=19458"}],"curies":[{"name":"wp","href":"https:\/\/api.w.org\/{rel}","templated":true}]}}