{"id":19454,"date":"2025-07-04T09:59:28","date_gmt":"2025-07-04T09:59:28","guid":{"rendered":"https:\/\/amd-bl.website\/?post_type=product&#038;p=19454"},"modified":"2025-10-02T10:56:10","modified_gmt":"2025-10-02T10:56:10","slug":"79525-ugaona-brusilica-2400w230mm","status":"publish","type":"product","link":"https:\/\/amd-bl.website\/?product=79525-ugaona-brusilica-2400w230mm","title":{"rendered":"79525 Ugaona brusilica 2400W,230mm"},"content":{"rendered":"<p>\u2022 Ulazna snaga: 2400 W<br \/>\n\u2022 Nazivni napon: 220-230 V<br \/>\n\u2022 Frekvencija: 50 Hz<br \/>\n\u2022 Pre\u010dnik diska: 230 mm<br \/>\n\u2022 Navoj vretena: M14<br \/>\n\u2022 Brzina bez optere\u0107enja: 6000\/min<br \/>\n\u2022 Meki start<br \/>\n\u2022 Utika\u010d i kabl: CE odobreno 2 m<br \/>\n\u2022 Obrnuto samoblokiranje<br \/>\n\u2022 Pribor:<br \/>\n1 par ugljeni\u010dnih \u010detkica,<br \/>\n1 bo\u010dna ru\u010dka<br \/>\n, 1 klju\u010d,<br \/>\n1 \u0161titnik za to\u010dkove<br \/>\n\u2022 Pakovanje: kutija u boji<\/p>\n","protected":false},"excerpt":{"rendered":"<p>\u2022 Ulazna snaga: 2400 W \u2022 Nazivni napon: 220-230 V \u2022 Frekvencija: 50 Hz \u2022 Pre\u010dnik diska: 230 mm \u2022 Navoj vretena: M14 \u2022 Brzina bez optere\u0107enja: 6000\/min \u2022 Meki start \u2022 Utika\u010d i kabl: CE odobreno 2 m \u2022 Obrnuto samoblokiranje \u2022 Pribor: 1 par ugljeni\u010dnih \u010detkica, 1 bo\u010dna ru\u010dka , 1 klju\u010d, 1 [&hellip;]<\/p>\n","protected":false},"featured_media":19455,"comment_status":"open","ping_status":"closed","template":"","meta":{"pagelayer_contact_templates":[],"_pagelayer_content":""},"product_brand":[],"product_cat":[65],"product_tag":[],"class_list":{"0":"post-19454","1":"product","2":"type-product","3":"status-publish","4":"has-post-thumbnail","6":"product_cat-rucni-alati","8":"first","9":"instock","10":"shipping-taxable","11":"purchasable","12":"product-type-simple"},"_links":{"self":[{"href":"https:\/\/amd-bl.website\/index.php?rest_route=\/wp\/v2\/product\/19454","targetHints":{"allow":["GET"]}}],"collection":[{"href":"https:\/\/amd-bl.website\/index.php?rest_route=\/wp\/v2\/product"}],"about":[{"href":"https:\/\/amd-bl.website\/index.php?rest_route=\/wp\/v2\/types\/product"}],"replies":[{"embeddable":true,"href":"https:\/\/amd-bl.website\/index.php?rest_route=%2Fwp%2Fv2%2Fcomments&post=19454"}],"wp:featuredmedia":[{"embeddable":true,"href":"https:\/\/amd-bl.website\/index.php?rest_route=\/wp\/v2\/media\/19455"}],"wp:attachment":[{"href":"https:\/\/amd-bl.website\/index.php?rest_route=%2Fwp%2Fv2%2Fmedia&parent=19454"}],"wp:term":[{"taxonomy":"product_brand","embeddable":true,"href":"https:\/\/amd-bl.website\/index.php?rest_route=%2Fwp%2Fv2%2Fproduct_brand&post=19454"},{"taxonomy":"product_cat","embeddable":true,"href":"https:\/\/amd-bl.website\/index.php?rest_route=%2Fwp%2Fv2%2Fproduct_cat&post=19454"},{"taxonomy":"product_tag","embeddable":true,"href":"https:\/\/amd-bl.website\/index.php?rest_route=%2Fwp%2Fv2%2Fproduct_tag&post=19454"}],"curies":[{"name":"wp","href":"https:\/\/api.w.org\/{rel}","templated":true}]}}