{"id":19450,"date":"2025-07-04T09:55:30","date_gmt":"2025-07-04T09:55:30","guid":{"rendered":"https:\/\/amd-bl.website\/?post_type=product&#038;p=19450"},"modified":"2025-10-02T10:55:21","modified_gmt":"2025-10-02T10:55:21","slug":"79510-rotirajuci-cekic-800w","status":"publish","type":"product","link":"https:\/\/amd-bl.website\/?product=79510-rotirajuci-cekic-800w","title":{"rendered":"79510 Rotiraju\u0107i \u010deki\u0107 800W"},"content":{"rendered":"<p> Ulazna snaga: 800 W<br \/>\n\u2022 Nazivni napon: 220-240 V<br \/>\n\u2022 Frekvencija: 50 Hz<br \/>\n\u2022 Brzina bez optere\u0107enja: 0-1200 o\/min<br \/>\n\u2022 Broj udaraca: 0-5500 o\/ min<br \/>\n\u2022 Energija udarca: 2,8 J<br \/>\n\u2022 Kapacitet bu\u0161enja:<br \/>\n\u2022 \u010celik: 13 mm<br \/>\n\u2022 Beton: 26 mm<br \/>\n\u2022 Drvo: 40 mm<br \/>\n\u2022 SDS plus stezna glava<br \/>\n\u2022 Utika\u010d i kabel: VDE odobreni 2 m<br \/>\n\u2022 Pribor sadr\u017ei :<br \/>\n1 kom \u0161picasto dlijeto: 13 x 240 mm<br \/>\n, 1 kom ravno dlijeto: 13 x 240 mm<br \/>\n, 3 kom SDS-plus svrdla: 6 x 140 mm, 8 x 140 mm,<br \/>\n110 x 140 mm ,<br \/>\n1 kom pomo\u0107na ru\u010dka,<br \/>\n1 kom mjera\u010d dubine<br \/>\n\u2022 Pakovanje: BMC sa omotom u boji<\/p>\n","protected":false},"excerpt":{"rendered":"<p>Ulazna snaga: 800 W \u2022 Nazivni napon: 220-240 V \u2022 Frekvencija: 50 Hz \u2022 Brzina bez optere\u0107enja: 0-1200 o\/min \u2022 Broj udaraca: 0-5500 o\/ min \u2022 Energija udarca: 2,8 J \u2022 Kapacitet bu\u0161enja: \u2022 \u010celik: 13 mm \u2022 Beton: 26 mm \u2022 Drvo: 40 mm \u2022 SDS plus stezna glava \u2022 Utika\u010d i kabel: VDE [&hellip;]<\/p>\n","protected":false},"featured_media":19453,"comment_status":"open","ping_status":"closed","template":"","meta":{"pagelayer_contact_templates":[],"_pagelayer_content":""},"product_brand":[],"product_cat":[65],"product_tag":[],"class_list":{"0":"post-19450","1":"product","2":"type-product","3":"status-publish","4":"has-post-thumbnail","6":"product_cat-rucni-alati","8":"first","9":"instock","10":"shipping-taxable","11":"purchasable","12":"product-type-simple"},"_links":{"self":[{"href":"https:\/\/amd-bl.website\/index.php?rest_route=\/wp\/v2\/product\/19450","targetHints":{"allow":["GET"]}}],"collection":[{"href":"https:\/\/amd-bl.website\/index.php?rest_route=\/wp\/v2\/product"}],"about":[{"href":"https:\/\/amd-bl.website\/index.php?rest_route=\/wp\/v2\/types\/product"}],"replies":[{"embeddable":true,"href":"https:\/\/amd-bl.website\/index.php?rest_route=%2Fwp%2Fv2%2Fcomments&post=19450"}],"wp:featuredmedia":[{"embeddable":true,"href":"https:\/\/amd-bl.website\/index.php?rest_route=\/wp\/v2\/media\/19453"}],"wp:attachment":[{"href":"https:\/\/amd-bl.website\/index.php?rest_route=%2Fwp%2Fv2%2Fmedia&parent=19450"}],"wp:term":[{"taxonomy":"product_brand","embeddable":true,"href":"https:\/\/amd-bl.website\/index.php?rest_route=%2Fwp%2Fv2%2Fproduct_brand&post=19450"},{"taxonomy":"product_cat","embeddable":true,"href":"https:\/\/amd-bl.website\/index.php?rest_route=%2Fwp%2Fv2%2Fproduct_cat&post=19450"},{"taxonomy":"product_tag","embeddable":true,"href":"https:\/\/amd-bl.website\/index.php?rest_route=%2Fwp%2Fv2%2Fproduct_tag&post=19450"}],"curies":[{"name":"wp","href":"https:\/\/api.w.org\/{rel}","templated":true}]}}