{"id":19309,"date":"2025-07-01T08:49:15","date_gmt":"2025-07-01T08:49:15","guid":{"rendered":"https:\/\/amd-bl.website\/?post_type=product&#038;p=19309"},"modified":"2025-10-02T09:13:44","modified_gmt":"2025-10-02T09:13:44","slug":"41034-industrijski-rezac-plocica-800mm","status":"publish","type":"product","link":"https:\/\/amd-bl.website\/?product=41034-industrijski-rezac-plocica-800mm","title":{"rendered":"41034 Industrijski reza\u010d plo\u010dica 800mm"},"content":{"rendered":"<p>800MM REZA\u010c PLO\u010cICA ZA TE\u0160KE RADOVE (INDUSTRIJSKI)<br \/>\n\u2022 Zamjenske o\u0161trice za rezanje: \u00d822x\u00d810.5x2mm<br \/>\n\u2022 Maksimalna debljina rezanja: 12mm<br \/>\n\u2022 Pakovanje: kutija u boji<\/p>\n","protected":false},"excerpt":{"rendered":"<p>800MM REZA\u010c PLO\u010cICA ZA TE\u0160KE RADOVE (INDUSTRIJSKI) \u2022 Zamjenske o\u0161trice za rezanje: \u00d822x\u00d810.5x2mm \u2022 Maksimalna debljina rezanja: 12mm \u2022 Pakovanje: kutija u boji<\/p>\n","protected":false},"featured_media":19310,"comment_status":"open","ping_status":"closed","template":"","meta":{"pagelayer_contact_templates":[],"_pagelayer_content":""},"product_brand":[],"product_cat":[86],"product_tag":[],"class_list":{"0":"post-19309","1":"product","2":"type-product","3":"status-publish","4":"has-post-thumbnail","6":"product_cat-gradjevinsko-stolarski-alati","8":"first","9":"instock","10":"shipping-taxable","11":"purchasable","12":"product-type-simple"},"_links":{"self":[{"href":"https:\/\/amd-bl.website\/index.php?rest_route=\/wp\/v2\/product\/19309","targetHints":{"allow":["GET"]}}],"collection":[{"href":"https:\/\/amd-bl.website\/index.php?rest_route=\/wp\/v2\/product"}],"about":[{"href":"https:\/\/amd-bl.website\/index.php?rest_route=\/wp\/v2\/types\/product"}],"replies":[{"embeddable":true,"href":"https:\/\/amd-bl.website\/index.php?rest_route=%2Fwp%2Fv2%2Fcomments&post=19309"}],"wp:featuredmedia":[{"embeddable":true,"href":"https:\/\/amd-bl.website\/index.php?rest_route=\/wp\/v2\/media\/19310"}],"wp:attachment":[{"href":"https:\/\/amd-bl.website\/index.php?rest_route=%2Fwp%2Fv2%2Fmedia&parent=19309"}],"wp:term":[{"taxonomy":"product_brand","embeddable":true,"href":"https:\/\/amd-bl.website\/index.php?rest_route=%2Fwp%2Fv2%2Fproduct_brand&post=19309"},{"taxonomy":"product_cat","embeddable":true,"href":"https:\/\/amd-bl.website\/index.php?rest_route=%2Fwp%2Fv2%2Fproduct_cat&post=19309"},{"taxonomy":"product_tag","embeddable":true,"href":"https:\/\/amd-bl.website\/index.php?rest_route=%2Fwp%2Fv2%2Fproduct_tag&post=19309"}],"curies":[{"name":"wp","href":"https:\/\/api.w.org\/{rel}","templated":true}]}}