{"id":19306,"date":"2025-07-01T08:25:05","date_gmt":"2025-07-01T08:25:05","guid":{"rendered":"https:\/\/amd-bl.website\/?post_type=product&#038;p=19306"},"modified":"2025-10-02T09:13:06","modified_gmt":"2025-10-02T09:13:06","slug":"41032-rezac-plocica-600mm","status":"publish","type":"product","link":"https:\/\/amd-bl.website\/?product=41032-rezac-plocica-600mm","title":{"rendered":"41032 Reza\u010d plo\u010dica 600mm"},"content":{"rendered":"<p>REZA\u010c PLO\u010cICA 600 MM<br \/>\n\u2022 Zamjenjive o\u0161trice za rezanje: \u00d815x\u00d86\u00d71,5 mm<br \/>\n\u2022 Maksimalno rezanje: 12 mm<br \/>\n\u2022 Pakovanje: kutija u boji<\/p>\n","protected":false},"excerpt":{"rendered":"<p>REZA\u010c PLO\u010cICA 600 MM \u2022 Zamjenjive o\u0161trice za rezanje: \u00d815x\u00d86\u00d71,5 mm \u2022 Maksimalno rezanje: 12 mm \u2022 Pakovanje: kutija u boji<\/p>\n","protected":false},"featured_media":19307,"comment_status":"open","ping_status":"closed","template":"","meta":{"pagelayer_contact_templates":[],"_pagelayer_content":""},"product_brand":[],"product_cat":[86],"product_tag":[],"class_list":{"0":"post-19306","1":"product","2":"type-product","3":"status-publish","4":"has-post-thumbnail","6":"product_cat-gradjevinsko-stolarski-alati","8":"first","9":"instock","10":"shipping-taxable","11":"purchasable","12":"product-type-simple"},"_links":{"self":[{"href":"https:\/\/amd-bl.website\/index.php?rest_route=\/wp\/v2\/product\/19306","targetHints":{"allow":["GET"]}}],"collection":[{"href":"https:\/\/amd-bl.website\/index.php?rest_route=\/wp\/v2\/product"}],"about":[{"href":"https:\/\/amd-bl.website\/index.php?rest_route=\/wp\/v2\/types\/product"}],"replies":[{"embeddable":true,"href":"https:\/\/amd-bl.website\/index.php?rest_route=%2Fwp%2Fv2%2Fcomments&post=19306"}],"wp:featuredmedia":[{"embeddable":true,"href":"https:\/\/amd-bl.website\/index.php?rest_route=\/wp\/v2\/media\/19307"}],"wp:attachment":[{"href":"https:\/\/amd-bl.website\/index.php?rest_route=%2Fwp%2Fv2%2Fmedia&parent=19306"}],"wp:term":[{"taxonomy":"product_brand","embeddable":true,"href":"https:\/\/amd-bl.website\/index.php?rest_route=%2Fwp%2Fv2%2Fproduct_brand&post=19306"},{"taxonomy":"product_cat","embeddable":true,"href":"https:\/\/amd-bl.website\/index.php?rest_route=%2Fwp%2Fv2%2Fproduct_cat&post=19306"},{"taxonomy":"product_tag","embeddable":true,"href":"https:\/\/amd-bl.website\/index.php?rest_route=%2Fwp%2Fv2%2Fproduct_tag&post=19306"}],"curies":[{"name":"wp","href":"https:\/\/api.w.org\/{rel}","templated":true}]}}