{"id":19296,"date":"2025-07-01T08:07:04","date_gmt":"2025-07-01T08:07:04","guid":{"rendered":"https:\/\/amd-bl.website\/?post_type=product&#038;p=19296"},"modified":"2025-10-02T09:09:49","modified_gmt":"2025-10-02T09:09:49","slug":"33009-industrijski-rezac-cijevi10-42mm","status":"publish","type":"product","link":"https:\/\/amd-bl.website\/?product=33009-industrijski-rezac-cijevi10-42mm","title":{"rendered":"33009 Industrijski reza\u010d cijevi(10-42mm)"},"content":{"rendered":"<p>REZA\u010c CIJEVI ZA TE\u0160KE RADOVE (10-42 mm) (INDUSTRIJSKI)<br \/>\n\u2022 Ku\u0107i\u0161te od visokokvalitetnog specijalnog alatnog \u010delika, pra\u0161kasto presvu\u010deno<br \/>\n\u2022 O\u0161trica od \u010delika za le\u017eajeve s termi\u010dkom obradom<br \/>\n\u2022 Plasti\u010dna dr\u0161ka<br \/>\n\u2022 Mo\u017ee rezati bakrene, aluminijske i \u010deli\u010dne cijevi<br \/>\n\u2022 Pakovanje: kutija u boji<\/p>\n","protected":false},"excerpt":{"rendered":"<p>REZA\u010c CIJEVI ZA TE\u0160KE RADOVE (10-42 mm) (INDUSTRIJSKI) \u2022 Ku\u0107i\u0161te od visokokvalitetnog specijalnog alatnog \u010delika, pra\u0161kasto presvu\u010deno \u2022 O\u0161trica od \u010delika za le\u017eajeve s termi\u010dkom obradom \u2022 Plasti\u010dna dr\u0161ka \u2022 Mo\u017ee rezati bakrene, aluminijske i \u010deli\u010dne cijevi \u2022 Pakovanje: kutija u boji<\/p>\n","protected":false},"featured_media":19297,"comment_status":"open","ping_status":"closed","template":"","meta":{"pagelayer_contact_templates":[],"_pagelayer_content":""},"product_brand":[],"product_cat":[163],"product_tag":[],"class_list":{"0":"post-19296","1":"product","2":"type-product","3":"status-publish","4":"has-post-thumbnail","6":"product_cat-vodoinstalaterski-alat","8":"first","9":"instock","10":"shipping-taxable","11":"purchasable","12":"product-type-simple"},"_links":{"self":[{"href":"https:\/\/amd-bl.website\/index.php?rest_route=\/wp\/v2\/product\/19296","targetHints":{"allow":["GET"]}}],"collection":[{"href":"https:\/\/amd-bl.website\/index.php?rest_route=\/wp\/v2\/product"}],"about":[{"href":"https:\/\/amd-bl.website\/index.php?rest_route=\/wp\/v2\/types\/product"}],"replies":[{"embeddable":true,"href":"https:\/\/amd-bl.website\/index.php?rest_route=%2Fwp%2Fv2%2Fcomments&post=19296"}],"wp:featuredmedia":[{"embeddable":true,"href":"https:\/\/amd-bl.website\/index.php?rest_route=\/wp\/v2\/media\/19297"}],"wp:attachment":[{"href":"https:\/\/amd-bl.website\/index.php?rest_route=%2Fwp%2Fv2%2Fmedia&parent=19296"}],"wp:term":[{"taxonomy":"product_brand","embeddable":true,"href":"https:\/\/amd-bl.website\/index.php?rest_route=%2Fwp%2Fv2%2Fproduct_brand&post=19296"},{"taxonomy":"product_cat","embeddable":true,"href":"https:\/\/amd-bl.website\/index.php?rest_route=%2Fwp%2Fv2%2Fproduct_cat&post=19296"},{"taxonomy":"product_tag","embeddable":true,"href":"https:\/\/amd-bl.website\/index.php?rest_route=%2Fwp%2Fv2%2Fproduct_tag&post=19296"}],"curies":[{"name":"wp","href":"https:\/\/api.w.org\/{rel}","templated":true}]}}