{"id":19201,"date":"2025-03-20T11:17:56","date_gmt":"2025-03-20T11:17:56","guid":{"rendered":"https:\/\/amd-bl.website\/?post_type=product&#038;p=19201"},"modified":"2025-08-21T10:23:21","modified_gmt":"2025-08-21T10:23:21","slug":"30105-strugac-100x18-5x04mm","status":"publish","type":"product","link":"https:\/\/amd-bl.website\/?product=30105-strugac-100x18-5x04mm","title":{"rendered":"30105 Struga\u010d 100&#215;18.5&#215;0,4mm"},"content":{"rendered":"<p>LOK:B3<br \/>\nEAN:6933528730644<br \/>\nSTRUGA\u010c<br \/>\n\u2022 Uvla\u010diva strugalica za pobolj\u0161anu sigurnost<br \/>\n\u2022 Plo\u010da od nehr\u0111aju\u0107eg \u010delika<br \/>\n\u2022 Velika ABS+TPR dr\u0161ka<br \/>\n\u2022 PP+TPR prekida\u010d protiv klizanja<br \/>\n\u2022 Pogodno za uklanjanje stranih tvari s tvrdih povr\u0161ina<br \/>\n(staklo, kerami\u010dke plo\u010dice itd.), kao \u0161to su etikete, ljepilo, mrlje od ulja itd.<br \/>\n\u2022 Pakiranje: blister karton<\/p>\n","protected":false},"excerpt":{"rendered":"<p>LOK:B3 EAN:6933528730644 STRUGA\u010c \u2022 Uvla\u010diva strugalica za pobolj\u0161anu sigurnost \u2022 Plo\u010da od nehr\u0111aju\u0107eg \u010delika \u2022 Velika ABS+TPR dr\u0161ka \u2022 PP+TPR prekida\u010d protiv klizanja \u2022 Pogodno za uklanjanje stranih tvari s tvrdih povr\u0161ina (staklo, kerami\u010dke plo\u010dice itd.), kao \u0161to su etikete, ljepilo, mrlje od ulja itd. \u2022 Pakiranje: blister karton<\/p>\n","protected":false},"featured_media":19202,"comment_status":"open","ping_status":"closed","template":"","meta":{"pagelayer_contact_templates":[],"_pagelayer_content":""},"product_brand":[],"product_cat":[102],"product_tag":[],"class_list":{"0":"post-19201","1":"product","2":"type-product","3":"status-publish","4":"has-post-thumbnail","6":"product_cat-razno","8":"first","9":"instock","10":"shipping-taxable","11":"purchasable","12":"product-type-simple"},"_links":{"self":[{"href":"https:\/\/amd-bl.website\/index.php?rest_route=\/wp\/v2\/product\/19201","targetHints":{"allow":["GET"]}}],"collection":[{"href":"https:\/\/amd-bl.website\/index.php?rest_route=\/wp\/v2\/product"}],"about":[{"href":"https:\/\/amd-bl.website\/index.php?rest_route=\/wp\/v2\/types\/product"}],"replies":[{"embeddable":true,"href":"https:\/\/amd-bl.website\/index.php?rest_route=%2Fwp%2Fv2%2Fcomments&post=19201"}],"wp:featuredmedia":[{"embeddable":true,"href":"https:\/\/amd-bl.website\/index.php?rest_route=\/wp\/v2\/media\/19202"}],"wp:attachment":[{"href":"https:\/\/amd-bl.website\/index.php?rest_route=%2Fwp%2Fv2%2Fmedia&parent=19201"}],"wp:term":[{"taxonomy":"product_brand","embeddable":true,"href":"https:\/\/amd-bl.website\/index.php?rest_route=%2Fwp%2Fv2%2Fproduct_brand&post=19201"},{"taxonomy":"product_cat","embeddable":true,"href":"https:\/\/amd-bl.website\/index.php?rest_route=%2Fwp%2Fv2%2Fproduct_cat&post=19201"},{"taxonomy":"product_tag","embeddable":true,"href":"https:\/\/amd-bl.website\/index.php?rest_route=%2Fwp%2Fv2%2Fproduct_tag&post=19201"}],"curies":[{"name":"wp","href":"https:\/\/api.w.org\/{rel}","templated":true}]}}