{"id":19180,"date":"2025-03-06T10:31:18","date_gmt":"2025-03-06T10:31:18","guid":{"rendered":"https:\/\/amd-bl.website\/?post_type=product&#038;p=19180"},"modified":"2025-11-17T13:47:19","modified_gmt":"2025-11-17T13:47:19","slug":"tf1201-busilica-1200w","status":"publish","type":"product","link":"https:\/\/amd-bl.website\/?product=tf1201-busilica-1200w","title":{"rendered":"TF1201 GLODARICA ZA DRVO 1200W"},"content":{"rendered":"<p>Bu\u0161ilica marke Tryton  ima efikasan motor od 1200 W. Namijenjen je za bu\u0161enje rupa, \u017eljebova, rubova, profila u drvenim materijalima i materijalima sli\u010dnim drvetu, kao i u plastici i aluminiju.Bu\u0161ilica je opremljena funkcijom za glatku regulaciju brzine i dubine bu\u0161enja. <\/p>\n","protected":false},"excerpt":{"rendered":"<p>Bu\u0161ilica marke Tryton ima efikasan motor od 1200 W. Namijenjen je za bu\u0161enje rupa, \u017eljebova, rubova, profila u drvenim materijalima i materijalima sli\u010dnim drvetu, kao i u plastici i aluminiju.Bu\u0161ilica je opremljena funkcijom za glatku regulaciju brzine i dubine bu\u0161enja.<\/p>\n","protected":false},"featured_media":19181,"comment_status":"open","ping_status":"closed","template":"","meta":{"pagelayer_contact_templates":[],"_pagelayer_content":""},"product_brand":[],"product_cat":[157,134],"product_tag":[],"class_list":{"0":"post-19180","1":"product","2":"type-product","3":"status-publish","4":"has-post-thumbnail","6":"product_cat-roba-na-akciji","7":"product_cat-dewalt-dewalt","9":"first","10":"instock","11":"sale","12":"shipping-taxable","13":"purchasable","14":"product-type-simple"},"_links":{"self":[{"href":"https:\/\/amd-bl.website\/index.php?rest_route=\/wp\/v2\/product\/19180","targetHints":{"allow":["GET"]}}],"collection":[{"href":"https:\/\/amd-bl.website\/index.php?rest_route=\/wp\/v2\/product"}],"about":[{"href":"https:\/\/amd-bl.website\/index.php?rest_route=\/wp\/v2\/types\/product"}],"replies":[{"embeddable":true,"href":"https:\/\/amd-bl.website\/index.php?rest_route=%2Fwp%2Fv2%2Fcomments&post=19180"}],"wp:featuredmedia":[{"embeddable":true,"href":"https:\/\/amd-bl.website\/index.php?rest_route=\/wp\/v2\/media\/19181"}],"wp:attachment":[{"href":"https:\/\/amd-bl.website\/index.php?rest_route=%2Fwp%2Fv2%2Fmedia&parent=19180"}],"wp:term":[{"taxonomy":"product_brand","embeddable":true,"href":"https:\/\/amd-bl.website\/index.php?rest_route=%2Fwp%2Fv2%2Fproduct_brand&post=19180"},{"taxonomy":"product_cat","embeddable":true,"href":"https:\/\/amd-bl.website\/index.php?rest_route=%2Fwp%2Fv2%2Fproduct_cat&post=19180"},{"taxonomy":"product_tag","embeddable":true,"href":"https:\/\/amd-bl.website\/index.php?rest_route=%2Fwp%2Fv2%2Fproduct_tag&post=19180"}],"curies":[{"name":"wp","href":"https:\/\/api.w.org\/{rel}","templated":true}]}}