{"id":19142,"date":"2025-01-23T12:34:53","date_gmt":"2025-01-23T12:34:53","guid":{"rendered":"https:\/\/amd-bl.website\/?post_type=product&#038;p=19142"},"modified":"2025-08-21T10:33:10","modified_gmt":"2025-08-21T10:33:10","slug":"30102-strugac-stakla-600mm","status":"publish","type":"product","link":"https:\/\/amd-bl.website\/?product=30102-strugac-stakla-600mm","title":{"rendered":"30102 Struga\u010d stakla 600mm"},"content":{"rendered":"<p>LOK:B3<br \/>\nEAN:6933528730507<\/p>\n<p>\u2022 Aluminijumska glava reza\u010da sa srebrnom bojom<br \/>\n\u2022 SK5 o\u0161trica: 100x18x0.5mm<br \/>\n\u2022 O\u0161trica se mo\u017ee zamijeniti sa TOLSEN 30011<br \/>\n\u2022 \u010celi\u010dna cijev sa mekom ru\u010dkom<br \/>\n\u2022 Idealno za uklanjanje suve boje sa staklenih prozora,<br \/>\nstruganje tapeta i druge sli\u010dne primjene<br \/>\n\u2022 Pakovanje: dupli blister<\/p>\n","protected":false},"excerpt":{"rendered":"<p>LOK:B3 EAN:6933528730507 \u2022 Aluminijumska glava reza\u010da sa srebrnom bojom \u2022 SK5 o\u0161trica: 100x18x0.5mm \u2022 O\u0161trica se mo\u017ee zamijeniti sa TOLSEN 30011 \u2022 \u010celi\u010dna cijev sa mekom ru\u010dkom \u2022 Idealno za uklanjanje suve boje sa staklenih prozora, struganje tapeta i druge sli\u010dne primjene \u2022 Pakovanje: dupli blister<\/p>\n","protected":false},"featured_media":19141,"comment_status":"open","ping_status":"closed","template":"","meta":{"pagelayer_contact_templates":[],"_pagelayer_content":""},"product_brand":[],"product_cat":[161],"product_tag":[],"class_list":{"0":"post-19142","1":"product","2":"type-product","3":"status-publish","4":"has-post-thumbnail","6":"product_cat-rezni-alati","8":"first","9":"instock","10":"shipping-taxable","11":"purchasable","12":"product-type-simple"},"_links":{"self":[{"href":"https:\/\/amd-bl.website\/index.php?rest_route=\/wp\/v2\/product\/19142","targetHints":{"allow":["GET"]}}],"collection":[{"href":"https:\/\/amd-bl.website\/index.php?rest_route=\/wp\/v2\/product"}],"about":[{"href":"https:\/\/amd-bl.website\/index.php?rest_route=\/wp\/v2\/types\/product"}],"replies":[{"embeddable":true,"href":"https:\/\/amd-bl.website\/index.php?rest_route=%2Fwp%2Fv2%2Fcomments&post=19142"}],"wp:featuredmedia":[{"embeddable":true,"href":"https:\/\/amd-bl.website\/index.php?rest_route=\/wp\/v2\/media\/19141"}],"wp:attachment":[{"href":"https:\/\/amd-bl.website\/index.php?rest_route=%2Fwp%2Fv2%2Fmedia&parent=19142"}],"wp:term":[{"taxonomy":"product_brand","embeddable":true,"href":"https:\/\/amd-bl.website\/index.php?rest_route=%2Fwp%2Fv2%2Fproduct_brand&post=19142"},{"taxonomy":"product_cat","embeddable":true,"href":"https:\/\/amd-bl.website\/index.php?rest_route=%2Fwp%2Fv2%2Fproduct_cat&post=19142"},{"taxonomy":"product_tag","embeddable":true,"href":"https:\/\/amd-bl.website\/index.php?rest_route=%2Fwp%2Fv2%2Fproduct_tag&post=19142"}],"curies":[{"name":"wp","href":"https:\/\/api.w.org\/{rel}","templated":true}]}}