{"id":19085,"date":"2025-01-16T17:22:32","date_gmt":"2025-01-16T17:22:32","guid":{"rendered":"https:\/\/amd-bl.website\/?post_type=product&#038;p=19085"},"modified":"2025-08-21T10:24:59","modified_gmt":"2025-08-21T10:24:59","slug":"41047-strugac-za-fuge-50x20x2-2-mm","status":"publish","type":"product","link":"https:\/\/amd-bl.website\/?product=41047-strugac-za-fuge-50x20x2-2-mm","title":{"rendered":"41047 Struga\u010d za fuge 50x20x2.2 mm"},"content":{"rendered":"<p>LOK:B3<br \/>\nEAN:6933528741381<\/p>\n<p>\u2022 Materijal: visokokvalitetna plastika i tvrdi metal,<br \/>\no\u0161trica u &#8220;dijamantskom stilu&#8221; poma\u017ee vam da uklonite fugu uz minimalan napor<br \/>\n\u2022 Ripa\u010d za fugiranje plo\u010dica ima zako\u0161enu glavu za uklanjanje fuge<br \/>\nsa te\u0161ko dostupnih mjesta do kojih ma\u0161ina ne mo\u017ee do\u0107i,<br \/>\njednostavan za kori\u0161tenje<br \/>\n\u2022 Ergonomska ru\u010dka: Ovo je prakti\u010dan mali alat za<br \/>\n\u010di\u0161\u0107enje stare fuge<br \/>\n\u2022 1 kom dodatnog no\u017ea mo\u017ee se lako zamijeniti i dr\u017eati vas<br \/>\ndok se posao ne zavr\u0161i.<br \/>\n\u2022 Pakovanje: blister kartica<\/p>\n","protected":false},"excerpt":{"rendered":"<p>LOK:B3 EAN:6933528741381 \u2022 Materijal: visokokvalitetna plastika i tvrdi metal, o\u0161trica u &#8220;dijamantskom stilu&#8221; poma\u017ee vam da uklonite fugu uz minimalan napor \u2022 Ripa\u010d za fugiranje plo\u010dica ima zako\u0161enu glavu za uklanjanje fuge sa te\u0161ko dostupnih mjesta do kojih ma\u0161ina ne mo\u017ee do\u0107i, jednostavan za kori\u0161tenje \u2022 Ergonomska ru\u010dka: Ovo je prakti\u010dan mali alat za \u010di\u0161\u0107enje [&hellip;]<\/p>\n","protected":false},"featured_media":19209,"comment_status":"open","ping_status":"closed","template":"","meta":{"pagelayer_contact_templates":[],"_pagelayer_content":""},"product_brand":[],"product_cat":[86],"product_tag":[],"class_list":{"0":"post-19085","1":"product","2":"type-product","3":"status-publish","4":"has-post-thumbnail","6":"product_cat-gradjevinsko-stolarski-alati","8":"first","9":"instock","10":"shipping-taxable","11":"purchasable","12":"product-type-simple"},"_links":{"self":[{"href":"https:\/\/amd-bl.website\/index.php?rest_route=\/wp\/v2\/product\/19085","targetHints":{"allow":["GET"]}}],"collection":[{"href":"https:\/\/amd-bl.website\/index.php?rest_route=\/wp\/v2\/product"}],"about":[{"href":"https:\/\/amd-bl.website\/index.php?rest_route=\/wp\/v2\/types\/product"}],"replies":[{"embeddable":true,"href":"https:\/\/amd-bl.website\/index.php?rest_route=%2Fwp%2Fv2%2Fcomments&post=19085"}],"wp:featuredmedia":[{"embeddable":true,"href":"https:\/\/amd-bl.website\/index.php?rest_route=\/wp\/v2\/media\/19209"}],"wp:attachment":[{"href":"https:\/\/amd-bl.website\/index.php?rest_route=%2Fwp%2Fv2%2Fmedia&parent=19085"}],"wp:term":[{"taxonomy":"product_brand","embeddable":true,"href":"https:\/\/amd-bl.website\/index.php?rest_route=%2Fwp%2Fv2%2Fproduct_brand&post=19085"},{"taxonomy":"product_cat","embeddable":true,"href":"https:\/\/amd-bl.website\/index.php?rest_route=%2Fwp%2Fv2%2Fproduct_cat&post=19085"},{"taxonomy":"product_tag","embeddable":true,"href":"https:\/\/amd-bl.website\/index.php?rest_route=%2Fwp%2Fv2%2Fproduct_tag&post=19085"}],"curies":[{"name":"wp","href":"https:\/\/api.w.org\/{rel}","templated":true}]}}