{"id":19055,"date":"2025-01-06T11:40:10","date_gmt":"2025-01-06T11:40:10","guid":{"rendered":"https:\/\/amd-bl.website\/?post_type=product&#038;p=19055"},"modified":"2025-03-20T11:31:17","modified_gmt":"2025-03-20T11:31:17","slug":"77546-rotaciona-zicana-cetka-25mm","status":"publish","type":"product","link":"https:\/\/amd-bl.website\/?product=77546-rotaciona-zicana-cetka-25mm","title":{"rendered":"77546 Rotaciona \u017ei\u010dana \u010detka 24mm"},"content":{"rendered":"<p>\u2022 Idealno za uklanjanje r\u0111e, boje i lakova sa metalnih povr\u0161ina<br \/>\n\u2022 Pre\u010dnik \u017eice: 0,3 mm<br \/>\n\u2022 Pre\u010dnik dr\u0161ke: 6,35 mm (1\/4\u201d)<br \/>\n\u2022 Pakuje se kliznom karticom<br \/>\nEAN: 6933528777359<\/p>\n","protected":false},"excerpt":{"rendered":"<p>\u2022 Idealno za uklanjanje r\u0111e, boje i lakova sa metalnih povr\u0161ina \u2022 Pre\u010dnik \u017eice: 0,3 mm \u2022 Pre\u010dnik dr\u0161ke: 6,35 mm (1\/4\u201d) \u2022 Pakuje se kliznom karticom EAN: 6933528777359<\/p>\n","protected":false},"featured_media":19056,"comment_status":"open","ping_status":"closed","template":"","meta":{"pagelayer_contact_templates":[],"_pagelayer_content":""},"product_brand":[],"product_cat":[101],"product_tag":[],"class_list":{"0":"post-19055","1":"product","2":"type-product","3":"status-publish","4":"has-post-thumbnail","6":"product_cat-rotacione-cetke-i-rezne-ploce","8":"first","9":"instock","10":"shipping-taxable","11":"purchasable","12":"product-type-simple"},"_links":{"self":[{"href":"https:\/\/amd-bl.website\/index.php?rest_route=\/wp\/v2\/product\/19055","targetHints":{"allow":["GET"]}}],"collection":[{"href":"https:\/\/amd-bl.website\/index.php?rest_route=\/wp\/v2\/product"}],"about":[{"href":"https:\/\/amd-bl.website\/index.php?rest_route=\/wp\/v2\/types\/product"}],"replies":[{"embeddable":true,"href":"https:\/\/amd-bl.website\/index.php?rest_route=%2Fwp%2Fv2%2Fcomments&post=19055"}],"wp:featuredmedia":[{"embeddable":true,"href":"https:\/\/amd-bl.website\/index.php?rest_route=\/wp\/v2\/media\/19056"}],"wp:attachment":[{"href":"https:\/\/amd-bl.website\/index.php?rest_route=%2Fwp%2Fv2%2Fmedia&parent=19055"}],"wp:term":[{"taxonomy":"product_brand","embeddable":true,"href":"https:\/\/amd-bl.website\/index.php?rest_route=%2Fwp%2Fv2%2Fproduct_brand&post=19055"},{"taxonomy":"product_cat","embeddable":true,"href":"https:\/\/amd-bl.website\/index.php?rest_route=%2Fwp%2Fv2%2Fproduct_cat&post=19055"},{"taxonomy":"product_tag","embeddable":true,"href":"https:\/\/amd-bl.website\/index.php?rest_route=%2Fwp%2Fv2%2Fproduct_tag&post=19055"}],"curies":[{"name":"wp","href":"https:\/\/api.w.org\/{rel}","templated":true}]}}