{"id":19022,"date":"2025-01-05T17:49:25","date_gmt":"2025-01-05T17:49:25","guid":{"rendered":"https:\/\/amd-bl.website\/?post_type=product&#038;p=19022"},"modified":"2025-03-28T20:10:18","modified_gmt":"2025-03-28T20:10:18","slug":"75451-hex-spic-ravni-17x280x25mm","status":"publish","type":"product","link":"https:\/\/amd-bl.website\/?product=75451-hex-spic-ravni-17x280x25mm","title":{"rendered":"75451 HEX Spic ravni 17x280x25mm"},"content":{"rendered":"<p>\u2022 Ku\u0107i\u0161te od hromiranog \u010delika<br \/>\n\u2022 Zavr\u0161na obrada peskarenjem<br \/>\n\u2022 Pakovanje: plasti\u010dna cijev sa etiketom u boji<\/p>\n","protected":false},"excerpt":{"rendered":"<p>\u2022 Ku\u0107i\u0161te od hromiranog \u010delika \u2022 Zavr\u0161na obrada peskarenjem \u2022 Pakovanje: plasti\u010dna cijev sa etiketom u boji<\/p>\n","protected":false},"featured_media":19023,"comment_status":"open","ping_status":"closed","template":"","meta":{"pagelayer_contact_templates":[],"_pagelayer_content":""},"product_brand":[],"product_cat":[101],"product_tag":[],"class_list":{"0":"post-19022","1":"product","2":"type-product","3":"status-publish","4":"has-post-thumbnail","6":"product_cat-rotacione-cetke-i-rezne-ploce","8":"first","9":"instock","10":"shipping-taxable","11":"purchasable","12":"product-type-simple"},"_links":{"self":[{"href":"https:\/\/amd-bl.website\/index.php?rest_route=\/wp\/v2\/product\/19022","targetHints":{"allow":["GET"]}}],"collection":[{"href":"https:\/\/amd-bl.website\/index.php?rest_route=\/wp\/v2\/product"}],"about":[{"href":"https:\/\/amd-bl.website\/index.php?rest_route=\/wp\/v2\/types\/product"}],"replies":[{"embeddable":true,"href":"https:\/\/amd-bl.website\/index.php?rest_route=%2Fwp%2Fv2%2Fcomments&post=19022"}],"wp:featuredmedia":[{"embeddable":true,"href":"https:\/\/amd-bl.website\/index.php?rest_route=\/wp\/v2\/media\/19023"}],"wp:attachment":[{"href":"https:\/\/amd-bl.website\/index.php?rest_route=%2Fwp%2Fv2%2Fmedia&parent=19022"}],"wp:term":[{"taxonomy":"product_brand","embeddable":true,"href":"https:\/\/amd-bl.website\/index.php?rest_route=%2Fwp%2Fv2%2Fproduct_brand&post=19022"},{"taxonomy":"product_cat","embeddable":true,"href":"https:\/\/amd-bl.website\/index.php?rest_route=%2Fwp%2Fv2%2Fproduct_cat&post=19022"},{"taxonomy":"product_tag","embeddable":true,"href":"https:\/\/amd-bl.website\/index.php?rest_route=%2Fwp%2Fv2%2Fproduct_tag&post=19022"}],"curies":[{"name":"wp","href":"https:\/\/api.w.org\/{rel}","templated":true}]}}