{"id":19000,"date":"2025-01-05T14:32:05","date_gmt":"2025-01-05T14:32:05","guid":{"rendered":"https:\/\/amd-bl.website\/?post_type=product&#038;p=19000"},"modified":"2025-03-20T11:12:25","modified_gmt":"2025-03-20T11:12:25","slug":"80128-radni-pojas","status":"publish","type":"product","link":"https:\/\/amd-bl.website\/?product=80128-radni-pojas","title":{"rendered":"80128 Radni pojas 86-134cm"},"content":{"rendered":"<p>\u2022 Pogodno za veli\u010dine struka 86-134cm (34\u2033-52.5\u2033)<br \/>\n\u2022 Neto te\u017eina: 365g<br \/>\n\u2022 Lagana udobna potpora struka \u2013 \u0161irina 3,5\u2033<br \/>\n\u2022 1680D dvoslojni PVC presvu\u010dena oksford tkanina, otporna na habanje, vodootporna, otporna na probijanje, s podstavom od pjene;<br \/>\n\u2022 Kop\u010da za zra\u010dno oko i repna kop\u010da su napravljeni od mesinga kako bi se sprije\u010dila r\u0111a.<br \/>\n\u2022 \u0160titnik za struk se mo\u017ee sklopiti i podesiti za osobe s razli\u010ditim veli\u010dinama struka. Opseg pode\u0161avanja 86-134cm<br \/>\n\u2022 Sistem za pri\u010dvr\u0161\u0107ivanje om\u010de za pojas dr\u017ei traku sigurno na mjestu<br \/>\n\u2022 Izdr\u017eljiva traka od 2 in\u010da sa metalnom kop\u010dom na valjcima<br \/>\n\u2022 Pakovanje: vje\u0161alica za papir sa skupljanjem<\/p>\n<p>EAN: 6933528780403<\/p>\n","protected":false},"excerpt":{"rendered":"<p>\u2022 Pogodno za veli\u010dine struka 86-134cm (34\u2033-52.5\u2033) \u2022 Neto te\u017eina: 365g \u2022 Lagana udobna potpora struka \u2013 \u0161irina 3,5\u2033 \u2022 1680D dvoslojni PVC presvu\u010dena oksford tkanina, otporna na habanje, vodootporna, otporna na probijanje, s podstavom od pjene; \u2022 Kop\u010da za zra\u010dno oko i repna kop\u010da su napravljeni od mesinga kako bi se sprije\u010dila r\u0111a. \u2022 [&hellip;]<\/p>\n","protected":false},"featured_media":19001,"comment_status":"open","ping_status":"closed","template":"","meta":{"pagelayer_contact_templates":[],"_pagelayer_content":""},"product_brand":[],"product_cat":[164],"product_tag":[],"class_list":{"0":"post-19000","1":"product","2":"type-product","3":"status-publish","4":"has-post-thumbnail","6":"product_cat-oprema-za-alate","8":"first","9":"instock","10":"shipping-taxable","11":"purchasable","12":"product-type-simple"},"_links":{"self":[{"href":"https:\/\/amd-bl.website\/index.php?rest_route=\/wp\/v2\/product\/19000","targetHints":{"allow":["GET"]}}],"collection":[{"href":"https:\/\/amd-bl.website\/index.php?rest_route=\/wp\/v2\/product"}],"about":[{"href":"https:\/\/amd-bl.website\/index.php?rest_route=\/wp\/v2\/types\/product"}],"replies":[{"embeddable":true,"href":"https:\/\/amd-bl.website\/index.php?rest_route=%2Fwp%2Fv2%2Fcomments&post=19000"}],"wp:featuredmedia":[{"embeddable":true,"href":"https:\/\/amd-bl.website\/index.php?rest_route=\/wp\/v2\/media\/19001"}],"wp:attachment":[{"href":"https:\/\/amd-bl.website\/index.php?rest_route=%2Fwp%2Fv2%2Fmedia&parent=19000"}],"wp:term":[{"taxonomy":"product_brand","embeddable":true,"href":"https:\/\/amd-bl.website\/index.php?rest_route=%2Fwp%2Fv2%2Fproduct_brand&post=19000"},{"taxonomy":"product_cat","embeddable":true,"href":"https:\/\/amd-bl.website\/index.php?rest_route=%2Fwp%2Fv2%2Fproduct_cat&post=19000"},{"taxonomy":"product_tag","embeddable":true,"href":"https:\/\/amd-bl.website\/index.php?rest_route=%2Fwp%2Fv2%2Fproduct_tag&post=19000"}],"curies":[{"name":"wp","href":"https:\/\/api.w.org\/{rel}","templated":true}]}}