{"id":18982,"date":"2025-01-05T11:40:46","date_gmt":"2025-01-05T11:40:46","guid":{"rendered":"https:\/\/amd-bl.website\/?post_type=product&#038;p=18982"},"modified":"2025-03-20T12:01:11","modified_gmt":"2025-03-20T12:01:11","slug":"43060-pistolj-za-pjenu","status":"publish","type":"product","link":"https:\/\/amd-bl.website\/?product=43060-pistolj-za-pjenu","title":{"rendered":"43060 Pistolj za pjenu"},"content":{"rendered":"<p>\u2022 Metalni tigger ku\u0107i\u0161te od legure aluminijuma<br \/>\n\u2022 Dizajn za te\u0161ke uslove rada.<br \/>\n\u2022 Igla od ner\u0111aju\u0107eg \u010delika<br \/>\n\u2022 Vijak za pode\u0161avanje omogu\u0107ava da pjena te\u010de te\u010dno<br \/>\n\u2022 Individualno testirano pritiskom zraka<br \/>\n\u2022 Pakovanje: kutija u boji<br \/>\nEAN: 6933528743286<\/p>\n","protected":false},"excerpt":{"rendered":"<p>\u2022 Metalni tigger ku\u0107i\u0161te od legure aluminijuma \u2022 Dizajn za te\u0161ke uslove rada. \u2022 Igla od ner\u0111aju\u0107eg \u010delika \u2022 Vijak za pode\u0161avanje omogu\u0107ava da pjena te\u010de te\u010dno \u2022 Individualno testirano pritiskom zraka \u2022 Pakovanje: kutija u boji EAN: 6933528743286<\/p>\n","protected":false},"featured_media":18981,"comment_status":"open","ping_status":"closed","template":"","meta":{"pagelayer_contact_templates":[],"_pagelayer_content":""},"product_brand":[],"product_cat":[86],"product_tag":[],"class_list":{"0":"post-18982","1":"product","2":"type-product","3":"status-publish","4":"has-post-thumbnail","6":"product_cat-gradjevinsko-stolarski-alati","8":"first","9":"instock","10":"shipping-taxable","11":"purchasable","12":"product-type-simple"},"_links":{"self":[{"href":"https:\/\/amd-bl.website\/index.php?rest_route=\/wp\/v2\/product\/18982","targetHints":{"allow":["GET"]}}],"collection":[{"href":"https:\/\/amd-bl.website\/index.php?rest_route=\/wp\/v2\/product"}],"about":[{"href":"https:\/\/amd-bl.website\/index.php?rest_route=\/wp\/v2\/types\/product"}],"replies":[{"embeddable":true,"href":"https:\/\/amd-bl.website\/index.php?rest_route=%2Fwp%2Fv2%2Fcomments&post=18982"}],"wp:featuredmedia":[{"embeddable":true,"href":"https:\/\/amd-bl.website\/index.php?rest_route=\/wp\/v2\/media\/18981"}],"wp:attachment":[{"href":"https:\/\/amd-bl.website\/index.php?rest_route=%2Fwp%2Fv2%2Fmedia&parent=18982"}],"wp:term":[{"taxonomy":"product_brand","embeddable":true,"href":"https:\/\/amd-bl.website\/index.php?rest_route=%2Fwp%2Fv2%2Fproduct_brand&post=18982"},{"taxonomy":"product_cat","embeddable":true,"href":"https:\/\/amd-bl.website\/index.php?rest_route=%2Fwp%2Fv2%2Fproduct_cat&post=18982"},{"taxonomy":"product_tag","embeddable":true,"href":"https:\/\/amd-bl.website\/index.php?rest_route=%2Fwp%2Fv2%2Fproduct_tag&post=18982"}],"curies":[{"name":"wp","href":"https:\/\/api.w.org\/{rel}","templated":true}]}}