{"id":18973,"date":"2025-01-05T11:25:19","date_gmt":"2025-01-05T11:25:19","guid":{"rendered":"https:\/\/amd-bl.website\/?post_type=product&#038;p=18973"},"modified":"2026-03-31T17:27:28","modified_gmt":"2026-03-31T17:27:28","slug":"33040-alat-za-modeliranje-cijevi","status":"publish","type":"product","link":"https:\/\/amd-bl.website\/?product=33040-alat-za-modeliranje-cijevi","title":{"rendered":"33040 Alat za modeliranje cijevi"},"content":{"rendered":"","protected":false},"excerpt":{"rendered":"<p>EAN:6933528733188<\/p>\n<p>\u2022 1 kom konus za \u0161irenje, ugao 45 stepeni, uglji\u010dni \u010delik sa termi\u010dkom obradom,<br \/>\nhromiran<br \/>\n\u2022 1 kom \u0161ipka za \u0161irenje, #45 uglji\u010dni \u010delik, oblo\u017een prahom<br \/>\n\u2022 Za pro\u0161irenje 7 adaptera veli\u010dina: 5\/8\u2033, 3\/16\u2033, 1\/4\u2033, 5 \/16\u2033,<br \/>\n3\/8\u2033, 7\/16\u2033, 1\/2\u2033 (4,6,8,10,12,14,16mm)<br \/>\n\u2022 Pocin\u010dana povr\u0161ina za spre\u010davanje r\u0111e<br \/>\n\u2022 Kreirajte precizne \u0161iljke od 45 stepeni u<br \/>\ncevima od mekog bakra, mesinga, aluminijuma i mekog \u010delika<br \/>\n\u2022 Pakovanje: blister kartica<\/p>\n","protected":false},"featured_media":18974,"comment_status":"open","ping_status":"closed","template":"","meta":{"pagelayer_contact_templates":[],"_pagelayer_content":""},"product_brand":[176],"product_cat":[163],"product_tag":[],"class_list":{"0":"post-18973","1":"product","2":"type-product","3":"status-publish","4":"has-post-thumbnail","6":"product_brand-rucni-alati","7":"product_cat-vodoinstalaterski-alat","9":"first","10":"instock","11":"shipping-taxable","12":"purchasable","13":"product-type-simple"},"_links":{"self":[{"href":"https:\/\/amd-bl.website\/index.php?rest_route=\/wp\/v2\/product\/18973","targetHints":{"allow":["GET"]}}],"collection":[{"href":"https:\/\/amd-bl.website\/index.php?rest_route=\/wp\/v2\/product"}],"about":[{"href":"https:\/\/amd-bl.website\/index.php?rest_route=\/wp\/v2\/types\/product"}],"replies":[{"embeddable":true,"href":"https:\/\/amd-bl.website\/index.php?rest_route=%2Fwp%2Fv2%2Fcomments&post=18973"}],"wp:featuredmedia":[{"embeddable":true,"href":"https:\/\/amd-bl.website\/index.php?rest_route=\/wp\/v2\/media\/18974"}],"wp:attachment":[{"href":"https:\/\/amd-bl.website\/index.php?rest_route=%2Fwp%2Fv2%2Fmedia&parent=18973"}],"wp:term":[{"taxonomy":"product_brand","embeddable":true,"href":"https:\/\/amd-bl.website\/index.php?rest_route=%2Fwp%2Fv2%2Fproduct_brand&post=18973"},{"taxonomy":"product_cat","embeddable":true,"href":"https:\/\/amd-bl.website\/index.php?rest_route=%2Fwp%2Fv2%2Fproduct_cat&post=18973"},{"taxonomy":"product_tag","embeddable":true,"href":"https:\/\/amd-bl.website\/index.php?rest_route=%2Fwp%2Fv2%2Fproduct_tag&post=18973"}],"curies":[{"name":"wp","href":"https:\/\/api.w.org\/{rel}","templated":true}]}}