{"id":18759,"date":"2024-08-18T07:53:40","date_gmt":"2024-08-18T07:53:40","guid":{"rendered":"https:\/\/amd-bl.website\/?post_type=product&#038;p=18759"},"modified":"2025-08-21T10:37:51","modified_gmt":"2025-08-21T10:37:51","slug":"80125-torbica-za-alat-125x120x250mm","status":"publish","type":"product","link":"https:\/\/amd-bl.website\/?product=80125-torbica-za-alat-125x120x250mm","title":{"rendered":"80125 Torbica za alat 125x120x250mm"},"content":{"rendered":"<p>LOK:C1<br \/>\nEAN: 6933528780397<\/p>\n<p>\u2022 Sa 13 d\u017eepova i petlji<br \/>\n\u2022 1680D dvoslojni PVC oblo\u017een materijal, otporan na habanje, vodootporan, otporan na bu\u0161enje<br \/>\n\u2022 Opremljen kop\u010dom za zaklju\u010davanje kako bi se sprije\u010dilo da bu\u0161ilica ispadne sa vre\u0107ice za pohranu vijaka<br \/>\n\u2022 Univerzalni komplet remena \u2013 uklju\u010duje \u010delik od 1\u2033 kop\u010de za kai\u0161 i 2\u2033 tunelske om\u010de za kai\u0161<br \/>\n\u2022 Pakovanje: vje\u0161alica za papir<\/p>\n","protected":false},"excerpt":{"rendered":"<p>LOK:C1 EAN: 6933528780397 \u2022 Sa 13 d\u017eepova i petlji \u2022 1680D dvoslojni PVC oblo\u017een materijal, otporan na habanje, vodootporan, otporan na bu\u0161enje \u2022 Opremljen kop\u010dom za zaklju\u010davanje kako bi se sprije\u010dilo da bu\u0161ilica ispadne sa vre\u0107ice za pohranu vijaka \u2022 Univerzalni komplet remena \u2013 uklju\u010duje \u010delik od 1\u2033 kop\u010de za kai\u0161 i 2\u2033 tunelske om\u010de [&hellip;]<\/p>\n","protected":false},"featured_media":18760,"comment_status":"open","ping_status":"closed","template":"","meta":{"pagelayer_contact_templates":[],"_pagelayer_content":""},"product_brand":[],"product_cat":[164],"product_tag":[],"class_list":{"0":"post-18759","1":"product","2":"type-product","3":"status-publish","4":"has-post-thumbnail","6":"product_cat-oprema-za-alate","8":"first","9":"instock","10":"shipping-taxable","11":"purchasable","12":"product-type-simple"},"_links":{"self":[{"href":"https:\/\/amd-bl.website\/index.php?rest_route=\/wp\/v2\/product\/18759","targetHints":{"allow":["GET"]}}],"collection":[{"href":"https:\/\/amd-bl.website\/index.php?rest_route=\/wp\/v2\/product"}],"about":[{"href":"https:\/\/amd-bl.website\/index.php?rest_route=\/wp\/v2\/types\/product"}],"replies":[{"embeddable":true,"href":"https:\/\/amd-bl.website\/index.php?rest_route=%2Fwp%2Fv2%2Fcomments&post=18759"}],"wp:featuredmedia":[{"embeddable":true,"href":"https:\/\/amd-bl.website\/index.php?rest_route=\/wp\/v2\/media\/18760"}],"wp:attachment":[{"href":"https:\/\/amd-bl.website\/index.php?rest_route=%2Fwp%2Fv2%2Fmedia&parent=18759"}],"wp:term":[{"taxonomy":"product_brand","embeddable":true,"href":"https:\/\/amd-bl.website\/index.php?rest_route=%2Fwp%2Fv2%2Fproduct_brand&post=18759"},{"taxonomy":"product_cat","embeddable":true,"href":"https:\/\/amd-bl.website\/index.php?rest_route=%2Fwp%2Fv2%2Fproduct_cat&post=18759"},{"taxonomy":"product_tag","embeddable":true,"href":"https:\/\/amd-bl.website\/index.php?rest_route=%2Fwp%2Fv2%2Fproduct_tag&post=18759"}],"curies":[{"name":"wp","href":"https:\/\/api.w.org\/{rel}","templated":true}]}}